{"id":532,"date":"2015-08-05T16:57:33","date_gmt":"2015-08-05T16:57:33","guid":{"rendered":"http:\/\/demo.cmssuperheroes.com\/themeforest\/wp-haswell\/?page_id=532"},"modified":"2019-04-16T04:38:53","modified_gmt":"2019-04-16T04:38:53","slug":"maintenance-page","status":"publish","type":"page","link":"http:\/\/nicolasdescoteaux.com\/?page_id=532","title":{"rendered":"Maintenance page"},"content":{"rendered":"<div class=\"wpb-content-wrapper\"><p>[vc_row css=&#8221;.vc_custom_1441007026946{padding-top: 200px !important;padding-bottom: 150px !important;}&#8221;][vc_column][cms_fancybox_single icon_type=&#8221;elegant&#8221; title_item=&#8221;D\u00c9SOL\u00c9!&#8221; cms_fancybox_subtitle=&#8221;SITE EN CONSTRUCTION&#8221; icon_elegant=&#8221;icon_tools&#8221; button_type=&#8221;text&#8221; button_link=&#8221;mailto:nico@nicolasdescoteaux.com&#8221; button_text=&#8221;nico@nicolasdescoteaux.com&#8221; icon_size=&#8221;175px&#8221; icon_color=&#8221;#7e8082&#8243; title_color=&#8221;#4b4e53&#8243; title_size=&#8221;70px&#8221; sub_title=&#8221;SERVER MAINTENANCE&#8221; sub_title_color=&#8221;#4b4e53&#8243; sub_title_size=&#8221;28px&#8221; text_color=&#8221;#7e8082&#8243; font_weight=&#8221;&#8221; title_uppercase=&#8221;&#8221; description_item=&#8221;Cette page est pr\u00e9sentement en construction en vue d&#8217;am\u00e9liorer ce site n&#8217;est pas donc pas disponible pour le moment. Elle sera bient\u00f4t en ligne. D\u00e9sol\u00e9 des frustrations que cela peut vous apporter et revenez voir plus tard lorsque le site sera compl\u00e9t\u00e9. Merci de votre compr\u00e9hension. &#8221; cms_template=&#8221;cms_fancybox_single&#8211;maintenance.php&#8221;][\/vc_column][\/vc_row]<\/p>\n<\/div>","protected":false},"excerpt":{"rendered":"<p>[vc_row css=&#8221;.vc_custom_1441007026946{padding-top: 200px !important;padding-bottom: 150px !important;}&#8221;][vc_column][cms_fancybox_single icon_type=&#8221;elegant&#8221; title_item=&#8221;D\u00c9SOL\u00c9!&#8221; cms_fancybox_subtitle=&#8221;SITE EN CONSTRUCTION&#8221; icon_elegant=&#8221;icon_tools&#8221; button_type=&#8221;text&#8221; button_link=&#8221;mailto:nico@nicolasdescoteaux.com&#8221; button_text=&#8221;nico@nicolasdescoteaux.com&#8221; icon_size=&#8221;175px&#8221; icon_color=&#8221;#7e8082&#8243; title_color=&#8221;#4b4e53&#8243; title_size=&#8221;70px&#8221; sub_title=&#8221;SERVER MAINTENANCE&#8221; sub_title_color=&#8221;#4b4e53&#8243; sub_title_size=&#8221;28px&#8221; text_color=&#8221;#7e8082&#8243; font_weight=&#8221;&#8221;<\/p>\n","protected":false},"author":1,"featured_media":0,"parent":343,"menu_order":0,"comment_status":"closed","ping_status":"closed","template":"","meta":[],"_links":{"self":[{"href":"http:\/\/nicolasdescoteaux.com\/index.php?rest_route=\/wp\/v2\/pages\/532"}],"collection":[{"href":"http:\/\/nicolasdescoteaux.com\/index.php?rest_route=\/wp\/v2\/pages"}],"about":[{"href":"http:\/\/nicolasdescoteaux.com\/index.php?rest_route=\/wp\/v2\/types\/page"}],"author":[{"embeddable":true,"href":"http:\/\/nicolasdescoteaux.com\/index.php?rest_route=\/wp\/v2\/users\/1"}],"replies":[{"embeddable":true,"href":"http:\/\/nicolasdescoteaux.com\/index.php?rest_route=%2Fwp%2Fv2%2Fcomments&post=532"}],"version-history":[{"count":2,"href":"http:\/\/nicolasdescoteaux.com\/index.php?rest_route=\/wp\/v2\/pages\/532\/revisions"}],"predecessor-version":[{"id":4891,"href":"http:\/\/nicolasdescoteaux.com\/index.php?rest_route=\/wp\/v2\/pages\/532\/revisions\/4891"}],"up":[{"embeddable":true,"href":"http:\/\/nicolasdescoteaux.com\/index.php?rest_route=\/wp\/v2\/pages\/343"}],"wp:attachment":[{"href":"http:\/\/nicolasdescoteaux.com\/index.php?rest_route=%2Fwp%2Fv2%2Fmedia&parent=532"}],"curies":[{"name":"wp","href":"https:\/\/api.w.org\/{rel}","templated":true}]}}