{"id":5093,"date":"2020-02-12T21:00:20","date_gmt":"2020-02-12T21:00:20","guid":{"rendered":"http:\/\/nicolasdescoteaux.com\/?page_id=5093"},"modified":"2020-02-12T21:05:53","modified_gmt":"2020-02-12T21:05:53","slug":"2-faust","status":"publish","type":"page","link":"http:\/\/nicolasdescoteaux.com\/?page_id=5093","title":{"rendered":"2- Faust"},"content":{"rendered":"<div class=\"wpb-content-wrapper\"><p>[vc_row][vc_column][vc_gallery type=&#8221;flexslider_slide&#8221; interval=&#8221;0&#8243; images=&#8221;5084&#8243; img_size=&#8221;full&#8221; onclick=&#8221;&#8221; css_animation=&#8221;slideInDown&#8221;][\/vc_column][\/vc_row][vc_row][vc_column][vc_custom_heading text=&#8221;FAUST |GOUNOD&#8221; font_container=&#8221;tag:h1|text_align:left&#8221; use_theme_fonts=&#8221;yes&#8221; css_animation=&#8221;cms_animate wow slideInRight&#8221; cms_custom_headding_type=&#8221;heading-borderleft-textbold&#8221;][\/vc_column][\/vc_row][vc_row row_mask_bg=&#8221;&#8221; row_arrow=&#8221;&#8221; css=&#8221;.vc_custom_1518409839979{padding-top: 30px !important;}&#8221;][vc_column width=&#8221;1\/2&#8243;][vc_column_text css=&#8221;.vc_custom_1581541124123{padding-left: 30px !important;}&#8221;]<strong>Musique :<\/strong>\u00a0Charles Gounod<\/p>\n<p><strong>Livret :<\/strong> Jules Barbier et Michel Carr\u00e9<\/p>\n<p><strong>Direction musicale :<\/strong><\/p>\n<p>&nbsp;<\/p>\n<p><strong>Mise en sc\u00e8ne :<\/strong><\/p>\n<p><strong>Sc\u00e9nographie :\u00a0<\/strong><\/p>\n<p><strong>Costumes :\u00a0<\/strong><\/p>\n<p><strong>Lumi\u00e8res :<\/strong> Nicolas Desc\u00f4teaux<\/p>\n<p><strong>Vid\u00e9o :<\/strong><\/p>\n<p><strong>Photos :<\/strong> \u00a9 Nicolas Desc\u00f4teaux<\/p>\n<p>&nbsp;<\/p>\n<p><strong>PRODUCTION :<\/strong> OP\u00c9RA DE LIMOGES, 2020[\/vc_column_text][\/vc_column][vc_column width=&#8221;1\/2&#8243;][vc_custom_heading text=&#8221;Description | Synopsis&#8221; font_container=&#8221;tag:h3|text_align:left&#8221; use_theme_fonts=&#8221;yes&#8221;][vc_column_text]<i><b>Faust<\/b><\/i> est un <a title=\"Op\u00e9ra\" href=\"https:\/\/fr.wikipedia.org\/wiki\/Op%C3%A9ra\">op\u00e9ra<\/a> en cinq actes de <a title=\"Charles Gounod\" href=\"https:\/\/fr.wikipedia.org\/wiki\/Charles_Gounod\">Charles Gounod<\/a>, sur un livret de <a title=\"Jules Barbier\" href=\"https:\/\/fr.wikipedia.org\/wiki\/Jules_Barbier\">Jules Barbier<\/a> et <a title=\"Michel Carr\u00e9 (librettiste)\" href=\"https:\/\/fr.wikipedia.org\/wiki\/Michel_Carr%C3%A9_(librettiste)\">Michel Carr\u00e9<\/a>, fond\u00e9 sur la <a title=\"Faust\" href=\"https:\/\/fr.wikipedia.org\/wiki\/Faust\">l\u00e9gende \u00e9ponyme<\/a> et la <a title=\"Faust (Goethe)\" href=\"https:\/\/fr.wikipedia.org\/wiki\/Faust_(Goethe)\">pi\u00e8ce<\/a> de <a title=\"Johann Wolfgang von Goethe\" href=\"https:\/\/fr.wikipedia.org\/wiki\/Johann_Wolfgang_von_Goethe\">Goethe<\/a>, cr\u00e9\u00e9 au <a class=\"mw-redirect\" title=\"Th\u00e9\u00e2tre Lyrique\" href=\"https:\/\/fr.wikipedia.org\/wiki\/Th%C3%A9%C3%A2tre_Lyrique\">Th\u00e9\u00e2tre Lyrique<\/a> le <time class=\"nowrap\" datetime=\"1859-03-19\" data-sort-value=\"1859-03-19\">19 mars 1859<\/time>.<\/p>\n<p>\u0152uvre la plus connue de Charles Gounod, <i>Faust<\/i> a connu, d\u00e8s ses d\u00e9buts, un grand succ\u00e8s. C&#8217;est probablement, avec <i><a title=\"Carmen (op\u00e9ra)\" href=\"https:\/\/fr.wikipedia.org\/wiki\/Carmen_(op%C3%A9ra)\">Carmen<\/a><\/i> de <a title=\"Georges Bizet\" href=\"https:\/\/fr.wikipedia.org\/wiki\/Georges_Bizet\">Georges Bizet<\/a>, l&#8217;op\u00e9ra fran\u00e7ais le plus connu au monde. Jou\u00e9 \u00e0 de multiples reprises dans de nombreux pays, <i>Faust<\/i> est \u00e0 l&#8217;origine de nombreuses r\u00e9f\u00e9rences dans la <a title=\"Culture populaire\" href=\"https:\/\/fr.wikipedia.org\/wiki\/Culture_populaire\">culture populaire<\/a>[\/vc_column_text][\/vc_column][\/vc_row][vc_row row_mask_bg=&#8221;&#8221; row_arrow=&#8221;&#8221; css=&#8221;.vc_custom_1518423354950{padding-top: 40px !important;}&#8221;][vc_column][vc_text_separator title=&#8221;PRESSE&#8221;][\/vc_column][\/vc_row][vc_row][vc_column][vc_column_text css=&#8221;.vc_custom_1581541549881{padding-top: 20px !important;padding-bottom: 20px !important;}&#8221;][\/vc_column_text][\/vc_column][\/vc_row]<\/p>\n<\/div>","protected":false},"excerpt":{"rendered":"<p>[vc_row][vc_column][vc_gallery type=&#8221;flexslider_slide&#8221; interval=&#8221;0&#8243; images=&#8221;5084&#8243; img_size=&#8221;full&#8221; onclick=&#8221;&#8221; css_animation=&#8221;slideInDown&#8221;][\/vc_column][\/vc_row][vc_row][vc_column][vc_custom_heading text=&#8221;FAUST |GOUNOD&#8221; font_container=&#8221;tag:h1|text_align:left&#8221; use_theme_fonts=&#8221;yes&#8221; css_animation=&#8221;cms_animate wow slideInRight&#8221; cms_custom_headding_type=&#8221;heading-borderleft-textbold&#8221;][\/vc_column][\/vc_row][vc_row row_mask_bg=&#8221;&#8221; row_arrow=&#8221;&#8221; css=&#8221;.vc_custom_1518409839979{padding-top: 30px !important;}&#8221;][vc_column width=&#8221;1\/2&#8243;][vc_column_text css=&#8221;.vc_custom_1581541124123{padding-left: 30px !important;}&#8221;]Musique :\u00a0Charles<\/p>\n","protected":false},"author":1,"featured_media":0,"parent":3290,"menu_order":0,"comment_status":"closed","ping_status":"closed","template":"","meta":[],"_links":{"self":[{"href":"http:\/\/nicolasdescoteaux.com\/index.php?rest_route=\/wp\/v2\/pages\/5093"}],"collection":[{"href":"http:\/\/nicolasdescoteaux.com\/index.php?rest_route=\/wp\/v2\/pages"}],"about":[{"href":"http:\/\/nicolasdescoteaux.com\/index.php?rest_route=\/wp\/v2\/types\/page"}],"author":[{"embeddable":true,"href":"http:\/\/nicolasdescoteaux.com\/index.php?rest_route=\/wp\/v2\/users\/1"}],"replies":[{"embeddable":true,"href":"http:\/\/nicolasdescoteaux.com\/index.php?rest_route=%2Fwp%2Fv2%2Fcomments&post=5093"}],"version-history":[{"count":2,"href":"http:\/\/nicolasdescoteaux.com\/index.php?rest_route=\/wp\/v2\/pages\/5093\/revisions"}],"predecessor-version":[{"id":5097,"href":"http:\/\/nicolasdescoteaux.com\/index.php?rest_route=\/wp\/v2\/pages\/5093\/revisions\/5097"}],"up":[{"embeddable":true,"href":"http:\/\/nicolasdescoteaux.com\/index.php?rest_route=\/wp\/v2\/pages\/3290"}],"wp:attachment":[{"href":"http:\/\/nicolasdescoteaux.com\/index.php?rest_route=%2Fwp%2Fv2%2Fmedia&parent=5093"}],"curies":[{"name":"wp","href":"https:\/\/api.w.org\/{rel}","templated":true}]}}