{"id":5087,"date":"2020-02-12T20:41:43","date_gmt":"2020-02-12T20:41:43","guid":{"rendered":"http:\/\/nicolasdescoteaux.com\/?page_id=5087"},"modified":"2020-02-12T20:49:25","modified_gmt":"2020-02-12T20:49:25","slug":"2-bains-macabres","status":"publish","type":"page","link":"http:\/\/nicolasdescoteaux.com\/?page_id=5087","title":{"rendered":"2- Bains Macabres"},"content":{"rendered":"<div class=\"wpb-content-wrapper\"><p>[vc_row][vc_column][vc_gallery type=&#8221;flexslider_slide&#8221; interval=&#8221;0&#8243; images=&#8221;5057,5080,5079,5078,5077,5076,5075,5074,5073,5072,5071,5070,5069,5068,5067,5066,5065,5064,5063,5062,5061,5060,5059,5058&#8243; img_size=&#8221;full&#8221; onclick=&#8221;&#8221; css_animation=&#8221;slideInDown&#8221;][\/vc_column][\/vc_row][vc_row][vc_column][vc_custom_heading text=&#8221;LES |BAINS MACABRES&#8221; font_container=&#8221;tag:h1|text_align:left&#8221; use_theme_fonts=&#8221;yes&#8221; css_animation=&#8221;cms_animate wow slideInRight&#8221; cms_custom_headding_type=&#8221;heading-borderleft-textbold&#8221;][\/vc_column][\/vc_row][vc_row row_mask_bg=&#8221;&#8221; row_arrow=&#8221;&#8221; css=&#8221;.vc_custom_1518409839979{padding-top: 30px !important;}&#8221;][vc_column width=&#8221;1\/2&#8243;][vc_column_text css=&#8221;.vc_custom_1581540470553{padding-left: 30px !important;}&#8221;]<strong>Musique :<\/strong> <span class=\"text_exposed_show\"> Guillaume Connesson<\/span><\/p>\n<p><strong>Livret :<\/strong> <span class=\"text_exposed_show\">Olivier Bleys<\/span><\/p>\n<p><strong>Direction Musicale:<\/strong> <span class=\"text_exposed_show\">Arie van Beek<\/span><\/p>\n<p><span class=\"text_exposed_show\"><strong>Orchestre\u00a0:<\/strong> Les Frivolit\u00e9s Parisiennes<\/span><\/p>\n<p><span class=\"text_exposed_show\"><strong>Ch\u0153ur de chambre :<\/strong> Les \u00e9l\u00e9ments<\/span><\/p>\n<p><span class=\"text_exposed_show\"><strong>Chef de chant :<\/strong> Nicolas Chesneau<\/span><\/p>\n<p><span class=\"text_exposed_show\"><strong>Chef de ch\u0153ur :<\/strong> Jo\u00ebl Suhubiette<\/span><\/p>\n<p>&nbsp;<\/p>\n<p><strong>Mise en sc\u00e8ne :<\/strong>\u00a0Florent Siaud<\/p>\n<p><strong>Sc\u00e9nographie et costumes :\u00a0<\/strong>Philippe Miesch<\/p>\n<p><strong>Lumi\u00e8res :<\/strong> Nicolas Desc\u00f4teaux<\/p>\n<p><strong>Vid\u00e9o :<\/strong> Thomas Isra\u00ebl<\/p>\n<p><strong>Maquillage &amp; coiffure<\/strong> : Fanny Jakubowicz<\/p>\n<p><strong>Assistance \u00e0 la mise en sc\u00e8ne :<\/strong> Jane Piot<\/p>\n<p><strong>Photos :<\/strong> \u00a9 Nicolas Desc\u00f4teaux<\/p>\n<p>&nbsp;<\/p>\n<p><span class=\"text_exposed_show\">Avec Sandrine Buendia, : C\u00e9lia Verdier<br \/>\nRomain Dayez : Math\u00e9o<br \/>\nFabien Hyon : Nestor Gobineau<br \/>\nAnna Destra\u00ebl : Miranda Joule<br \/>\nGeoffroy Buffi\u00e8re : Prosper Lampon<br \/>\nNicolas Certenais : Aristide<br \/>\nJ\u00e9r\u00e9mie Brocard, Benjamin Mayenobe, Benoit-Jo Beno\u00eet-Joseph Meier : Trois curistes<\/span><\/p>\n<p>&nbsp;<\/p>\n<p><strong>PRODUCTION :<\/strong> Th\u00e9\u00e2tre Imp\u00e9rial de Compi\u00e8gne,Les frivolit\u00e9s Parisiennes, Th\u00e9\u00e2tre de l&#8217;Ath\u00e9n\u00e9e, Paris[\/vc_column_text][\/vc_column][vc_column width=&#8221;1\/2&#8243;][vc_custom_heading text=&#8221;Description | Synopsis&#8221; font_container=&#8221;tag:h3|text_align:left&#8221; use_theme_fonts=&#8221;yes&#8221;][vc_column_text]Crise cardiaque, s\u00e9ance de spiritisme, coups de feu\u2026<\/p>\n<p>La mort r\u00f4de aux Bains Terminus o\u00f9 il ne fait pas bon \u00eatrecuriste ! Deux policiers m\u00e8nent l\u2019enqu\u00eate dans cet \u00e9tablissement thermal o\u00f9 la fronti\u00e8re entre le monde des vivants et des\u00a0morts s\u2019av\u00e8re tr\u00e8s poreuse.<\/p>\n<p>&nbsp;<\/p>\n<p>Cette farce polici\u00e8re et fantastique, imagin\u00e9e par le compositeur Guillaume Connesson et l\u2019\u00e9crivain Olivier Bleys, sera donn\u00e9e en cr\u00e9ation mondiale par le Th\u00e9\u00e2tre Imp\u00e9rial et Les Frivolit\u00e9s Parisiennes dans une mise en sc\u00e8ne de Florent Siaud.[\/vc_column_text][\/vc_column][\/vc_row][vc_row row_mask_bg=&#8221;&#8221; row_arrow=&#8221;&#8221; css=&#8221;.vc_custom_1518423354950{padding-top: 40px !important;}&#8221;][vc_column][vc_text_separator title=&#8221;PRESSE&#8221;][\/vc_column][\/vc_row][vc_row][vc_column][vc_column_text css=&#8221;.vc_custom_1581540098392{padding-top: 20px !important;padding-bottom: 20px !important;}&#8221;][\/vc_column_text][\/vc_column][\/vc_row]<\/p>\n<\/div>","protected":false},"excerpt":{"rendered":"<p>[vc_row][vc_column][vc_gallery type=&#8221;flexslider_slide&#8221; interval=&#8221;0&#8243; images=&#8221;5057,5080,5079,5078,5077,5076,5075,5074,5073,5072,5071,5070,5069,5068,5067,5066,5065,5064,5063,5062,5061,5060,5059,5058&#8243; img_size=&#8221;full&#8221; onclick=&#8221;&#8221; css_animation=&#8221;slideInDown&#8221;][\/vc_column][\/vc_row][vc_row][vc_column][vc_custom_heading text=&#8221;LES |BAINS MACABRES&#8221; font_container=&#8221;tag:h1|text_align:left&#8221; use_theme_fonts=&#8221;yes&#8221; css_animation=&#8221;cms_animate wow slideInRight&#8221; cms_custom_headding_type=&#8221;heading-borderleft-textbold&#8221;][\/vc_column][\/vc_row][vc_row row_mask_bg=&#8221;&#8221; row_arrow=&#8221;&#8221; css=&#8221;.vc_custom_1518409839979{padding-top: 30px !important;}&#8221;][vc_column width=&#8221;1\/2&#8243;][vc_column_text css=&#8221;.vc_custom_1581540470553{padding-left: 30px !important;}&#8221;]Musique<\/p>\n","protected":false},"author":1,"featured_media":0,"parent":3290,"menu_order":0,"comment_status":"closed","ping_status":"closed","template":"","meta":[],"_links":{"self":[{"href":"http:\/\/nicolasdescoteaux.com\/index.php?rest_route=\/wp\/v2\/pages\/5087"}],"collection":[{"href":"http:\/\/nicolasdescoteaux.com\/index.php?rest_route=\/wp\/v2\/pages"}],"about":[{"href":"http:\/\/nicolasdescoteaux.com\/index.php?rest_route=\/wp\/v2\/types\/page"}],"author":[{"embeddable":true,"href":"http:\/\/nicolasdescoteaux.com\/index.php?rest_route=\/wp\/v2\/users\/1"}],"replies":[{"embeddable":true,"href":"http:\/\/nicolasdescoteaux.com\/index.php?rest_route=%2Fwp%2Fv2%2Fcomments&post=5087"}],"version-history":[{"count":3,"href":"http:\/\/nicolasdescoteaux.com\/index.php?rest_route=\/wp\/v2\/pages\/5087\/revisions"}],"predecessor-version":[{"id":5091,"href":"http:\/\/nicolasdescoteaux.com\/index.php?rest_route=\/wp\/v2\/pages\/5087\/revisions\/5091"}],"up":[{"embeddable":true,"href":"http:\/\/nicolasdescoteaux.com\/index.php?rest_route=\/wp\/v2\/pages\/3290"}],"wp:attachment":[{"href":"http:\/\/nicolasdescoteaux.com\/index.php?rest_route=%2Fwp%2Fv2%2Fmedia&parent=5087"}],"curies":[{"name":"wp","href":"https:\/\/api.w.org\/{rel}","templated":true}]}}