{"id":5009,"date":"2019-07-12T17:07:16","date_gmt":"2019-07-12T17:07:16","guid":{"rendered":"http:\/\/nicolasdescoteaux.com\/?page_id=5009"},"modified":"2019-07-12T17:30:42","modified_gmt":"2019-07-12T17:30:42","slug":"2-don-giovanni","status":"publish","type":"page","link":"http:\/\/nicolasdescoteaux.com\/?page_id=5009","title":{"rendered":"2- Don Giovanni"},"content":{"rendered":"<div class=\"wpb-content-wrapper\"><p>[vc_row][vc_column][vc_gallery type=&#8221;flexslider_slide&#8221; interval=&#8221;3&#8243; images=&#8221;5015,5016,5017,5018,5019,5020,5021,5022,5023,5024,5025,5026,5027,5028,5029,5030,5031,5032&#8243; img_size=&#8221;full&#8221; onclick=&#8221;&#8221; css_animation=&#8221;none&#8221;][\/vc_column][\/vc_row][vc_row][vc_column][vc_custom_heading text=&#8221;DON |GIOVANNI&#8221; font_container=&#8221;tag:h1|text_align:left&#8221; use_theme_fonts=&#8221;yes&#8221; css_animation=&#8221;cms_animate wow slideInRight&#8221; cms_custom_headding_type=&#8221;heading-borderleft-textbold&#8221;][\/vc_column][\/vc_row][vc_row row_mask_bg=&#8221;&#8221; row_arrow=&#8221;&#8221; css=&#8221;.vc_custom_1518409839979{padding-top: 30px !important;}&#8221;][vc_column width=&#8221;1\/2&#8243;][vc_column_text css=&#8221;.vc_custom_1562952408498{padding-left: 30px !important;}&#8221;]<strong>Musique :<\/strong>\u00a0Wolfgang Amadeus Mozart<\/p>\n<p><strong>Livret :<\/strong>\u00a0Lorenzo Da Ponte<\/p>\n<p><strong>Direction Musicale :<\/strong>\u00a0Christian Curnyn<\/p>\n<p>&nbsp;<\/p>\n<p><strong>Mise en sc\u00e8ne et vid\u00e9o :<\/strong>\u00a0Marie-\u00c8ve Signeyrole<\/p>\n<p><strong>Assistance \u00e0 la mise en sc\u00e8ne :<\/strong>\u00a0Sandra Pocceschi<\/p>\n<p><strong>Sc\u00e9nographie :\u00a0<\/strong>Fabien Teign\u00e9<\/p>\n<p><strong>Costumes\u00a0:\u00a0<\/strong>Yashi<\/p>\n<p><strong>Lumi\u00e8res :<\/strong> Nicolas Desc\u00f4teaux<\/p>\n<p><strong>R\u00e9alisation vid\u00e9o :<\/strong> Yann Philippe<\/p>\n<p><strong>Photos :\u00a0<\/strong>Nicolas Desc\u00f4teaux et Klara Beck<\/p>\n<p>&nbsp;<\/p>\n<p><strong>PRODUCTION :<\/strong>OP\u00c9RA NATIONAL DU RHIN, 2019[\/vc_column_text][\/vc_column][vc_column width=&#8221;1\/2&#8243;][vc_custom_heading text=&#8221;Description | Citations&#8221; font_container=&#8221;tag:h3|text_align:left&#8221; use_theme_fonts=&#8221;yes&#8221;][vc_column_text]Avec \u0152dipe et Faust, Don Giovanni est la figure capitale de la culture europ\u00e9enne. Depuis Tirso de Molina et Moli\u00e8re jusqu&#8217;au film\u00a0Shame\u00a0de Steve McQueen en passant par d&#8217;autres innombrables avatars, il n&#8217;a cess\u00e9 de fasciner les artistes au cours des si\u00e8cles. Cependant, c&#8217;est \u00e0 Mozart (1756-1791) avant tout que le mythe de Don Giovanni est \u00e0 jamais li\u00e9.<\/p>\n<p>Quelques mesures de l&#8217;Ouverture et c&#8217;est tout un monde de sexe et de sang qui nous emporte dans les pas de ses conqu\u00eates, de son ivresse des corps, de ses mensonges. Mais que repr\u00e9sente-t-il r\u00e9ellement dans l&#8217;imaginaire des femmes ? Qui est-il pour Donna Anna, Donna Elvira et Zerlina ?<\/p>\n<p>Les hommes ont aim\u00e9 s&#8217;identifier \u00e0 cet homme de tous les exc\u00e8s, ce libertin \u00e0 la formidable force vitale pour certains, au d\u00e9sespoir sans issue pour d&#8217;autres. Mais les femmes, comment le jugent-elles ? Pour cette nouvelle production, la metteuse en sc\u00e8ne Marie-Eve Signeyrole fait le choix de consid\u00e9rer Don Giovanni moins comme un sujet que comme un objet sous les regards de celles qu&#8217;il d\u00e9sire.[\/vc_column_text][\/vc_column][\/vc_row][vc_row row_mask_bg=&#8221;&#8221; row_arrow=&#8221;&#8221; css=&#8221;.vc_custom_1518423354950{padding-top: 40px !important;}&#8221;][vc_column][vc_text_separator title=&#8221;PRESSE&#8221;][\/vc_column][\/vc_row][vc_row][vc_column][vc_column_text css=&#8221;.vc_custom_1562952391147{padding-top: 20px !important;padding-bottom: 20px !important;}&#8221;]<\/p>\n<div class=\"page\" title=\"Page 2\">\n<div class=\"section\">\n<div class=\"layoutArea\">\n<div class=\"column\">\n<p><em>&#8220;Des \u00e9clairages judicieux suffiront \u00e0 cr\u00e9er le climat requis par chaque sc\u00e8ne&#8230;&#8221;<\/em><\/p>\n<div class=\"page\" title=\"Page 1\">\n<div class=\"section\">\n<div class=\"layoutArea\">\n<div class=\"column\">\n<p>Yvan BEUVARD, <strong>ForumOpera.com<\/strong><\/p>\n<p>&nbsp;<\/p><\/div>\n<\/div>\n<div class=\"page\" title=\"Page 2\">\n<div class=\"section\">\n<div class=\"layoutArea\">\n<div class=\"column\">\n<p><em>&#8220;En abolissant les fronti\u00e8res entre sc\u00e8ne et public, entre th\u00e9\u00e2tre et r\u00e9alit\u00e9, Marie-\u00c8ve Signeyrole signe un spectacle op\u00e9ratique coup de poing d\u2019un nouveau genre.&#8221;<\/em><\/p>\n<div class=\"page\" title=\"Page 1\">\n<div class=\"section\">\n<div class=\"layoutArea\">\n<div class=\"column\">\n<p>Michel THOM\u00c9, <strong>Resmusica.com<\/strong><\/div>\n<\/div>\n<\/div>\n<\/div>\n<\/div>\n<\/div>\n<\/div>\n<\/div>\n<\/div>\n<\/div>\n<\/div>\n<\/div>\n<\/div>\n<\/div>\n<p>[\/vc_column_text][\/vc_column][\/vc_row]<\/p>\n<\/div>","protected":false},"excerpt":{"rendered":"<p>[vc_row][vc_column][vc_gallery type=&#8221;flexslider_slide&#8221; interval=&#8221;3&#8243; images=&#8221;5015,5016,5017,5018,5019,5020,5021,5022,5023,5024,5025,5026,5027,5028,5029,5030,5031,5032&#8243; img_size=&#8221;full&#8221; onclick=&#8221;&#8221; css_animation=&#8221;none&#8221;][\/vc_column][\/vc_row][vc_row][vc_column][vc_custom_heading text=&#8221;DON |GIOVANNI&#8221; font_container=&#8221;tag:h1|text_align:left&#8221; use_theme_fonts=&#8221;yes&#8221; css_animation=&#8221;cms_animate wow slideInRight&#8221; cms_custom_headding_type=&#8221;heading-borderleft-textbold&#8221;][\/vc_column][\/vc_row][vc_row row_mask_bg=&#8221;&#8221; row_arrow=&#8221;&#8221; css=&#8221;.vc_custom_1518409839979{padding-top: 30px !important;}&#8221;][vc_column width=&#8221;1\/2&#8243;][vc_column_text css=&#8221;.vc_custom_1562952408498{padding-left: 30px !important;}&#8221;]Musique :\u00a0Wolfgang<\/p>\n","protected":false},"author":1,"featured_media":0,"parent":3290,"menu_order":0,"comment_status":"closed","ping_status":"closed","template":"","meta":[],"_links":{"self":[{"href":"http:\/\/nicolasdescoteaux.com\/index.php?rest_route=\/wp\/v2\/pages\/5009"}],"collection":[{"href":"http:\/\/nicolasdescoteaux.com\/index.php?rest_route=\/wp\/v2\/pages"}],"about":[{"href":"http:\/\/nicolasdescoteaux.com\/index.php?rest_route=\/wp\/v2\/types\/page"}],"author":[{"embeddable":true,"href":"http:\/\/nicolasdescoteaux.com\/index.php?rest_route=\/wp\/v2\/users\/1"}],"replies":[{"embeddable":true,"href":"http:\/\/nicolasdescoteaux.com\/index.php?rest_route=%2Fwp%2Fv2%2Fcomments&post=5009"}],"version-history":[{"count":6,"href":"http:\/\/nicolasdescoteaux.com\/index.php?rest_route=\/wp\/v2\/pages\/5009\/revisions"}],"predecessor-version":[{"id":5036,"href":"http:\/\/nicolasdescoteaux.com\/index.php?rest_route=\/wp\/v2\/pages\/5009\/revisions\/5036"}],"up":[{"embeddable":true,"href":"http:\/\/nicolasdescoteaux.com\/index.php?rest_route=\/wp\/v2\/pages\/3290"}],"wp:attachment":[{"href":"http:\/\/nicolasdescoteaux.com\/index.php?rest_route=%2Fwp%2Fv2%2Fmedia&parent=5009"}],"curies":[{"name":"wp","href":"https:\/\/api.w.org\/{rel}","templated":true}]}}