{"id":4798,"date":"2019-04-12T14:47:38","date_gmt":"2019-04-12T14:47:38","guid":{"rendered":"http:\/\/nicolasdescoteaux.com\/?page_id=4798"},"modified":"2019-07-12T17:36:56","modified_gmt":"2019-07-12T17:36:56","slug":"1-britannicus-2","status":"publish","type":"page","link":"http:\/\/nicolasdescoteaux.com\/?page_id=4798","title":{"rendered":"1- Britannicus"},"content":{"rendered":"<div class=\"wpb-content-wrapper\"><p>[vc_row][vc_column][vc_gallery type=&#8221;flexslider_slide&#8221; interval=&#8221;3&#8243; images=&#8221;4829,4847,4846,4845,4844,4843,4842,4841,4840,4839,4838,4837,4836,4835,4834,4833,4832,4831,4830&#8243; img_size=&#8221;full&#8221;][\/vc_column][vc_column][vc_custom_heading text=&#8221;BRITANNICUS|RACINE&#8221; font_container=&#8221;tag:h1|text_align:left&#8221; use_theme_fonts=&#8221;yes&#8221; css_animation=&#8221;cms_animate wow slideInRight&#8221; cms_custom_headding_type=&#8221;heading-borderleft-textbold&#8221;][\/vc_column][\/vc_row][vc_row row_mask_bg=&#8221;&#8221; row_arrow=&#8221;&#8221; css=&#8221;.vc_custom_1555081300662{padding-top: 30px !important;}&#8221;][vc_column width=&#8221;1\/2&#8243;][vc_column_text css=&#8221;.vc_custom_1555424083997{padding-left: 30px !important;}&#8221;]<strong>Texte :<\/strong>\u00a0Jean Racine<\/p>\n<p><strong>Mise en sc\u00e8ne :<\/strong>\u00a0Florent Siaud<\/p>\n<p>&nbsp;<\/p>\n<p><strong>Sc\u00e9nographie :\u00a0<\/strong>Romain Fabre<\/p>\n<p><strong>Costumes :\u00a0<\/strong>Jean-Daniel Vuillermoz<\/p>\n<p><strong>Lumi\u00e8res :<\/strong> Nicolas Desc\u00f4teaux<\/p>\n<p><strong>Musiques :<\/strong> Julien Eclancher<\/p>\n<p><strong>Vid\u00e9o :<\/strong> David B. Ricard<\/p>\n<p><strong>Photos :<\/strong> \u00a9 Nicolas Desc\u00f4teaux<\/p>\n<p>&nbsp;<\/p>\n<p><strong>PRODUCTION :<\/strong> TH\u00c9\u00c2TRE DU NOUVEAU MONDE &#8211; 2019[\/vc_column_text][\/vc_column][vc_column width=&#8221;1\/2&#8243;][vc_custom_heading text=&#8221;Description |&#8221; font_container=&#8221;tag:h3|text_align:left&#8221; use_theme_fonts=&#8221;yes&#8221; cms_custom_headding_type=&#8221;heading-line&#8221;][vc_column_text]Le jeune empereur N\u00e9ron fait enlever Junie, la fianc\u00e9e de son demi-fr\u00e8re Britannicus, afin qu\u2019il n\u2019\u00e9pouse pas une descendante de l\u2019empereur Auguste, ce qui pourrait l\u2019amener \u00e0 r\u00e9clamer le tr\u00f4ne. Pour la m\u00e8re de N\u00e9ron, la terrible Agrippine, c\u2019est une trahison. Jusqu\u2019\u00e0 ce jour, elle r\u00e9gnait \u00e0 travers son fils, mais le sentant s\u2019\u00e9loigner d\u2019elle, elle souhaitait renforcer en sous-main le pouvoir de Britannicus. Quant \u00e0 N\u00e9ron, son coup de force politique a sur lui une cons\u00e9quence inattendue\u00a0: en voyant Junie escort\u00e9e par ses ge\u00f4liers, il tombe violemment amoureux d\u2019elle.[\/vc_column_text][\/vc_column][\/vc_row][vc_row row_mask_bg=&#8221;&#8221; row_arrow=&#8221;&#8221; css=&#8221;.vc_custom_1518423354950{padding-top: 40px !important;}&#8221;][vc_column][vc_text_separator title=&#8221;PRESSE&#8221;][\/vc_column][\/vc_row][vc_row][vc_column][vc_column_text css=&#8221;.vc_custom_1555089262921{padding-top: 20px !important;padding-bottom: 20px !important;}&#8221;]<\/p>\n<div class=\"page\" title=\"Page 2\">\n<div class=\"section\">\n<div class=\"layoutArea\">\n<div class=\"column\">\n<p><em>&#8220;Avec la collaboration inestimable de Nicolas Desc\u00f4teaux (\u00e9clairages) et de David B. Ricard (vid\u00e9o), Romain Fabre a donn\u00e9 naissance \u00e0 une v\u00e9ritable splendeur sc\u00e9nographique, une sculpture dor\u00e9e qui s\u2019abat comme un mur et palpite comme un coeur, une structure \u00e0 la fois organique et g\u00e9om\u00e9trique, qui vit et reluit, pulse et ondule, recueille la lumi\u00e8re et les images, les mots et les visages ; une oeuvre d\u2019art en soi !&#8221;<\/em><\/p>\n<p>Christian St-Pierre, <strong>Le Devoir<\/strong><\/div>\n<div class=\"page\" title=\"Page 2\">\n<div class=\"section\">\n<div class=\"layoutArea\">\n<div class=\"column\">\n<p>&nbsp;<\/p>\n<p><em>&#8220;&#8230;Siaud commande \u00e0 Romain Fabre un d\u00e9cor \u00e9pur\u00e9, \u00e0 Nicolas Descoteaux des \u00e9clairages riches et nuanc\u00e9s, et \u00e0 Julien \u00c9clancher une conception sonore envo\u00fbtante, myst\u00e9rieuse voire sinistre, omnipr\u00e9sente.&#8221;<\/em><\/p>\n<p>Yanick Comeau, <strong>Th\u00e9\u00e2tralit\u00e9s<\/strong><\/div>\n<div class=\"page\" title=\"Page 3\">\n<div class=\"section\">\n<div class=\"layoutArea\">\n<div class=\"column\">\n<p>&nbsp;<\/p>\n<p><em>&#8220;&#8230;il faut souligner aussi le tr\u00e8s beau d\u00e9cor de Romain Fabre, consistant principalement en une toile dor\u00e9e au motif g\u00e9om\u00e9trique contemporain de losanges qui se r\u00e9v\u00e8le progressivement, et qui sert d\u2019\u00e9cran aux projections vid\u00e9o con\u00e7ues par David B. Ricard, de pair avec les \u00e9clairages r\u00e9ussis de Nicolas Descoteaux et la conception sonore de Julien \u00c9clancher qui se permet m\u00eame un emprunt \u00e0 la musique&#8221;<\/em><\/p>\n<p>Gilles G. Lamontagne, <strong>Sors-tu?<\/strong><\/div>\n<p>&nbsp;<\/p>\n<p><em>&#8220;Ce dispositif pr\u00e9sentant une iconographie th\u00e9\u00e2trale \u00e9vanescente et fluide a fait suite \u00e0 une ambiance lumineuse r\u00e9v\u00e9lant les silhouettes et les visages des acteurs sous les contrastes dramatiques du clair-obscur.<\/em><\/p>\n<p><em>Dans cette ambiance \u00e0 la fois minimaliste et riche par ses facettes lumineuses et sa trame sonore syncr\u00e9tique&#8230;&#8221;<\/em><\/p>\n<p>Hanen Hattab, <strong>Avant-Premi\u00e8re<\/strong><\/div>\n<\/div>\n<\/div>\n<\/div>\n<\/div>\n<\/div>\n<\/div>\n<\/div>\n<\/div>\n<p>[\/vc_column_text][\/vc_column][\/vc_row]<\/p>\n<\/div>","protected":false},"excerpt":{"rendered":"<p>[vc_row][vc_column][vc_gallery type=&#8221;flexslider_slide&#8221; interval=&#8221;3&#8243; images=&#8221;4829,4847,4846,4845,4844,4843,4842,4841,4840,4839,4838,4837,4836,4835,4834,4833,4832,4831,4830&#8243; img_size=&#8221;full&#8221;][\/vc_column][vc_column][vc_custom_heading text=&#8221;BRITANNICUS|RACINE&#8221; font_container=&#8221;tag:h1|text_align:left&#8221; use_theme_fonts=&#8221;yes&#8221; css_animation=&#8221;cms_animate wow slideInRight&#8221; cms_custom_headding_type=&#8221;heading-borderleft-textbold&#8221;][\/vc_column][\/vc_row][vc_row row_mask_bg=&#8221;&#8221; row_arrow=&#8221;&#8221; css=&#8221;.vc_custom_1555081300662{padding-top: 30px !important;}&#8221;][vc_column width=&#8221;1\/2&#8243;][vc_column_text css=&#8221;.vc_custom_1555424083997{padding-left: 30px !important;}&#8221;]Texte :\u00a0Jean Racine Mise en<\/p>\n","protected":false},"author":1,"featured_media":0,"parent":3256,"menu_order":0,"comment_status":"closed","ping_status":"closed","template":"","meta":[],"_links":{"self":[{"href":"http:\/\/nicolasdescoteaux.com\/index.php?rest_route=\/wp\/v2\/pages\/4798"}],"collection":[{"href":"http:\/\/nicolasdescoteaux.com\/index.php?rest_route=\/wp\/v2\/pages"}],"about":[{"href":"http:\/\/nicolasdescoteaux.com\/index.php?rest_route=\/wp\/v2\/types\/page"}],"author":[{"embeddable":true,"href":"http:\/\/nicolasdescoteaux.com\/index.php?rest_route=\/wp\/v2\/users\/1"}],"replies":[{"embeddable":true,"href":"http:\/\/nicolasdescoteaux.com\/index.php?rest_route=%2Fwp%2Fv2%2Fcomments&post=4798"}],"version-history":[{"count":28,"href":"http:\/\/nicolasdescoteaux.com\/index.php?rest_route=\/wp\/v2\/pages\/4798\/revisions"}],"predecessor-version":[{"id":5040,"href":"http:\/\/nicolasdescoteaux.com\/index.php?rest_route=\/wp\/v2\/pages\/4798\/revisions\/5040"}],"up":[{"embeddable":true,"href":"http:\/\/nicolasdescoteaux.com\/index.php?rest_route=\/wp\/v2\/pages\/3256"}],"wp:attachment":[{"href":"http:\/\/nicolasdescoteaux.com\/index.php?rest_route=%2Fwp%2Fv2%2Fmedia&parent=4798"}],"curies":[{"name":"wp","href":"https:\/\/api.w.org\/{rel}","templated":true}]}}