{"id":3567,"date":"2018-05-27T12:42:41","date_gmt":"2018-05-27T12:42:41","guid":{"rendered":"http:\/\/nicolasdescoteaux.com\/?page_id=3567"},"modified":"2018-11-25T22:47:33","modified_gmt":"2018-11-25T22:47:33","slug":"1-don-juan","status":"publish","type":"page","link":"http:\/\/nicolasdescoteaux.com\/?page_id=3567","title":{"rendered":"1- Don Juan"},"content":{"rendered":"<div class=\"wpb-content-wrapper\"><p>[vc_row][vc_column][vc_gallery type=&#8221;flexslider_slide&#8221; interval=&#8221;0&#8243; images=&#8221;4079,4080,4081,4082,4083,4084,4085,4086,4087,4088,4089,4090&#8243; img_size=&#8221;full&#8221; onclick=&#8221;&#8221; css_animation=&#8221;slideInDown&#8221;][\/vc_column][\/vc_row][vc_row][vc_column offset=&#8221;vc_col-sm-offset-1 vc_col-xs-offset-1 vc_col-xs-12&#8243;][vc_custom_heading text=&#8221;DON JUAN|REVIENS DE LA GUERRE&#8221; font_container=&#8221;tag:h1|text_align:left&#8221; use_theme_fonts=&#8221;yes&#8221; css_animation=&#8221;cms_animate wow slideInRight&#8221; cms_custom_headding_type=&#8221;heading-borderleft-textbold&#8221;][\/vc_column][\/vc_row][vc_row row_mask_bg=&#8221;&#8221; row_arrow=&#8221;&#8221; css=&#8221;.vc_custom_1518409839979{padding-top: 30px !important;}&#8221;][vc_column width=&#8221;1\/2&#8243;][vc_column_text css=&#8221;.vc_custom_1543035947218{padding-left: 30px !important;}&#8221;]&nbsp;<\/p>\n<p><strong>Texte :\u00a0<\/strong>\u00d6don Von\u00a0Horvath<\/p>\n<p><strong>Mise en sc\u00e8ne :<\/strong>\u00a0Florent Siaud<\/p>\n<p>&nbsp;<\/p>\n<p><strong>Sc\u00e9nographie :<\/strong> Romain Fabre<\/p>\n<p><strong>Costumes :<\/strong> Romain Fabre<\/p>\n<p><strong>Lumi\u00e8res :<\/strong> Nicolas Desc\u00f4teaux<\/p>\n<p><strong>Musiques et sons :<\/strong> Julien \u00c9clancher<\/p>\n<p><strong>Vid\u00e9o :<\/strong> David Ricard<\/p>\n<p><strong>Photos :<\/strong> \u00a9 Nicolas Desc\u00f4teaux<\/p>\n<p>&nbsp;<\/p>\n<p><strong>PRODUCTION :<\/strong> TH\u00c9\u00c2TRE PROSPERO[\/vc_column_text][\/vc_column][vc_column width=&#8221;1\/2&#8243;][vc_custom_heading text=&#8221;Description | Citations&#8221; font_container=&#8221;tag:h3|text_align:left&#8221; use_theme_fonts=&#8221;yes&#8221;][vc_column_text]Don Juan n\u2019est plus un aristocrate de S\u00e9ville. Il a perdu de sa superbe au sortir de la guerre de 1914-1918. L\u2019homme est d\u00e9truit. En revenant le jour de l\u2019Armistice, il red\u00e9couvre un pays en pleine mutation, en perte de rep\u00e8res, en proie \u00e0 la crise. Il va son chemin \u00e0 la recherche de la fianc\u00e9e qu\u2019il a jadis abandonn\u00e9e. \u2014\u2014 Dans cette pi\u00e8ce chorale compos\u00e9e de 24 tableaux, von Horv\u00e1th nous pr\u00e9sente, sans concessions, le destin de 35 femmes que la vie et la guerre ont transform\u00e9es ; c\u2019est le paysage d\u2019une soci\u00e9t\u00e9 boulevers\u00e9e que l\u2019auteur fait ressurgir, le terreau dans lequel s\u2019est enracin\u00e9 le pire de l\u2019Histoire. Et Don Juan, en qu\u00eate d\u2019un id\u00e9al perdu, appara\u00eet tel un mythe qui s\u2019effondre. \u2014\u2014 C\u2019est cette \u0153uvre sans pr\u00e9c\u00e9dent, n\u00e9e dans l\u2019entre-deux-guerres, que La Veill\u00e9e souhaite faire entendre. Cette voix concise et visionnaire de l\u2019auteur de <em>L\u00e9gendes de la for\u00eat viennoise<\/em> et des fameux romans <em>Un fils de notre temps<\/em> et <em>Jeunesse sans dieu<\/em>. \u00ab La patrie de Horv\u00e1th est utopique : elle se nomme Libert\u00e9 \u00bb.[\/vc_column_text][\/vc_column][\/vc_row][vc_row row_mask_bg=&#8221;&#8221; row_arrow=&#8221;&#8221; css=&#8221;.vc_custom_1518423354950{padding-top: 40px !important;}&#8221;][vc_column][vc_text_separator title=&#8221;PRESSE&#8221;][\/vc_column][\/vc_row][vc_row][vc_column][vc_column_text css=&#8221;.vc_custom_1542946993043{padding-top: 20px !important;padding-bottom: 20px !important;}&#8221;][\/vc_column_text][\/vc_column][\/vc_row]<\/p>\n<\/div>","protected":false},"excerpt":{"rendered":"<p>[vc_row][vc_column][vc_gallery type=&#8221;flexslider_slide&#8221; interval=&#8221;0&#8243; images=&#8221;4079,4080,4081,4082,4083,4084,4085,4086,4087,4088,4089,4090&#8243; img_size=&#8221;full&#8221; onclick=&#8221;&#8221; css_animation=&#8221;slideInDown&#8221;][\/vc_column][\/vc_row][vc_row][vc_column offset=&#8221;vc_col-sm-offset-1 vc_col-xs-offset-1 vc_col-xs-12&#8243;][vc_custom_heading text=&#8221;DON JUAN|REVIENS DE LA GUERRE&#8221; font_container=&#8221;tag:h1|text_align:left&#8221; use_theme_fonts=&#8221;yes&#8221; css_animation=&#8221;cms_animate wow slideInRight&#8221; cms_custom_headding_type=&#8221;heading-borderleft-textbold&#8221;][\/vc_column][\/vc_row][vc_row row_mask_bg=&#8221;&#8221; row_arrow=&#8221;&#8221; css=&#8221;.vc_custom_1518409839979{padding-top: 30px<\/p>\n","protected":false},"author":1,"featured_media":0,"parent":3256,"menu_order":0,"comment_status":"closed","ping_status":"closed","template":"","meta":[],"_links":{"self":[{"href":"http:\/\/nicolasdescoteaux.com\/index.php?rest_route=\/wp\/v2\/pages\/3567"}],"collection":[{"href":"http:\/\/nicolasdescoteaux.com\/index.php?rest_route=\/wp\/v2\/pages"}],"about":[{"href":"http:\/\/nicolasdescoteaux.com\/index.php?rest_route=\/wp\/v2\/types\/page"}],"author":[{"embeddable":true,"href":"http:\/\/nicolasdescoteaux.com\/index.php?rest_route=\/wp\/v2\/users\/1"}],"replies":[{"embeddable":true,"href":"http:\/\/nicolasdescoteaux.com\/index.php?rest_route=%2Fwp%2Fv2%2Fcomments&post=3567"}],"version-history":[{"count":8,"href":"http:\/\/nicolasdescoteaux.com\/index.php?rest_route=\/wp\/v2\/pages\/3567\/revisions"}],"predecessor-version":[{"id":4091,"href":"http:\/\/nicolasdescoteaux.com\/index.php?rest_route=\/wp\/v2\/pages\/3567\/revisions\/4091"}],"up":[{"embeddable":true,"href":"http:\/\/nicolasdescoteaux.com\/index.php?rest_route=\/wp\/v2\/pages\/3256"}],"wp:attachment":[{"href":"http:\/\/nicolasdescoteaux.com\/index.php?rest_route=%2Fwp%2Fv2%2Fmedia&parent=3567"}],"curies":[{"name":"wp","href":"https:\/\/api.w.org\/{rel}","templated":true}]}}