{"id":3561,"date":"2018-05-25T14:58:03","date_gmt":"2018-05-25T14:58:03","guid":{"rendered":"http:\/\/nicolasdescoteaux.com\/?page_id=3561"},"modified":"2019-01-02T20:29:21","modified_gmt":"2019-01-02T20:29:21","slug":"3-typo","status":"publish","type":"page","link":"http:\/\/nicolasdescoteaux.com\/?page_id=3561","title":{"rendered":"3- Typo"},"content":{"rendered":"<div class=\"wpb-content-wrapper\"><p>[vc_row][vc_column][vc_gallery type=&#8221;flexslider_slide&#8221; interval=&#8221;0&#8243; images=&#8221;4721,4731,4730,4729,4728,4727,4726,4725,4724,4723,4722&#8243; img_size=&#8221;full&#8221; onclick=&#8221;&#8221; css_animation=&#8221;slideInDown&#8221;][\/vc_column][\/vc_row][vc_row][vc_column offset=&#8221;vc_col-sm-offset-1 vc_col-xs-offset-1 vc_col-xs-12&#8243;][vc_custom_heading text=&#8221;TYPO |CIRQUE ELOIZE&#8221; font_container=&#8221;tag:h1|text_align:left&#8221; use_theme_fonts=&#8221;yes&#8221; css_animation=&#8221;cms_animate wow slideInRight&#8221; cms_custom_headding_type=&#8221;heading-borderleft-textbold&#8221;][\/vc_column][\/vc_row][vc_row row_mask_bg=&#8221;&#8221; row_arrow=&#8221;&#8221; css=&#8221;.vc_custom_1518409839979{padding-top: 30px !important;}&#8221;][vc_column width=&#8221;1\/2&#8243;][vc_column_text css=&#8221;.vc_custom_1541840623288{padding-left: 30px !important;}&#8221;]&nbsp;<\/p>\n<p class=\"paragraph_style_3\"><strong>Mise en sc\u00e8ne :<\/strong> Yves Dagenais, Gypsy Snider, Rock Jutras<\/p>\n<p class=\"paragraph_style_3\"><strong>D\u00e9cor et costumes :<\/strong> Guillaume Lord<\/p>\n<p class=\"paragraph_style_4\"><strong>Lumi\u00e8res :<\/strong> Nicolas Desc\u00f4teaux<\/p>\n<p class=\"paragraph_style_3\"><strong>Musique :<\/strong> Lucie Cauchon<\/p>\n<p class=\"paragraph_style_3\"><strong>Production :<\/strong> Cirque Eloize<\/p>\n<p class=\"paragraph_style_3\">Tourn\u00e9e international, 2003-2007<\/p>\n<p>[\/vc_column_text][\/vc_column][vc_column width=&#8221;1\/2&#8243;][vc_custom_heading text=&#8221;Description | &#8221; font_container=&#8221;tag:h3|text_align:left&#8221; use_theme_fonts=&#8221;yes&#8221;][vc_column_text]<\/p>\n<p class=\"paragraph_style_1\">C&#8217;est Jamie Adkins, jeune clown\/jongleur multidisciplinaire, qui est l&#8217;instigateur de cette production. Sous la lampe suspendue, devant sa dactylo, ce clown essai d&#8217;\u00e9crire son spectacle. Ses id\u00e9es \u00e9tendu sur le papier seront les motivations \u00e0 des jongleries de toute sorte. A l&#8217;aide de son assistante musicienne, il aura beaucoup d&#8217;aventures et de d\u00e9couragement avant d&#8217;enfin conclure avec son spectacle.<\/p>\n<p class=\"paragraph_style_1\"><span class=\"style\">\u00a0<\/span><\/p>\n<p>[\/vc_column_text][\/vc_column][\/vc_row][vc_row row_mask_bg=&#8221;&#8221; row_arrow=&#8221;&#8221; css=&#8221;.vc_custom_1518423354950{padding-top: 40px !important;}&#8221;][vc_column][vc_text_separator title=&#8221;PRESSE&#8221;][\/vc_column][\/vc_row][vc_row][vc_column][vc_column_text css=&#8221;.vc_custom_1541840638317{padding-top: 20px !important;padding-bottom: 20px !important;}&#8221;][\/vc_column_text][\/vc_column][\/vc_row]<\/p>\n<\/div>","protected":false},"excerpt":{"rendered":"<p>[vc_row][vc_column][vc_gallery type=&#8221;flexslider_slide&#8221; interval=&#8221;0&#8243; images=&#8221;4721,4731,4730,4729,4728,4727,4726,4725,4724,4723,4722&#8243; img_size=&#8221;full&#8221; onclick=&#8221;&#8221; css_animation=&#8221;slideInDown&#8221;][\/vc_column][\/vc_row][vc_row][vc_column offset=&#8221;vc_col-sm-offset-1 vc_col-xs-offset-1 vc_col-xs-12&#8243;][vc_custom_heading text=&#8221;TYPO |CIRQUE ELOIZE&#8221; font_container=&#8221;tag:h1|text_align:left&#8221; use_theme_fonts=&#8221;yes&#8221; css_animation=&#8221;cms_animate wow slideInRight&#8221; cms_custom_headding_type=&#8221;heading-borderleft-textbold&#8221;][\/vc_column][\/vc_row][vc_row row_mask_bg=&#8221;&#8221; row_arrow=&#8221;&#8221; css=&#8221;.vc_custom_1518409839979{padding-top: 30px !important;}&#8221;][vc_column width=&#8221;1\/2&#8243;][vc_column_text<\/p>\n","protected":false},"author":1,"featured_media":0,"parent":3298,"menu_order":0,"comment_status":"closed","ping_status":"closed","template":"","meta":[],"_links":{"self":[{"href":"http:\/\/nicolasdescoteaux.com\/index.php?rest_route=\/wp\/v2\/pages\/3561"}],"collection":[{"href":"http:\/\/nicolasdescoteaux.com\/index.php?rest_route=\/wp\/v2\/pages"}],"about":[{"href":"http:\/\/nicolasdescoteaux.com\/index.php?rest_route=\/wp\/v2\/types\/page"}],"author":[{"embeddable":true,"href":"http:\/\/nicolasdescoteaux.com\/index.php?rest_route=\/wp\/v2\/users\/1"}],"replies":[{"embeddable":true,"href":"http:\/\/nicolasdescoteaux.com\/index.php?rest_route=%2Fwp%2Fv2%2Fcomments&post=3561"}],"version-history":[{"count":4,"href":"http:\/\/nicolasdescoteaux.com\/index.php?rest_route=\/wp\/v2\/pages\/3561\/revisions"}],"predecessor-version":[{"id":4743,"href":"http:\/\/nicolasdescoteaux.com\/index.php?rest_route=\/wp\/v2\/pages\/3561\/revisions\/4743"}],"up":[{"embeddable":true,"href":"http:\/\/nicolasdescoteaux.com\/index.php?rest_route=\/wp\/v2\/pages\/3298"}],"wp:attachment":[{"href":"http:\/\/nicolasdescoteaux.com\/index.php?rest_route=%2Fwp%2Fv2%2Fmedia&parent=3561"}],"curies":[{"name":"wp","href":"https:\/\/api.w.org\/{rel}","templated":true}]}}