{"id":3559,"date":"2018-05-25T14:57:34","date_gmt":"2018-05-25T14:57:34","guid":{"rendered":"http:\/\/nicolasdescoteaux.com\/?page_id=3559"},"modified":"2019-01-02T20:27:42","modified_gmt":"2019-01-02T20:27:42","slug":"3-line-one","status":"publish","type":"page","link":"http:\/\/nicolasdescoteaux.com\/?page_id=3559","title":{"rendered":"3- Line One"},"content":{"rendered":"<div class=\"wpb-content-wrapper\"><p>[vc_row][vc_column][vc_gallery type=&#8221;flexslider_slide&#8221; interval=&#8221;0&#8243; images=&#8221;4711,4712,4717,4716,4715,4714,4713,4720,4719,4718&#8243; img_size=&#8221;full&#8221; onclick=&#8221;&#8221; css_animation=&#8221;slideInDown&#8221;][\/vc_column][\/vc_row][vc_row][vc_column offset=&#8221;vc_col-sm-offset-1 vc_col-xs-offset-1 vc_col-xs-12&#8243;][vc_custom_heading text=&#8221;FLYING FLAMES |LINE ONE&#8221; font_container=&#8221;tag:h1|text_align:left&#8221; use_theme_fonts=&#8221;yes&#8221; css_animation=&#8221;cms_animate wow slideInRight&#8221; cms_custom_headding_type=&#8221;heading-borderleft-textbold&#8221;][\/vc_column][\/vc_row][vc_row row_mask_bg=&#8221;&#8221; row_arrow=&#8221;&#8221; css=&#8221;.vc_custom_1518409839979{padding-top: 30px !important;}&#8221;][vc_column width=&#8221;1\/2&#8243;][vc_column_text css=&#8221;.vc_custom_1541840250997{padding-left: 30px !important;}&#8221;]&nbsp;<\/p>\n<p class=\"paragraph_style_3\"><strong>Mise en sc\u00e8ne et chor\u00e9graphie :<\/strong> Debra Brown<\/p>\n<p class=\"paragraph_style_4\"><strong>Lumi\u00e8res :<\/strong> Nicolas Desc\u00f4teaux<\/p>\n<p class=\"paragraph_style_3\"><strong>Costumes :<\/strong> Mireille Vachon<\/p>\n<p>&nbsp;<\/p>\n<p class=\"paragraph_style_3\">Liban, Qu\u00e9bec, Ontario, Colombie Britannique, Montr\u00e9al, 2005-2007<\/p>\n<p>[\/vc_column_text][\/vc_column][vc_column width=&#8221;1\/2&#8243;][vc_custom_heading text=&#8221;Description | &#8221; font_container=&#8221;tag:h3|text_align:left&#8221; use_theme_fonts=&#8221;yes&#8221;][vc_column_text]<\/p>\n<p class=\"paragraph_style_1\">C&#8217;est \u00e0 Beyrouth, pour la premi\u00e8re fois, que ce spectacle prend place sous la forme d&#8217;un groupe de musique &#8220;world beat&#8221; talentueux qui joue pour des artistes de cirque et des danseurs de &#8220;Hip Hop&#8221;. C&#8217;est une drole de mac\u00e9doine mais \u00e7a marche. Avec Debra Brown aux commandes, \u00e7a bouge!<\/p>\n<p class=\"paragraph_style_1\">Au lieux de pr\u00e9senter le spectacle dans les ruines de l&#8217;acropole romaine de Baalbeck, les organisateur optent plut\u00f4t pour une sc\u00e8ne immense \u00e0 Beyrouth o\u00f9 les colonnade de Baalbeck y sont repr\u00e9senter et servent de d\u00e9cor.<\/p>\n<p class=\"paragraph_style_1\">L&#8217;aventure se poursuivit dans quelque villes canadiennes avec une drastique adaptation<\/p>\n<p>[\/vc_column_text][\/vc_column][\/vc_row][vc_row][vc_column][vc_column_text css=&#8221;.vc_custom_1541840342489{padding-top: 20px !important;padding-bottom: 20px !important;}&#8221;][\/vc_column_text][\/vc_column][\/vc_row]<\/p>\n<\/div>","protected":false},"excerpt":{"rendered":"<p>[vc_row][vc_column][vc_gallery type=&#8221;flexslider_slide&#8221; interval=&#8221;0&#8243; images=&#8221;4711,4712,4717,4716,4715,4714,4713,4720,4719,4718&#8243; img_size=&#8221;full&#8221; onclick=&#8221;&#8221; css_animation=&#8221;slideInDown&#8221;][\/vc_column][\/vc_row][vc_row][vc_column offset=&#8221;vc_col-sm-offset-1 vc_col-xs-offset-1 vc_col-xs-12&#8243;][vc_custom_heading text=&#8221;FLYING FLAMES |LINE ONE&#8221; font_container=&#8221;tag:h1|text_align:left&#8221; use_theme_fonts=&#8221;yes&#8221; css_animation=&#8221;cms_animate wow slideInRight&#8221; cms_custom_headding_type=&#8221;heading-borderleft-textbold&#8221;][\/vc_column][\/vc_row][vc_row row_mask_bg=&#8221;&#8221; row_arrow=&#8221;&#8221; css=&#8221;.vc_custom_1518409839979{padding-top: 30px !important;}&#8221;][vc_column<\/p>\n","protected":false},"author":1,"featured_media":0,"parent":3298,"menu_order":0,"comment_status":"closed","ping_status":"closed","template":"","meta":[],"_links":{"self":[{"href":"http:\/\/nicolasdescoteaux.com\/index.php?rest_route=\/wp\/v2\/pages\/3559"}],"collection":[{"href":"http:\/\/nicolasdescoteaux.com\/index.php?rest_route=\/wp\/v2\/pages"}],"about":[{"href":"http:\/\/nicolasdescoteaux.com\/index.php?rest_route=\/wp\/v2\/types\/page"}],"author":[{"embeddable":true,"href":"http:\/\/nicolasdescoteaux.com\/index.php?rest_route=\/wp\/v2\/users\/1"}],"replies":[{"embeddable":true,"href":"http:\/\/nicolasdescoteaux.com\/index.php?rest_route=%2Fwp%2Fv2%2Fcomments&post=3559"}],"version-history":[{"count":4,"href":"http:\/\/nicolasdescoteaux.com\/index.php?rest_route=\/wp\/v2\/pages\/3559\/revisions"}],"predecessor-version":[{"id":4742,"href":"http:\/\/nicolasdescoteaux.com\/index.php?rest_route=\/wp\/v2\/pages\/3559\/revisions\/4742"}],"up":[{"embeddable":true,"href":"http:\/\/nicolasdescoteaux.com\/index.php?rest_route=\/wp\/v2\/pages\/3298"}],"wp:attachment":[{"href":"http:\/\/nicolasdescoteaux.com\/index.php?rest_route=%2Fwp%2Fv2%2Fmedia&parent=3559"}],"curies":[{"name":"wp","href":"https:\/\/api.w.org\/{rel}","templated":true}]}}