{"id":3557,"date":"2018-05-25T14:57:10","date_gmt":"2018-05-25T14:57:10","guid":{"rendered":"http:\/\/nicolasdescoteaux.com\/?page_id=3557"},"modified":"2019-01-02T20:25:48","modified_gmt":"2019-01-02T20:25:48","slug":"3-la-brunante","status":"publish","type":"page","link":"http:\/\/nicolasdescoteaux.com\/?page_id=3557","title":{"rendered":"3- La brunante"},"content":{"rendered":"<div class=\"wpb-content-wrapper\"><p>[vc_row][vc_column][vc_gallery type=&#8221;flexslider_slide&#8221; interval=&#8221;0&#8243; images=&#8221;4702,4703,4704,4705,4706,4707,4708,4709,4710&#8243; img_size=&#8221;full&#8221; onclick=&#8221;&#8221; css_animation=&#8221;slideInDown&#8221;][\/vc_column][\/vc_row][vc_row][vc_column offset=&#8221;vc_col-sm-offset-1 vc_col-xs-offset-1 vc_col-xs-12&#8243;][vc_custom_heading text=&#8221;LA BRUNANTE |CIRQUE ALFONSE&#8221; font_container=&#8221;tag:h1|text_align:left&#8221; use_theme_fonts=&#8221;yes&#8221; css_animation=&#8221;cms_animate wow slideInRight&#8221; cms_custom_headding_type=&#8221;heading-borderleft-textbold&#8221;][\/vc_column][\/vc_row][vc_row row_mask_bg=&#8221;&#8221; row_arrow=&#8221;&#8221; css=&#8221;.vc_custom_1518409839979{padding-top: 30px !important;}&#8221;][vc_column width=&#8221;1\/2&#8243;][vc_column_text css=&#8221;.vc_custom_1541841153661{padding-left: 30px !important;}&#8221;]&nbsp;<\/p>\n<p class=\"paragraph_style_3\"><strong>Mise en sc\u00e8ne :<\/strong> Alain Francoeur<\/p>\n<p class=\"paragraph_style_4\"><strong>Lumi\u00e8res et sc\u00e9nographie :<\/strong> Nicolas Desc\u00f4teaux<\/p>\n<p class=\"paragraph_style_3\"><strong>Costumes :<\/strong> Louis Hudon<\/p>\n<p class=\"paragraph_style_3\"><strong>Musiques :<\/strong> Langis Turcotte<\/p>\n<p class=\"paragraph_style_3\"><strong>Photos :<\/strong> Nicolas Desc\u00f4teaux<\/p>\n<p class=\"paragraph_style_3\"><strong>PRODUCTION :<\/strong> Vaudreuil, St-Alphone-Rodriguez, Drummondville. 2006 &#8211; 2007<\/p>\n<p>[\/vc_column_text][\/vc_column][vc_column width=&#8221;1\/2&#8243;][vc_custom_heading text=&#8221;Description | &#8221; font_container=&#8221;tag:h3|text_align:left&#8221; use_theme_fonts=&#8221;yes&#8221;][vc_column_text]<\/p>\n<p class=\"paragraph_style_1\">C&#8217;\u00e9tait le vieux r\u00eave d&#8217;un ami circassien de r\u00e9unir sa soeur et son p\u00e8re sur sc\u00e8ne et sous un chapiteau! Avec ses huit artistes, donc quatre musiciens, ils cr\u00e9ent La Brunante. C&#8217;est un spectacle qui ralie les arts du cirque, la musique, la danse, le clown et le tout est color\u00e9 de la pure tradition qu\u00e9b\u00e9coise; chansons \u00e0 r\u00e9pondre, sept carr\u00e9, bottes de foin, chaises ber\u00e7ante, toyaux de po\u00eale! Le m\u00e9lange est savoureux, original et authentique.<\/p>\n<p class=\"paragraph_style_1\">Faire un chapiteau devient vite au beau d\u00e9fi puise que les positions d&#8217;accrochage sont r\u00e9treintes, la sc\u00e8ne est trop petite, avec les m\u00e2ts qui obstruent la lumi\u00e8re et les angles de vision. Donc il faut \u00eatre inventif. Je suis tout de suite stimul\u00e9 par les r\u00e9p\u00e9tition et la musique originale. et je Le cot\u00e9 tr\u00e8s festif du spectacle m&#8217;incite \u00e0 concevoir un \u00e9crin lumineux et forain en suspendant des guillandes de lumi\u00e8res. Les motoris\u00e9s m&#8217;aide \u00e0 cr\u00e9er des atmosph\u00e8res diff\u00e9rentes mais je reste tr\u00e8s sobre face \u00e0 ces tableaux de ferme.<\/p>\n<p>[\/vc_column_text][\/vc_column][\/vc_row][vc_row][vc_column][vc_column_text css=&#8221;.vc_custom_1541840054975{padding-top: 20px !important;padding-bottom: 20px !important;}&#8221;][\/vc_column_text][\/vc_column][\/vc_row]<\/p>\n<\/div>","protected":false},"excerpt":{"rendered":"<p>[vc_row][vc_column][vc_gallery type=&#8221;flexslider_slide&#8221; interval=&#8221;0&#8243; images=&#8221;4702,4703,4704,4705,4706,4707,4708,4709,4710&#8243; img_size=&#8221;full&#8221; onclick=&#8221;&#8221; css_animation=&#8221;slideInDown&#8221;][\/vc_column][\/vc_row][vc_row][vc_column offset=&#8221;vc_col-sm-offset-1 vc_col-xs-offset-1 vc_col-xs-12&#8243;][vc_custom_heading text=&#8221;LA BRUNANTE |CIRQUE ALFONSE&#8221; font_container=&#8221;tag:h1|text_align:left&#8221; use_theme_fonts=&#8221;yes&#8221; css_animation=&#8221;cms_animate wow slideInRight&#8221; cms_custom_headding_type=&#8221;heading-borderleft-textbold&#8221;][\/vc_column][\/vc_row][vc_row row_mask_bg=&#8221;&#8221; row_arrow=&#8221;&#8221; css=&#8221;.vc_custom_1518409839979{padding-top: 30px !important;}&#8221;][vc_column<\/p>\n","protected":false},"author":1,"featured_media":0,"parent":3298,"menu_order":0,"comment_status":"closed","ping_status":"closed","template":"","meta":[],"_links":{"self":[{"href":"http:\/\/nicolasdescoteaux.com\/index.php?rest_route=\/wp\/v2\/pages\/3557"}],"collection":[{"href":"http:\/\/nicolasdescoteaux.com\/index.php?rest_route=\/wp\/v2\/pages"}],"about":[{"href":"http:\/\/nicolasdescoteaux.com\/index.php?rest_route=\/wp\/v2\/types\/page"}],"author":[{"embeddable":true,"href":"http:\/\/nicolasdescoteaux.com\/index.php?rest_route=\/wp\/v2\/users\/1"}],"replies":[{"embeddable":true,"href":"http:\/\/nicolasdescoteaux.com\/index.php?rest_route=%2Fwp%2Fv2%2Fcomments&post=3557"}],"version-history":[{"count":4,"href":"http:\/\/nicolasdescoteaux.com\/index.php?rest_route=\/wp\/v2\/pages\/3557\/revisions"}],"predecessor-version":[{"id":4741,"href":"http:\/\/nicolasdescoteaux.com\/index.php?rest_route=\/wp\/v2\/pages\/3557\/revisions\/4741"}],"up":[{"embeddable":true,"href":"http:\/\/nicolasdescoteaux.com\/index.php?rest_route=\/wp\/v2\/pages\/3298"}],"wp:attachment":[{"href":"http:\/\/nicolasdescoteaux.com\/index.php?rest_route=%2Fwp%2Fv2%2Fmedia&parent=3557"}],"curies":[{"name":"wp","href":"https:\/\/api.w.org\/{rel}","templated":true}]}}