{"id":3555,"date":"2018-05-25T14:56:46","date_gmt":"2018-05-25T14:56:46","guid":{"rendered":"http:\/\/nicolasdescoteaux.com\/?page_id=3555"},"modified":"2019-01-02T20:25:00","modified_gmt":"2019-01-02T20:25:00","slug":"3-id","status":"publish","type":"page","link":"http:\/\/nicolasdescoteaux.com\/?page_id=3555","title":{"rendered":"3- ID"},"content":{"rendered":"<div class=\"wpb-content-wrapper\"><p>[vc_row][vc_column][vc_gallery type=&#8221;flexslider_slide&#8221; interval=&#8221;0&#8243; images=&#8221;4683,4684,4685,4686,4687,4688,4689,4690,4691,4692,4693,4694,4695,4696,4697,4698,4699&#8243; img_size=&#8221;full&#8221; onclick=&#8221;&#8221; css_animation=&#8221;slideInDown&#8221;][\/vc_column][\/vc_row][vc_row][vc_column offset=&#8221;vc_col-sm-offset-1 vc_col-xs-offset-1 vc_col-xs-12&#8243;][vc_custom_heading text=&#8221;ID |CIRQUE ELOIZE&#8221; font_container=&#8221;tag:h1|text_align:left&#8221; use_theme_fonts=&#8221;yes&#8221; css_animation=&#8221;cms_animate wow slideInRight&#8221; cms_custom_headding_type=&#8221;heading-borderleft-textbold&#8221;][\/vc_column][\/vc_row][vc_row row_mask_bg=&#8221;&#8221; row_arrow=&#8221;&#8221; css=&#8221;.vc_custom_1518409839979{padding-top: 30px !important;}&#8221;][vc_column width=&#8221;1\/2&#8243;][vc_column_text css=&#8221;.vc_custom_1541841307748{padding-left: 30px !important;}&#8221;]&nbsp;<\/p>\n<p class=\"paragraph_style_2\"><strong>Mise en sc\u00e8ne :<\/strong> Jeannot Painchaud<\/p>\n<p class=\"paragraph_style_2\"><strong>Chor\u00e9graphie :<\/strong> Mourad Merzouki<\/p>\n<p>&nbsp;<\/p>\n<p class=\"paragraph_style_2\"><strong>Sc\u00e9nographie :<\/strong> Robert Massicotte<\/p>\n<p class=\"paragraph_style_2\"><strong>Lumi\u00e8res :<\/strong> Nicolas Desc\u00f4teaux<\/p>\n<p class=\"paragraph_style_2\">Costumes: Linda Brunelle<\/p>\n<p class=\"paragraph_style_2\">Musique originale: Jean-Phi Goncalv\u00e8s et Alex Mc Mahon<\/p>\n<p class=\"paragraph_style_2\"><strong>Vid\u00e9o :<\/strong> Alexis Laurence et Robert Massicotte<\/p>\n<p class=\"paragraph_style_2\"><strong>Photos :<\/strong> Nicolas Desc\u00f4teaux<\/p>\n<p class=\"paragraph_style_3\"><strong>Production :<\/strong> CIRQUE ELOIZE<\/p>\n<p class=\"paragraph_style_3\">Cr\u00e9ation Cor\u00e9e 2009, Montr\u00e9al 2010,<\/p>\n<p class=\"paragraph_style_3\">Tourn\u00e9e Mondiale 2010-2017<\/p>\n<p>[\/vc_column_text][\/vc_column][vc_column width=&#8221;1\/2&#8243;][vc_custom_heading text=&#8221;Description | Citations&#8221; font_container=&#8221;tag:h3|text_align:left&#8221; use_theme_fonts=&#8221;yes&#8221;][vc_column_text]<\/p>\n<p class=\"paragraph_style\">Avec cette nouvelle cr\u00e9ation, la compagnie du Cirque Eloize, allait proposer un spectacle original, moderne et urbain d\u00e9di\u00e9 au Global fair &amp; festival 2009 \u00e0 Incheon, ville du XXI\u00e8 si\u00e8cle cr\u00e9\u00e9e de toutes pi\u00e8ces sur les eaux de la Cor\u00e9e du Sud. \u00c0 l\u2019instar de cette nouvelle ville, le concept pointa vers les b\u00e9d\u00e9istes\u00a0 Fran\u00e7ois Schuiten et Enki Bilal en un \u00e9chos de la ville futuriste en y int\u00e9grant un c\u00f4t\u00e9 po\u00e9tique sorte de transposition et de mutation de la r\u00e9alit\u00e9. La structure sc\u00e9nographique comportait de hauts murs rigides d\u2019o\u00f9 les acrobates pouvaient s\u2019\u00e9lancer constamment et o\u00f9 des murailles vid\u00e9o allaient colorier et donner la tonalit\u00e9 de l\u2019imaginaire d\u00e9cal\u00e9 de cette ville invent\u00e9e. Une mince ligne m\u00e9diane allait aussi faire coexister la danse urbaine et les arts du cirque dans des num\u00e9ros tant\u00f4t sensibles ou \u00e9lectrisants.<\/p>\n<p class=\"paragraph_style\">En int\u00e9grant la vid\u00e9o, la musique \u00e9lectronique et la danse Hip-hop, la compagnie touchait \u00e0 un tout autre style, auquel nous n\u2019avions pas \u00e9t\u00e9 habitu\u00e9.<\/p>\n<p>[\/vc_column_text][\/vc_column][\/vc_row][vc_row row_mask_bg=&#8221;&#8221; row_arrow=&#8221;&#8221; css=&#8221;.vc_custom_1518423354950{padding-top: 40px !important;}&#8221;][vc_column][vc_text_separator title=&#8221;PRESSE&#8221;][\/vc_column][\/vc_row][vc_row][vc_column][vc_column_text css=&#8221;.vc_custom_1541839755492{padding-top: 20px !important;padding-bottom: 20px !important;}&#8221;][\/vc_column_text][\/vc_column][\/vc_row]<\/p>\n<\/div>","protected":false},"excerpt":{"rendered":"<p>[vc_row][vc_column][vc_gallery type=&#8221;flexslider_slide&#8221; interval=&#8221;0&#8243; images=&#8221;4683,4684,4685,4686,4687,4688,4689,4690,4691,4692,4693,4694,4695,4696,4697,4698,4699&#8243; img_size=&#8221;full&#8221; onclick=&#8221;&#8221; css_animation=&#8221;slideInDown&#8221;][\/vc_column][\/vc_row][vc_row][vc_column offset=&#8221;vc_col-sm-offset-1 vc_col-xs-offset-1 vc_col-xs-12&#8243;][vc_custom_heading text=&#8221;ID |CIRQUE ELOIZE&#8221; font_container=&#8221;tag:h1|text_align:left&#8221; use_theme_fonts=&#8221;yes&#8221; css_animation=&#8221;cms_animate wow slideInRight&#8221; cms_custom_headding_type=&#8221;heading-borderleft-textbold&#8221;][\/vc_column][\/vc_row][vc_row row_mask_bg=&#8221;&#8221; row_arrow=&#8221;&#8221; css=&#8221;.vc_custom_1518409839979{padding-top: 30px !important;}&#8221;][vc_column width=&#8221;1\/2&#8243;][vc_column_text<\/p>\n","protected":false},"author":1,"featured_media":0,"parent":3298,"menu_order":0,"comment_status":"closed","ping_status":"closed","template":"","meta":[],"_links":{"self":[{"href":"http:\/\/nicolasdescoteaux.com\/index.php?rest_route=\/wp\/v2\/pages\/3555"}],"collection":[{"href":"http:\/\/nicolasdescoteaux.com\/index.php?rest_route=\/wp\/v2\/pages"}],"about":[{"href":"http:\/\/nicolasdescoteaux.com\/index.php?rest_route=\/wp\/v2\/types\/page"}],"author":[{"embeddable":true,"href":"http:\/\/nicolasdescoteaux.com\/index.php?rest_route=\/wp\/v2\/users\/1"}],"replies":[{"embeddable":true,"href":"http:\/\/nicolasdescoteaux.com\/index.php?rest_route=%2Fwp%2Fv2%2Fcomments&post=3555"}],"version-history":[{"count":4,"href":"http:\/\/nicolasdescoteaux.com\/index.php?rest_route=\/wp\/v2\/pages\/3555\/revisions"}],"predecessor-version":[{"id":4740,"href":"http:\/\/nicolasdescoteaux.com\/index.php?rest_route=\/wp\/v2\/pages\/3555\/revisions\/4740"}],"up":[{"embeddable":true,"href":"http:\/\/nicolasdescoteaux.com\/index.php?rest_route=\/wp\/v2\/pages\/3298"}],"wp:attachment":[{"href":"http:\/\/nicolasdescoteaux.com\/index.php?rest_route=%2Fwp%2Fv2%2Fmedia&parent=3555"}],"curies":[{"name":"wp","href":"https:\/\/api.w.org\/{rel}","templated":true}]}}