{"id":3553,"date":"2018-05-25T14:56:16","date_gmt":"2018-05-25T14:56:16","guid":{"rendered":"http:\/\/nicolasdescoteaux.com\/?page_id=3553"},"modified":"2019-01-02T20:23:35","modified_gmt":"2019-01-02T20:23:35","slug":"3-omaterra-2","status":"publish","type":"page","link":"http:\/\/nicolasdescoteaux.com\/?page_id=3553","title":{"rendered":"3- Omaterra 2"},"content":{"rendered":"<div class=\"wpb-content-wrapper\"><p>[vc_row][vc_column][vc_gallery type=&#8221;flexslider_slide&#8221; interval=&#8221;0&#8243; images=&#8221;4665,4664,4663,4662,4660,4661,4652,4666,4667,4668,4675,4674,4672,4671,4670,4669,4676,4677,4678,4679,4680,4681,4682&#8243; img_size=&#8221;full&#8221; onclick=&#8221;&#8221; css_animation=&#8221;slideInDown&#8221;][\/vc_column][\/vc_row][vc_row][vc_column offset=&#8221;vc_col-sm-offset-1 vc_col-xs-offset-1 vc_col-xs-12&#8243;][vc_custom_heading text=&#8221;OMATERRA |L&#8217;AN 2&#8243; font_container=&#8221;tag:h1|text_align:left&#8221; use_theme_fonts=&#8221;yes&#8221; css_animation=&#8221;cms_animate wow slideInRight&#8221; cms_custom_headding_type=&#8221;heading-borderleft-textbold&#8221;][\/vc_column][\/vc_row][vc_row row_mask_bg=&#8221;&#8221; row_arrow=&#8221;&#8221; css=&#8221;.vc_custom_1518409839979{padding-top: 30px !important;}&#8221;][vc_column width=&#8221;1\/2&#8243;][vc_column_text css=&#8221;.vc_custom_1541841381051{padding-left: 30px !important;}&#8221;]&nbsp;<\/p>\n<p><strong>Auteurs :<\/strong> Pierre-Yves Bernard, St\u00e9phane Baillaigeon<\/p>\n<p><strong>Mise en sc\u00e8ne :<\/strong> Jean-Guy Legault<\/p>\n<p class=\"paragraph_style_2\"><strong>Chor\u00e9graphies :<\/strong> Catherine Archambault<\/p>\n<p class=\"paragraph_style_2\"><strong>Sc\u00e9nographie :\u00a0<\/strong>Claude Goyette<\/p>\n<p class=\"paragraph_style_2\"><strong>Costumes :<\/strong> Mireille Vachon<\/p>\n<p class=\"paragraph_style_2\"><strong>Maquillage :<\/strong> Nathalie Gagn\u00e9<\/p>\n<p class=\"paragraph_style_3\"><strong>Lumi\u00e8res :<\/strong> Nicolas Desc\u00f4teaux<\/p>\n<p class=\"paragraph_style_3\"><strong>Musique :<\/strong> Samuel Laflamme<\/p>\n<p class=\"paragraph_style_3\"><strong>Concept Sonore :<\/strong> Guy H\u00e9bert<\/p>\n<p class=\"paragraph_style_3\"><strong>Vid\u00e9ographie :<\/strong> Anh Minh Truong<\/p>\n<p><strong>Photos :<\/strong> \u00a9 Nicolas Desc\u00f4teaux<\/p>\n<p>&nbsp;<\/p>\n<p><strong>PRODUCTION :<\/strong> Sherbrooke 2011[\/vc_column_text][\/vc_column][vc_column width=&#8221;1\/2&#8243;][vc_custom_heading text=&#8221;Description | &#8221; font_container=&#8221;tag:h3|text_align:left&#8221; use_theme_fonts=&#8221;yes&#8221;][vc_column_text]<\/p>\n<p class=\"paragraph_style_1\">Unique en son genre, OMATERRA, le grand spectacle de l\u2019eau, pr\u00e9sente une com\u00e9die l\u00e9g\u00e8re et rafra\u00eechissante ralliant l&#8217;eau, les acrobaties et le rire. Une aventure qui plonge les spectateurs dans un univers follement amusant o\u00f9 le terme cascade prend tout son sens!<\/p>\n<p class=\"paragraph_style_1\">Les effets visuels et sonores et les performances sc\u00e9niques \u00e9poustouflantes en mettront plein la vue aux spectateurs dans le d\u00e9cor urbain du centre-ville de Sherbrooke! Une mise en sc\u00e8ne renouvel\u00e9e, des num\u00e9ros in\u00e9dits et de nouveaux personnages sauront vous s\u00e9duire pour cette deuxi\u00e8me saison d\u2019Omaterra. Un spectacle \u00e0 grand d\u00e9ploiement \u00e0 voir absolument!<\/p>\n<p>[\/vc_column_text][\/vc_column][\/vc_row][vc_row row_mask_bg=&#8221;&#8221; row_arrow=&#8221;&#8221; css=&#8221;.vc_custom_1518423354950{padding-top: 40px !important;}&#8221;][vc_column][vc_text_separator title=&#8221;PRESSE&#8221;][\/vc_column][\/vc_row][vc_row][vc_column][vc_column_text css=&#8221;.vc_custom_1541839505463{padding-top: 20px !important;padding-bottom: 20px !important;}&#8221;][\/vc_column_text][\/vc_column][\/vc_row]<\/p>\n<\/div>","protected":false},"excerpt":{"rendered":"<p>[vc_row][vc_column][vc_gallery type=&#8221;flexslider_slide&#8221; interval=&#8221;0&#8243; images=&#8221;4665,4664,4663,4662,4660,4661,4652,4666,4667,4668,4675,4674,4672,4671,4670,4669,4676,4677,4678,4679,4680,4681,4682&#8243; img_size=&#8221;full&#8221; onclick=&#8221;&#8221; css_animation=&#8221;slideInDown&#8221;][\/vc_column][\/vc_row][vc_row][vc_column offset=&#8221;vc_col-sm-offset-1 vc_col-xs-offset-1 vc_col-xs-12&#8243;][vc_custom_heading text=&#8221;OMATERRA |L&#8217;AN 2&#8243; font_container=&#8221;tag:h1|text_align:left&#8221; use_theme_fonts=&#8221;yes&#8221; css_animation=&#8221;cms_animate wow slideInRight&#8221; cms_custom_headding_type=&#8221;heading-borderleft-textbold&#8221;][\/vc_column][\/vc_row][vc_row row_mask_bg=&#8221;&#8221; row_arrow=&#8221;&#8221; css=&#8221;.vc_custom_1518409839979{padding-top: 30px !important;}&#8221;][vc_column width=&#8221;1\/2&#8243;][vc_column_text<\/p>\n","protected":false},"author":1,"featured_media":0,"parent":3298,"menu_order":0,"comment_status":"closed","ping_status":"closed","template":"","meta":[],"_links":{"self":[{"href":"http:\/\/nicolasdescoteaux.com\/index.php?rest_route=\/wp\/v2\/pages\/3553"}],"collection":[{"href":"http:\/\/nicolasdescoteaux.com\/index.php?rest_route=\/wp\/v2\/pages"}],"about":[{"href":"http:\/\/nicolasdescoteaux.com\/index.php?rest_route=\/wp\/v2\/types\/page"}],"author":[{"embeddable":true,"href":"http:\/\/nicolasdescoteaux.com\/index.php?rest_route=\/wp\/v2\/users\/1"}],"replies":[{"embeddable":true,"href":"http:\/\/nicolasdescoteaux.com\/index.php?rest_route=%2Fwp%2Fv2%2Fcomments&post=3553"}],"version-history":[{"count":4,"href":"http:\/\/nicolasdescoteaux.com\/index.php?rest_route=\/wp\/v2\/pages\/3553\/revisions"}],"predecessor-version":[{"id":4739,"href":"http:\/\/nicolasdescoteaux.com\/index.php?rest_route=\/wp\/v2\/pages\/3553\/revisions\/4739"}],"up":[{"embeddable":true,"href":"http:\/\/nicolasdescoteaux.com\/index.php?rest_route=\/wp\/v2\/pages\/3298"}],"wp:attachment":[{"href":"http:\/\/nicolasdescoteaux.com\/index.php?rest_route=%2Fwp%2Fv2%2Fmedia&parent=3553"}],"curies":[{"name":"wp","href":"https:\/\/api.w.org\/{rel}","templated":true}]}}