{"id":3551,"date":"2018-05-25T14:55:54","date_gmt":"2018-05-25T14:55:54","guid":{"rendered":"http:\/\/nicolasdescoteaux.com\/?page_id=3551"},"modified":"2019-01-02T20:21:33","modified_gmt":"2019-01-02T20:21:33","slug":"3-timber","status":"publish","type":"page","link":"http:\/\/nicolasdescoteaux.com\/?page_id=3551","title":{"rendered":"3- Timber!"},"content":{"rendered":"<div class=\"wpb-content-wrapper\"><p>[vc_row][vc_column][vc_gallery type=&#8221;flexslider_slide&#8221; interval=&#8221;0&#8243; images=&#8221;4643,4644,4645,4646,4647,4654,4652,4653,4651,4650,4649,4648,4655,4656,4657,4658,4659&#8243; img_size=&#8221;full&#8221; onclick=&#8221;&#8221; css_animation=&#8221;slideInDown&#8221;][\/vc_column][\/vc_row][vc_row][vc_column offset=&#8221;vc_col-sm-offset-1 vc_col-xs-offset-1 vc_col-xs-12&#8243;][vc_custom_heading text=&#8221;TIMBER! |CIRQUE ALFONSE&#8221; font_container=&#8221;tag:h1|text_align:left&#8221; use_theme_fonts=&#8221;yes&#8221; css_animation=&#8221;cms_animate wow slideInRight&#8221; cms_custom_headding_type=&#8221;heading-borderleft-textbold&#8221;][\/vc_column][\/vc_row][vc_row row_mask_bg=&#8221;&#8221; row_arrow=&#8221;&#8221; css=&#8221;.vc_custom_1518409839979{padding-top: 30px !important;}&#8221;][vc_column width=&#8221;1\/2&#8243;][vc_column_text css=&#8221;.vc_custom_1541841460181{padding-left: 30px !important;}&#8221;]&nbsp;<\/p>\n<p><strong>Mise en sc\u00e8ne :<\/strong> Alain Francoeur<\/p>\n<p><strong>Sc\u00e9nographie : <\/strong>Nicolas Descoteaux<\/p>\n<p><strong>Lumi\u00e8res :<\/strong> Nicolas Desc\u00f4teaux<\/p>\n<p><strong>Musique originale :\u00a0<\/strong>David Boulanger, David Simard<\/p>\n<p class=\"paragraph_style_4\"><strong>Photos :<\/strong> \u00a9 Nicolas Desc\u00f4teaux<\/p>\n<p>&nbsp;<\/p>\n<p><strong>PRODUCTION :<\/strong> Espace GO, Montr\u00e9al &#8211; 2011<\/p>\n<p>Tourn\u00e9e Mondiale : 2011 &#8211; 2016[\/vc_column_text][\/vc_column][vc_column width=&#8221;1\/2&#8243;][vc_custom_heading text=&#8221;Description |&#8221; font_container=&#8221;tag:h3|text_align:left&#8221; use_theme_fonts=&#8221;yes&#8221;][vc_column_text]<\/p>\n<p class=\"paragraph_style_1\">Avec sa nouvelle cr\u00e9ation, Timber!, le Cirque Alfonse poursuit sa d\u00e9marche initi\u00e9e lors de son premier spectacle, La Brunante, en s\u2019inspirant \u00e0 nouveau du patrimoine qu\u00e9b\u00e9cois : les camps de b\u00fbcherons. Confin\u00e9s dans un espace clos cr\u00e9\u00e9 de mati\u00e8re brute, sept interpr\u00e8tes sont confront\u00e9s \u00e0 un questionnement sur l\u2019effort physique, l\u2019isolement, la cohabitation, la tol\u00e9rance et l\u2019acceptation de l\u2019autre. Le cirque, la danse, le th\u00e9\u00e2tre, le chant, et la musique se fusionnent ou s\u2019entrechoquent pour donner naissance \u00e0 une \u0153uvre empreinte d\u2019une grande humanit\u00e9. Cet univers circassien unique prend forme dans l\u2019exploitation de mat\u00e9riaux r\u00e9els associ\u00e9s aux camps de b\u00fbcherons r\u00e9actualis\u00e9s dans une lecture contemporaine. Avec des interpr\u00e8tes polyvalents, ayant une complicit\u00e9 directe avec le public, la compagnie mise une fois de plus sur un mariage heureux entre la performance, l\u2019humour et la po\u00e9sie.<\/p>\n<p class=\"paragraph_style_2\">Avec sa nouvelle cr\u00e9ation, Timber!, le Cirque Alfonse r\u00e9unit \u00e0 nouveau le clan Carabinier L\u00e9pine pour s\u2019inscrire de fa\u00e7on permanente dans le paysage circassien qu\u00e9b\u00e9cois.<\/p>\n<p>[\/vc_column_text][\/vc_column][\/vc_row][vc_row row_mask_bg=&#8221;&#8221; row_arrow=&#8221;&#8221; css=&#8221;.vc_custom_1518423354950{padding-top: 40px !important;}&#8221;][vc_column][vc_text_separator title=&#8221;PRESSE&#8221;][\/vc_column][\/vc_row][vc_row][vc_column][vc_column_text css=&#8221;.vc_custom_1541839078738{padding-top: 20px !important;padding-bottom: 20px !important;}&#8221;][\/vc_column_text][\/vc_column][\/vc_row]<\/p>\n<\/div>","protected":false},"excerpt":{"rendered":"<p>[vc_row][vc_column][vc_gallery type=&#8221;flexslider_slide&#8221; interval=&#8221;0&#8243; images=&#8221;4643,4644,4645,4646,4647,4654,4652,4653,4651,4650,4649,4648,4655,4656,4657,4658,4659&#8243; img_size=&#8221;full&#8221; onclick=&#8221;&#8221; css_animation=&#8221;slideInDown&#8221;][\/vc_column][\/vc_row][vc_row][vc_column offset=&#8221;vc_col-sm-offset-1 vc_col-xs-offset-1 vc_col-xs-12&#8243;][vc_custom_heading text=&#8221;TIMBER! |CIRQUE ALFONSE&#8221; font_container=&#8221;tag:h1|text_align:left&#8221; use_theme_fonts=&#8221;yes&#8221; css_animation=&#8221;cms_animate wow slideInRight&#8221; cms_custom_headding_type=&#8221;heading-borderleft-textbold&#8221;][\/vc_column][\/vc_row][vc_row row_mask_bg=&#8221;&#8221; row_arrow=&#8221;&#8221; css=&#8221;.vc_custom_1518409839979{padding-top: 30px !important;}&#8221;][vc_column width=&#8221;1\/2&#8243;][vc_column_text<\/p>\n","protected":false},"author":1,"featured_media":0,"parent":3298,"menu_order":0,"comment_status":"closed","ping_status":"closed","template":"","meta":[],"_links":{"self":[{"href":"http:\/\/nicolasdescoteaux.com\/index.php?rest_route=\/wp\/v2\/pages\/3551"}],"collection":[{"href":"http:\/\/nicolasdescoteaux.com\/index.php?rest_route=\/wp\/v2\/pages"}],"about":[{"href":"http:\/\/nicolasdescoteaux.com\/index.php?rest_route=\/wp\/v2\/types\/page"}],"author":[{"embeddable":true,"href":"http:\/\/nicolasdescoteaux.com\/index.php?rest_route=\/wp\/v2\/users\/1"}],"replies":[{"embeddable":true,"href":"http:\/\/nicolasdescoteaux.com\/index.php?rest_route=%2Fwp%2Fv2%2Fcomments&post=3551"}],"version-history":[{"count":4,"href":"http:\/\/nicolasdescoteaux.com\/index.php?rest_route=\/wp\/v2\/pages\/3551\/revisions"}],"predecessor-version":[{"id":4738,"href":"http:\/\/nicolasdescoteaux.com\/index.php?rest_route=\/wp\/v2\/pages\/3551\/revisions\/4738"}],"up":[{"embeddable":true,"href":"http:\/\/nicolasdescoteaux.com\/index.php?rest_route=\/wp\/v2\/pages\/3298"}],"wp:attachment":[{"href":"http:\/\/nicolasdescoteaux.com\/index.php?rest_route=%2Fwp%2Fv2%2Fmedia&parent=3551"}],"curies":[{"name":"wp","href":"https:\/\/api.w.org\/{rel}","templated":true}]}}