{"id":3547,"date":"2018-05-25T14:55:12","date_gmt":"2018-05-25T14:55:12","guid":{"rendered":"http:\/\/nicolasdescoteaux.com\/?page_id=3547"},"modified":"2019-01-02T20:17:09","modified_gmt":"2019-01-02T20:17:09","slug":"3-cirkopolis","status":"publish","type":"page","link":"http:\/\/nicolasdescoteaux.com\/?page_id=3547","title":{"rendered":"3- Cirkopolis"},"content":{"rendered":"<div class=\"wpb-content-wrapper\"><p>[vc_row][vc_column][vc_gallery type=&#8221;flexslider_slide&#8221; interval=&#8221;0&#8243; images=&#8221;4612,4613,4614,4615,4616,4617,4618,4619,4621,4620,4622,4623,4624,4625,4626&#8243; img_size=&#8221;full&#8221; onclick=&#8221;&#8221; css_animation=&#8221;slideInDown&#8221;][\/vc_column][\/vc_row][vc_row][vc_column offset=&#8221;vc_col-sm-offset-1 vc_col-xs-offset-1 vc_col-xs-12&#8243;][vc_custom_heading text=&#8221;CIRKOPOLIS |CIRQUE ELOIZE&#8221; font_container=&#8221;tag:h1|text_align:left&#8221; use_theme_fonts=&#8221;yes&#8221; css_animation=&#8221;cms_animate wow slideInRight&#8221; cms_custom_headding_type=&#8221;heading-borderleft-textbold&#8221;][\/vc_column][\/vc_row][vc_row row_mask_bg=&#8221;&#8221; row_arrow=&#8221;&#8221; css=&#8221;.vc_custom_1518409839979{padding-top: 30px !important;}&#8221;][vc_column width=&#8221;1\/2&#8243;][vc_column_text css=&#8221;.vc_custom_1541841647897{padding-left: 30px !important;}&#8221;]&nbsp;<\/p>\n<p><strong>Mise en sc\u00e8ne :<\/strong> Jeannot Painchaud, Dave St-Pierre<\/p>\n<p><strong>Chor\u00e9graphie :<\/strong> Dave St-Pierre<\/p>\n<p>&nbsp;<\/p>\n<p><strong>Sc\u00e9nographie : <\/strong>Robert Massicotte<\/p>\n<p><strong>Costumes :<\/strong> Liz Vandal<\/p>\n<p><strong>Lumi\u00e8res :<\/strong> Nicolas Desc\u00f4teaux<\/p>\n<p><strong>Musique originale :<\/strong> St\u00e9phane Boucher<\/p>\n<p><strong>Vid\u00e9o :<\/strong> Robert Massicotte, Alexis Laurence et Jimmy Lakatos<\/p>\n<p><strong>Photos :<\/strong> \u00a9 Nicolas Desc\u00f4teaux<\/p>\n<p>&nbsp;<\/p>\n<p><strong>PRODUCTION :\u00a0<\/strong>CIRQUE ELOIZE<\/p>\n<p class=\"paragraph_style_3\">Helsinki 2012,<\/p>\n<p class=\"paragraph_style_3\">Tourn\u00e9e Mondiale 2012-2018<\/p>\n<div class=\"style\"><\/div>\n<p>[\/vc_column_text][\/vc_column][vc_column width=&#8221;1\/2&#8243;][vc_custom_heading text=&#8221;Description | &#8221; font_container=&#8221;tag:h3|text_align:left&#8221; use_theme_fonts=&#8221;yes&#8221;][vc_column_text]<\/p>\n<p class=\"paragraph_style\">Pour cette nouvelle production, le Cirque \u00c9loize plonge dans l\u2019univers \u00e9clat\u00e9 de la bande dessin\u00e9e et pousse encore plus loin la recherche sonore et visuelle \u00e0 travers des projections de toutes sortes.<\/p>\n<p class=\"paragraph_style\">La bande dessin\u00e9e am\u00e8ne cette id\u00e9e d\u2019images en mouvement, presque cin\u00e9matographiques, qu\u2019on peut avancer, reculer, ralentir ou arr\u00eater. Dans cet univers sc\u00e9nique navigant entre la danse, le cirque et le th\u00e9\u00e2tre, les personnages, les objets et les gestes sont anim\u00e9s par le souffle de la po\u00e9sie et de la musicalit\u00e9. Ce spectacle teint\u00e9 d\u2019humour am\u00e8nera le spectateur dans un v\u00e9ritable vertige sonore et visuel passant du monde de la BD \u00e0 la r\u00e9alit\u00e9.<\/p>\n<p class=\"paragraph_style\">Gr\u00e2ce aux prouesses de douze artistes, plusieurs disciplines acrobatiques sont au rendez-vous, dont des num\u00e9ros de haut niveau de diabolo, de trap\u00e8ze, de corde lisse, de Roue cyr et de contorsion. Le tout s\u2019harmonisera aux projections et au d\u00e9cor compos\u00e9 d\u2019\u00e9crans et d\u2019effets de transparences, inspir\u00e9 librement d\u2019un imaginaire surr\u00e9aliste et clownesque. Dans une succession graphique ininterrompue d\u2019images, de dessins et d\u2019illusions apparaissant et disparaissant au fil du spectacle, le Cirque \u00c9loize fera voyager les artistes et les spectateurs entre le r\u00eave et la r\u00e9alit\u00e9 pour leur plus grand plaisir.<\/p>\n<p>[\/vc_column_text][\/vc_column][\/vc_row][vc_row row_mask_bg=&#8221;&#8221; row_arrow=&#8221;&#8221; css=&#8221;.vc_custom_1518423354950{padding-top: 40px !important;}&#8221;][vc_column][vc_text_separator title=&#8221;PRESSE&#8221;][\/vc_column][\/vc_row][vc_row][vc_column][vc_column_text css=&#8221;.vc_custom_1541838060187{padding-top: 20px !important;padding-bottom: 20px !important;}&#8221;]<\/p>\n<h2 style=\"text-align: center;\">Drama desk Award 2014\u00a0 &#8211; <span class=\"style_3\">Best Theatrical Experience<\/span><\/h2>\n<p>[\/vc_column_text][\/vc_column][\/vc_row]<\/p>\n<\/div>","protected":false},"excerpt":{"rendered":"<p>[vc_row][vc_column][vc_gallery type=&#8221;flexslider_slide&#8221; interval=&#8221;0&#8243; images=&#8221;4612,4613,4614,4615,4616,4617,4618,4619,4621,4620,4622,4623,4624,4625,4626&#8243; img_size=&#8221;full&#8221; onclick=&#8221;&#8221; css_animation=&#8221;slideInDown&#8221;][\/vc_column][\/vc_row][vc_row][vc_column offset=&#8221;vc_col-sm-offset-1 vc_col-xs-offset-1 vc_col-xs-12&#8243;][vc_custom_heading text=&#8221;CIRKOPOLIS |CIRQUE ELOIZE&#8221; font_container=&#8221;tag:h1|text_align:left&#8221; use_theme_fonts=&#8221;yes&#8221; css_animation=&#8221;cms_animate wow slideInRight&#8221; cms_custom_headding_type=&#8221;heading-borderleft-textbold&#8221;][\/vc_column][\/vc_row][vc_row row_mask_bg=&#8221;&#8221; row_arrow=&#8221;&#8221; css=&#8221;.vc_custom_1518409839979{padding-top: 30px !important;}&#8221;][vc_column width=&#8221;1\/2&#8243;][vc_column_text<\/p>\n","protected":false},"author":1,"featured_media":0,"parent":3298,"menu_order":0,"comment_status":"closed","ping_status":"closed","template":"","meta":[],"_links":{"self":[{"href":"http:\/\/nicolasdescoteaux.com\/index.php?rest_route=\/wp\/v2\/pages\/3547"}],"collection":[{"href":"http:\/\/nicolasdescoteaux.com\/index.php?rest_route=\/wp\/v2\/pages"}],"about":[{"href":"http:\/\/nicolasdescoteaux.com\/index.php?rest_route=\/wp\/v2\/types\/page"}],"author":[{"embeddable":true,"href":"http:\/\/nicolasdescoteaux.com\/index.php?rest_route=\/wp\/v2\/users\/1"}],"replies":[{"embeddable":true,"href":"http:\/\/nicolasdescoteaux.com\/index.php?rest_route=%2Fwp%2Fv2%2Fcomments&post=3547"}],"version-history":[{"count":4,"href":"http:\/\/nicolasdescoteaux.com\/index.php?rest_route=\/wp\/v2\/pages\/3547\/revisions"}],"predecessor-version":[{"id":4736,"href":"http:\/\/nicolasdescoteaux.com\/index.php?rest_route=\/wp\/v2\/pages\/3547\/revisions\/4736"}],"up":[{"embeddable":true,"href":"http:\/\/nicolasdescoteaux.com\/index.php?rest_route=\/wp\/v2\/pages\/3298"}],"wp:attachment":[{"href":"http:\/\/nicolasdescoteaux.com\/index.php?rest_route=%2Fwp%2Fv2%2Fmedia&parent=3547"}],"curies":[{"name":"wp","href":"https:\/\/api.w.org\/{rel}","templated":true}]}}