{"id":3532,"date":"2018-05-25T14:46:45","date_gmt":"2018-05-25T14:46:45","guid":{"rendered":"http:\/\/nicolasdescoteaux.com\/?page_id=3532"},"modified":"2018-12-01T00:39:20","modified_gmt":"2018-12-01T00:39:20","slug":"1-oreille-tigre-et-bruit","status":"publish","type":"page","link":"http:\/\/nicolasdescoteaux.com\/?page_id=3532","title":{"rendered":"1- Oreille, tigre et bruit"},"content":{"rendered":"<div class=\"wpb-content-wrapper\"><p>[vc_row][vc_column][vc_gallery type=&#8221;flexslider_slide&#8221; interval=&#8221;0&#8243; images=&#8221;4349,4356,4355,4354,4353,4352,4351,4350&#8243; img_size=&#8221;full&#8221; onclick=&#8221;&#8221; css_animation=&#8221;slideInDown&#8221;][\/vc_column][\/vc_row][vc_row][vc_column offset=&#8221;vc_col-sm-offset-1 vc_col-xs-offset-1 vc_col-xs-12&#8243;][vc_custom_heading text=&#8221;OREILLES |TIGRE ET BRUIT&#8221; font_container=&#8221;tag:h1|text_align:left&#8221; use_theme_fonts=&#8221;yes&#8221; css_animation=&#8221;cms_animate wow slideInRight&#8221; cms_custom_headding_type=&#8221;heading-borderleft-textbold&#8221;][\/vc_column][\/vc_row][vc_row row_mask_bg=&#8221;&#8221; row_arrow=&#8221;&#8221; css=&#8221;.vc_custom_1518409839979{padding-top: 30px !important;}&#8221;][vc_column width=&#8221;1\/2&#8243;][vc_column_text css=&#8221;.vc_custom_1541345572626{padding-left: 30px !important;}&#8221;]<strong>Texte :<\/strong> <span class=\"style_1\">Alexis Martin<\/span><\/p>\n<p><strong>Mise en sc\u00e8ne :<\/strong>\u00a0Daniel Bri\u00e8re<\/p>\n<p>&nbsp;<\/p>\n<p><strong>Sc\u00e9nographie :\u00a0<\/strong><span class=\"style_1\">Jonas Verof-Bouchard <\/span><\/p>\n<p><strong>Costumes :<\/strong> <span class=\"style_1\">Claire Geoffrion<\/span><\/p>\n<p><strong>Lumi\u00e8res :<\/strong> Nicolas Desc\u00f4teaux<\/p>\n<p><span class=\"style_1\"><strong>Musique originale<\/strong>\u00a0: John R\u00e9a<\/span><\/p>\n<p><span class=\"style_1\"><strong>Vid\u00e9o\u00a0:<\/strong> Yves Labelle<\/span><\/p>\n<p><strong>Photos :<\/strong> \u00a9 Nicolas Desc\u00f4teaux<\/p>\n<p>&nbsp;<\/p>\n<p><strong>PRODUCTION :\u00a0<\/strong><span class=\"style_1\">Th\u00e9\u00e2tre d&#8217;Aujourd&#8217;hui<br \/>\n<\/span><\/p>\n<p class=\"paragraph_style\"><span class=\"style_1\">Montr\u00e9al 2008<\/span><\/p>\n<p>[\/vc_column_text][\/vc_column][vc_column width=&#8221;1\/2&#8243;][vc_custom_heading text=&#8221;Description | Citations&#8221; font_container=&#8221;tag:h3|text_align:left&#8221; use_theme_fonts=&#8221;yes&#8221;][vc_column_text]<\/p>\n<p class=\"paragraph_style\"><span class=\"style_1\">Voici un projet int\u00e9ressant o\u00f9 la lumi\u00e8re est devenue sc\u00e9nographique.\u00a0 La proposition du d\u00e9cor se voulait tr\u00e8s organique pour un des quatre lieux principaux de cette pi\u00e8ce\u00a0; je voulais \u00e0 tout prix unifier les trois autres lieux dans l\u2019organisation de l\u2019espace central constitu\u00e9 d\u2019une sorte de cocon en perspective.\u00a0 En utilisant les structures d\u2019\u00e9clairage et les appareils eux-m\u00eames \u00e0 vue, on pouvait sentir une structure englobante et h\u00e9t\u00e9rog\u00e8ne qui allait faciliter la lecture et la facture visuelle, ainsi qu\u2019aider \u00e0 la fluidit\u00e9 des nombreuses transitions de lieux.<br \/>\n<\/span><\/p>\n<p>&nbsp;<\/p>\n<p class=\"paragraph_style\"><span class=\"style_1\">Pour les autres sc\u00e8nes plus oniriques, la lumi\u00e8re \u00e9tait moins englobante et distanci\u00e9e par le fait qu\u2019elle venait de positions au sol ou par des isolements tr\u00e8s \u00e9troits.<\/span><\/p>\n<p>[\/vc_column_text][\/vc_column][\/vc_row][vc_row row_mask_bg=&#8221;&#8221; row_arrow=&#8221;&#8221; css=&#8221;.vc_custom_1518423354950{padding-top: 40px !important;}&#8221;][vc_column][vc_text_separator title=&#8221;PRESSE&#8221;][\/vc_column][\/vc_row][vc_row][vc_column][vc_column_text css=&#8221;.vc_custom_1541345588623{padding-top: 20px !important;padding-bottom: 20px !important;}&#8221;]&nbsp;<\/p>\n<p>&nbsp;[\/vc_column_text][\/vc_column][\/vc_row]<\/p>\n<\/div>","protected":false},"excerpt":{"rendered":"<p>[vc_row][vc_column][vc_gallery type=&#8221;flexslider_slide&#8221; interval=&#8221;0&#8243; images=&#8221;4349,4356,4355,4354,4353,4352,4351,4350&#8243; img_size=&#8221;full&#8221; onclick=&#8221;&#8221; css_animation=&#8221;slideInDown&#8221;][\/vc_column][\/vc_row][vc_row][vc_column offset=&#8221;vc_col-sm-offset-1 vc_col-xs-offset-1 vc_col-xs-12&#8243;][vc_custom_heading text=&#8221;OREILLES |TIGRE ET BRUIT&#8221; font_container=&#8221;tag:h1|text_align:left&#8221; use_theme_fonts=&#8221;yes&#8221; css_animation=&#8221;cms_animate wow slideInRight&#8221; cms_custom_headding_type=&#8221;heading-borderleft-textbold&#8221;][\/vc_column][\/vc_row][vc_row row_mask_bg=&#8221;&#8221; row_arrow=&#8221;&#8221; css=&#8221;.vc_custom_1518409839979{padding-top: 30px !important;}&#8221;][vc_column<\/p>\n","protected":false},"author":1,"featured_media":0,"parent":3256,"menu_order":0,"comment_status":"closed","ping_status":"closed","template":"","meta":[],"_links":{"self":[{"href":"http:\/\/nicolasdescoteaux.com\/index.php?rest_route=\/wp\/v2\/pages\/3532"}],"collection":[{"href":"http:\/\/nicolasdescoteaux.com\/index.php?rest_route=\/wp\/v2\/pages"}],"about":[{"href":"http:\/\/nicolasdescoteaux.com\/index.php?rest_route=\/wp\/v2\/types\/page"}],"author":[{"embeddable":true,"href":"http:\/\/nicolasdescoteaux.com\/index.php?rest_route=\/wp\/v2\/users\/1"}],"replies":[{"embeddable":true,"href":"http:\/\/nicolasdescoteaux.com\/index.php?rest_route=%2Fwp%2Fv2%2Fcomments&post=3532"}],"version-history":[{"count":3,"href":"http:\/\/nicolasdescoteaux.com\/index.php?rest_route=\/wp\/v2\/pages\/3532\/revisions"}],"predecessor-version":[{"id":4380,"href":"http:\/\/nicolasdescoteaux.com\/index.php?rest_route=\/wp\/v2\/pages\/3532\/revisions\/4380"}],"up":[{"embeddable":true,"href":"http:\/\/nicolasdescoteaux.com\/index.php?rest_route=\/wp\/v2\/pages\/3256"}],"wp:attachment":[{"href":"http:\/\/nicolasdescoteaux.com\/index.php?rest_route=%2Fwp%2Fv2%2Fmedia&parent=3532"}],"curies":[{"name":"wp","href":"https:\/\/api.w.org\/{rel}","templated":true}]}}