{"id":3530,"date":"2018-05-25T14:46:09","date_gmt":"2018-05-25T14:46:09","guid":{"rendered":"http:\/\/nicolasdescoteaux.com\/?page_id=3530"},"modified":"2018-12-01T00:38:10","modified_gmt":"2018-12-01T00:38:10","slug":"1-big-shoot","status":"publish","type":"page","link":"http:\/\/nicolasdescoteaux.com\/?page_id=3530","title":{"rendered":"1- Big shoot"},"content":{"rendered":"<div class=\"wpb-content-wrapper\"><p>[vc_row][vc_column][vc_gallery type=&#8221;flexslider_slide&#8221; interval=&#8221;0&#8243; images=&#8221;4332,4348,4347,4346,4345,4344,4343,4342,4341,4340,4339,4338,4337,4336,4335,4334,4333&#8243; img_size=&#8221;full&#8221; onclick=&#8221;&#8221; css_animation=&#8221;slideInDown&#8221;][\/vc_column][\/vc_row][vc_row][vc_column offset=&#8221;vc_col-sm-offset-1 vc_col-xs-offset-1 vc_col-xs-12&#8243;][vc_custom_heading text=&#8221;BIG |SHOOT&#8221; font_container=&#8221;tag:h1|text_align:left&#8221; use_theme_fonts=&#8221;yes&#8221; css_animation=&#8221;cms_animate wow slideInRight&#8221; cms_custom_headding_type=&#8221;heading-borderleft-textbold&#8221;][\/vc_column][\/vc_row][vc_row row_mask_bg=&#8221;&#8221; row_arrow=&#8221;&#8221; css=&#8221;.vc_custom_1518409839979{padding-top: 30px !important;}&#8221;][vc_column width=&#8221;1\/2&#8243;][vc_column_text css=&#8221;.vc_custom_1541344424249{padding-left: 30px !important;}&#8221;]<strong>Texte :<\/strong> <span class=\"style_1\">Koffi Kwolul\u00e9<\/span><\/p>\n<p><strong>Mise en sc\u00e8ne :<\/strong> Kristian Fredric<\/p>\n<p>&nbsp;<\/p>\n<p><strong>Sc\u00e9nographie : <\/strong>Enki Bilal<\/p>\n<p><strong>Costumes :<\/strong> Cl\u00e9mence Pernoud<\/p>\n<p><strong>Lumi\u00e8res :<\/strong> Nicolas Desc\u00f4teaux<\/p>\n<p><strong>Son :<\/strong>\u00a0<span class=\"style_1\">Larsen Lupin<\/span><\/p>\n<p><strong>Vid\u00e9o :<\/strong> <span class=\"style_1\">Le bureau officiel<\/span><\/p>\n<p><strong>Photos :<\/strong> \u00a9 Nicolas Desc\u00f4teaux<\/p>\n<p>&nbsp;<\/p>\n<p><strong>PRODUCTION :\u00a0<\/strong><span class=\"style_1\">L\u00e9zards qui bougent, Th\u00e9\u00e2tre Denise-Pelletier, Usine C<br \/>\n<\/span><\/p>\n<p class=\"paragraph_style_2\"><span class=\"style_1\">Montr\u00e9al, 2005\u00a0; Canada, France, 2006<\/span><\/p>\n<p class=\"paragraph_style_2\">[\/vc_column_text][\/vc_column][vc_column width=&#8221;1\/2&#8243;][vc_custom_heading text=&#8221;Description | Citations&#8221; font_container=&#8221;tag:h3|text_align:left&#8221; use_theme_fonts=&#8221;yes&#8221;][vc_column_text]<\/p>\n<p class=\"paragraph_style_1\"><span class=\"style_1\">Premi\u00e8re rencontre dans un caf\u00e9 avec Kristian Fredric, et d\u00e9j\u00e0 il me fusille avec le\u00a0 cin\u00e9ma noir et blanc des ann\u00e9es 20 \u00e0 40, de Giacometti et d\u2019Enki Bilal.\u00a0 Je visionne <\/span><span class=\"style_2\">La nuit du chasseur<\/span><span class=\"style_1\">, <\/span><span class=\"style_2\">Nosferatu<\/span><span class=\"style_1\">, Orson Welles, Fritz Land et les films des directeurs photos Stanley Cortez et Henry Alekan.\u00a0 La lumi\u00e8re de ces films est splendide, et elle a un d\u00e9nominateur commun\u00a0: elle est toute en angle et perpendiculaire \u00e0 l\u2019axe de la cam\u00e9ra\u00a0!<br \/>\n<\/span><\/p>\n<p>&nbsp;<\/p>\n<p class=\"paragraph_style_1\"><span class=\"style_2\">Big Shoot<\/span><span class=\"style_1\">, c\u2019est l\u2019histoire d\u2019un bourreau qui a tu\u00e9 toute la cit\u00e9\u00a0: les hommes, les femmes, les chiens, le maire, le gouverneur.\u00a0 Il n\u2019en reste qu\u2019un seul survivant.\u00a0 Et pour son dernier meurtre, le bourreau aspire au chef-d\u2019\u0153uvre\u00a0!\u00a0 Dans une cage de verre qui pivote sans arr\u00eat, sign\u00e9e Enki Bilal, les lumi\u00e8res blanches du film en noir et blanc s\u2019allument et s\u2019\u00e9teignent au gr\u00e9 des rotations et des agressions.\u00a0 Seule une couleur persiste&#8230;\u00a0 Le bleu Bilal\u00a0!<\/span><\/p>\n<p>[\/vc_column_text][\/vc_column][\/vc_row][vc_row row_mask_bg=&#8221;&#8221; row_arrow=&#8221;&#8221; css=&#8221;.vc_custom_1518423354950{padding-top: 40px !important;}&#8221;][vc_column][vc_text_separator title=&#8221;PRESSE&#8221;][\/vc_column][\/vc_row][vc_row][vc_column][vc_column_text css=&#8221;.vc_custom_1541344501352{padding-top: 20px !important;padding-bottom: 20px !important;}&#8221;][\/vc_column_text][\/vc_column][\/vc_row]<\/p>\n<\/div>","protected":false},"excerpt":{"rendered":"<p>[vc_row][vc_column][vc_gallery type=&#8221;flexslider_slide&#8221; interval=&#8221;0&#8243; images=&#8221;4332,4348,4347,4346,4345,4344,4343,4342,4341,4340,4339,4338,4337,4336,4335,4334,4333&#8243; img_size=&#8221;full&#8221; onclick=&#8221;&#8221; css_animation=&#8221;slideInDown&#8221;][\/vc_column][\/vc_row][vc_row][vc_column offset=&#8221;vc_col-sm-offset-1 vc_col-xs-offset-1 vc_col-xs-12&#8243;][vc_custom_heading text=&#8221;BIG |SHOOT&#8221; font_container=&#8221;tag:h1|text_align:left&#8221; use_theme_fonts=&#8221;yes&#8221; css_animation=&#8221;cms_animate wow slideInRight&#8221; cms_custom_headding_type=&#8221;heading-borderleft-textbold&#8221;][\/vc_column][\/vc_row][vc_row row_mask_bg=&#8221;&#8221; row_arrow=&#8221;&#8221; css=&#8221;.vc_custom_1518409839979{padding-top: 30px !important;}&#8221;][vc_column width=&#8221;1\/2&#8243;][vc_column_text css=&#8221;.vc_custom_1541344424249{padding-left:<\/p>\n","protected":false},"author":1,"featured_media":0,"parent":3256,"menu_order":0,"comment_status":"closed","ping_status":"closed","template":"","meta":[],"_links":{"self":[{"href":"http:\/\/nicolasdescoteaux.com\/index.php?rest_route=\/wp\/v2\/pages\/3530"}],"collection":[{"href":"http:\/\/nicolasdescoteaux.com\/index.php?rest_route=\/wp\/v2\/pages"}],"about":[{"href":"http:\/\/nicolasdescoteaux.com\/index.php?rest_route=\/wp\/v2\/types\/page"}],"author":[{"embeddable":true,"href":"http:\/\/nicolasdescoteaux.com\/index.php?rest_route=\/wp\/v2\/users\/1"}],"replies":[{"embeddable":true,"href":"http:\/\/nicolasdescoteaux.com\/index.php?rest_route=%2Fwp%2Fv2%2Fcomments&post=3530"}],"version-history":[{"count":5,"href":"http:\/\/nicolasdescoteaux.com\/index.php?rest_route=\/wp\/v2\/pages\/3530\/revisions"}],"predecessor-version":[{"id":4379,"href":"http:\/\/nicolasdescoteaux.com\/index.php?rest_route=\/wp\/v2\/pages\/3530\/revisions\/4379"}],"up":[{"embeddable":true,"href":"http:\/\/nicolasdescoteaux.com\/index.php?rest_route=\/wp\/v2\/pages\/3256"}],"wp:attachment":[{"href":"http:\/\/nicolasdescoteaux.com\/index.php?rest_route=%2Fwp%2Fv2%2Fmedia&parent=3530"}],"curies":[{"name":"wp","href":"https:\/\/api.w.org\/{rel}","templated":true}]}}