{"id":3526,"date":"2018-05-25T14:44:47","date_gmt":"2018-05-25T14:44:47","guid":{"rendered":"http:\/\/nicolasdescoteaux.com\/?page_id=3526"},"modified":"2018-12-01T00:29:14","modified_gmt":"2018-12-01T00:29:14","slug":"1-la-fin","status":"publish","type":"page","link":"http:\/\/nicolasdescoteaux.com\/?page_id=3526","title":{"rendered":"1- La Fin"},"content":{"rendered":"<div class=\"wpb-content-wrapper\"><p>[vc_row][vc_column][vc_gallery type=&#8221;flexslider_slide&#8221; interval=&#8221;0&#8243; images=&#8221;4376,4305,4315,4314,4313,4311,4310,4309,4308,4307,4306&#8243; img_size=&#8221;full&#8221; onclick=&#8221;&#8221; css_animation=&#8221;slideInDown&#8221;][\/vc_column][\/vc_row][vc_row][vc_column offset=&#8221;vc_col-sm-offset-1 vc_col-xs-offset-1 vc_col-xs-12&#8243;][vc_custom_heading text=&#8221;LA |FIN&#8221; font_container=&#8221;tag:h1|text_align:left&#8221; use_theme_fonts=&#8221;yes&#8221; css_animation=&#8221;cms_animate wow slideInRight&#8221; cms_custom_headding_type=&#8221;heading-borderleft-textbold&#8221;][\/vc_column][\/vc_row][vc_row row_mask_bg=&#8221;&#8221; row_arrow=&#8221;&#8221; css=&#8221;.vc_custom_1518409839979{padding-top: 30px !important;}&#8221;][vc_column width=&#8221;1\/2&#8243;][vc_column_text css=&#8221;.vc_custom_1541343562710{padding-left: 30px !important;}&#8221;]<strong>Texte :\u00a0<\/strong><span class=\"style_1\">Alexis Martin<\/span><\/p>\n<p><strong>Mise en sc\u00e8ne : <\/strong>Daniel Bri\u00e8re<\/p>\n<p>&nbsp;<\/p>\n<p><strong>Sc\u00e9nographie :\u00a0<\/strong><span class=\"style_2\">Michel Ostaszewski <\/span><\/p>\n<p><strong>Costumes :\u00a0<\/strong><span class=\"style_2\">Claire Geoffrion<\/span><\/p>\n<p><strong>Lumi\u00e8res :<\/strong> Nicolas Desc\u00f4teaux<\/p>\n<p><strong>Musique originale :\u00a0<\/strong><span class=\"style_1\">Nano Peylet<\/span><\/p>\n<p class=\"paragraph_style_1\"><span class=\"style_1\"><strong>Design sonore :<\/strong> Benoit Durand-Jodoin<br \/>\n<\/span><\/p>\n<p>&nbsp;<\/p>\n<p><strong>Photos :<\/strong> \u00a9 Nicolas Desc\u00f4teaux<\/p>\n<p>&nbsp;<\/p>\n<p><strong>PRODUCTION :\u00a0<\/strong><span class=\"style_1\">Nouveaux Th\u00e9\u00e2tre Exp\u00e9rimental.<br \/>\n<\/span><\/p>\n<p class=\"paragraph_style\"><span class=\"style_1\">Montr\u00e9al 2010<\/span><\/p>\n<p>[\/vc_column_text][\/vc_column][vc_column width=&#8221;1\/2&#8243;][vc_custom_heading text=&#8221;Description | Citations&#8221; font_container=&#8221;tag:h3|text_align:left&#8221; use_theme_fonts=&#8221;yes&#8221;][vc_column_text]<\/p>\n<p class=\"paragraph_style\"><span class=\"style\">Ce spectacle, con\u00e7u et imagine par Alexis Martin et Daniel Bri\u00e8re, fut construit autour du th\u00e8me de la fin\u2026 De toutes sorte de fins mais la fin pas comme une finitude mais comme un passage comme la fin d\u2019une \u00e9poque plus que celle du monde. Le spectacle exploitait aussi plusieurs formes narrative comme le jeu d\u2019ombres, la chanson, le micro-th\u00e9\u00e2tre, le masque pour sugg\u00e9rer diff\u00e9rente fin! S\u2019appuyant\u00a0 sur le th\u00e8me de Lavoisier \u00ab\u00a0 Rien ne se perd, rien ne se cr\u00e9e, tout se transforme\u00a0\u00bb l\u2019utilisation d\u2019une mati\u00e8re appel\u00e9e \u00ab\u00a0la schnoute\u00a0\u00bb pour son caract\u00e8re incontr\u00f4lable et organique,\u00a0 allait couler sur les m\u00fbrs plastique translucide, la table centrale et les acteurs.<br \/>\n<\/span><\/p>\n<p class=\"paragraph_style\"><span class=\"style\">M\u00eame la lumi\u00e8re semblait mati\u00e8re \u00e0 travers les murs plastique diaphane disposer en rond sugg\u00e9rant un espace clos comme un laboratoire o\u00f9 la vie est observ\u00e9e sous un microscope. Des tubes fluorescents disposer verticalement derri\u00e8re les murs donnait un aspect moderne au lieux pour la sc\u00e8ne du CERN et de la discoth\u00e8que en \u00e9pilogue. Un effet stroboscopique efficace fut programm\u00e9 avec les tubes pour sugg\u00e9rer la mise en marche de l\u2019acc\u00e9l\u00e9rateur de particule!<\/span><\/p>\n<p>[\/vc_column_text][\/vc_column][\/vc_row][vc_row row_mask_bg=&#8221;&#8221; row_arrow=&#8221;&#8221; css=&#8221;.vc_custom_1518423354950{padding-top: 40px !important;}&#8221;][vc_column][vc_text_separator title=&#8221;PRESSE&#8221;][\/vc_column][\/vc_row][vc_row][vc_column][vc_column_text css=&#8221;.vc_custom_1541343176413{padding-top: 20px !important;padding-bottom: 20px !important;}&#8221;][\/vc_column_text][\/vc_column][\/vc_row]<\/p>\n<\/div>","protected":false},"excerpt":{"rendered":"<p>[vc_row][vc_column][vc_gallery type=&#8221;flexslider_slide&#8221; interval=&#8221;0&#8243; images=&#8221;4376,4305,4315,4314,4313,4311,4310,4309,4308,4307,4306&#8243; img_size=&#8221;full&#8221; onclick=&#8221;&#8221; css_animation=&#8221;slideInDown&#8221;][\/vc_column][\/vc_row][vc_row][vc_column offset=&#8221;vc_col-sm-offset-1 vc_col-xs-offset-1 vc_col-xs-12&#8243;][vc_custom_heading text=&#8221;LA |FIN&#8221; font_container=&#8221;tag:h1|text_align:left&#8221; use_theme_fonts=&#8221;yes&#8221; css_animation=&#8221;cms_animate wow slideInRight&#8221; cms_custom_headding_type=&#8221;heading-borderleft-textbold&#8221;][\/vc_column][\/vc_row][vc_row row_mask_bg=&#8221;&#8221; row_arrow=&#8221;&#8221; css=&#8221;.vc_custom_1518409839979{padding-top: 30px !important;}&#8221;][vc_column width=&#8221;1\/2&#8243;][vc_column_text css=&#8221;.vc_custom_1541343562710{padding-left:<\/p>\n","protected":false},"author":1,"featured_media":0,"parent":3256,"menu_order":0,"comment_status":"closed","ping_status":"closed","template":"","meta":[],"_links":{"self":[{"href":"http:\/\/nicolasdescoteaux.com\/index.php?rest_route=\/wp\/v2\/pages\/3526"}],"collection":[{"href":"http:\/\/nicolasdescoteaux.com\/index.php?rest_route=\/wp\/v2\/pages"}],"about":[{"href":"http:\/\/nicolasdescoteaux.com\/index.php?rest_route=\/wp\/v2\/types\/page"}],"author":[{"embeddable":true,"href":"http:\/\/nicolasdescoteaux.com\/index.php?rest_route=\/wp\/v2\/users\/1"}],"replies":[{"embeddable":true,"href":"http:\/\/nicolasdescoteaux.com\/index.php?rest_route=%2Fwp%2Fv2%2Fcomments&post=3526"}],"version-history":[{"count":4,"href":"http:\/\/nicolasdescoteaux.com\/index.php?rest_route=\/wp\/v2\/pages\/3526\/revisions"}],"predecessor-version":[{"id":4377,"href":"http:\/\/nicolasdescoteaux.com\/index.php?rest_route=\/wp\/v2\/pages\/3526\/revisions\/4377"}],"up":[{"embeddable":true,"href":"http:\/\/nicolasdescoteaux.com\/index.php?rest_route=\/wp\/v2\/pages\/3256"}],"wp:attachment":[{"href":"http:\/\/nicolasdescoteaux.com\/index.php?rest_route=%2Fwp%2Fv2%2Fmedia&parent=3526"}],"curies":[{"name":"wp","href":"https:\/\/api.w.org\/{rel}","templated":true}]}}