{"id":3524,"date":"2018-05-25T14:44:34","date_gmt":"2018-05-25T14:44:34","guid":{"rendered":"http:\/\/nicolasdescoteaux.com\/?page_id=3524"},"modified":"2018-12-01T00:16:22","modified_gmt":"2018-12-01T00:16:22","slug":"1-jaz-2","status":"publish","type":"page","link":"http:\/\/nicolasdescoteaux.com\/?page_id=3524","title":{"rendered":"1- Jaz"},"content":{"rendered":"<div class=\"wpb-content-wrapper\"><p>[vc_row][vc_column][vc_gallery type=&#8221;flexslider_slide&#8221; interval=&#8221;0&#8243; images=&#8221;4287,4303,4302,4301,4300,4299,4298,4297,4296,4295,4294,4293,4292,4291,4290,4289,4288&#8243; img_size=&#8221;full&#8221; onclick=&#8221;&#8221; css_animation=&#8221;slideInDown&#8221;][\/vc_column][\/vc_row][vc_row][vc_column offset=&#8221;vc_col-sm-offset-1 vc_col-xs-offset-1 vc_col-xs-12&#8243;][vc_custom_heading text=&#8221;JAZ|&#8221; font_container=&#8221;tag:h1|text_align:left&#8221; use_theme_fonts=&#8221;yes&#8221; css_animation=&#8221;cms_animate wow slideInRight&#8221; cms_custom_headding_type=&#8221;heading-borderleft-textbold&#8221;][\/vc_column][\/vc_row][vc_row row_mask_bg=&#8221;&#8221; row_arrow=&#8221;&#8221; css=&#8221;.vc_custom_1518409839979{padding-top: 30px !important;}&#8221;][vc_column width=&#8221;1\/2&#8243;][vc_column_text css=&#8221;.vc_custom_1541342220477{padding-left: 30px !important;}&#8221;]<strong>Texte :<\/strong> Koffi Kwolul\u00e9<\/p>\n<p><strong>Mise en sc\u00e8ne :<\/strong> Kristian Fredric<\/p>\n<p><strong>Chor\u00e9graphie :<\/strong> Laurence Levasseur<\/p>\n<p>&nbsp;<\/p>\n<p><strong>Sc\u00e9nographie :\u00a0<\/strong>Kristian Fredric<\/p>\n<p><span class=\"style\"><strong>Robotique\u00a0<\/strong>: Simon Laroche<\/span><\/p>\n<p><strong>Costumes :<\/strong> Maril\u00e8ne Bastien<\/p>\n<p><strong>Lumi\u00e8res :<\/strong> Nicolas Desc\u00f4teaux<\/p>\n<p><strong>Musiques :<\/strong> Michel Robidoux<\/p>\n<p><strong>Vid\u00e9o :<\/strong> <span class=\"style\">Yves Dub\u00e9<\/span><\/p>\n<p><strong>Photos :<\/strong> \u00a9 Nicolas Desc\u00f4teaux<\/p>\n<p>&nbsp;<\/p>\n<p><strong>PRODUCTION :<\/strong><\/p>\n<p class=\"paragraph_style\"><span class=\"style\">L\u00e9zards-qui-bougent, Th\u00e9\u00e2tre des Deux Mondes, Usine C<br \/>\n<\/span><\/p>\n<p class=\"paragraph_style\"><span class=\"style\">2010-2011<\/span><\/p>\n<p>[\/vc_column_text][\/vc_column][vc_column width=&#8221;1\/2&#8243;][vc_custom_heading text=&#8221;Description | Citations&#8221; font_container=&#8221;tag:h3|text_align:left&#8221; use_theme_fonts=&#8221;yes&#8221;][vc_column_text]La proposition de base de la mise en sc\u00e8ne de Jaz fut \u00e9tablie plus de trois ans avant la cr\u00e9ation; une approche visuelle futuriste et d\u00e9brid\u00e9 \u00e0 la Enki Bilal, des images vid\u00e9o denses, des sons percutants, bref le spectacle sera un autre coup de poing! Seule en sc\u00e8ne et harnach\u00e9 \u00e0 une table pivotante et inclinable, la com\u00e9dienne \u00e9volue dans cette ar\u00e8ne o\u00f9 la machine p\u00e9trie et fa\u00e7onne son oblig\u00e9e\u00a0 au fil d\u2019un interrogatoire muscl\u00e9. Malgr\u00e9 sa r\u00e9sistance, Jaz, contrainte, se livre et se vide de son essence m\u00eame sans toutefois jamais oublier son propre nom. Le d\u00e9cor est un objet d\u00e9pos\u00e9 dans l\u2019espace comme un socle dans un mus\u00e9e. Suivant les inspirations des sculptures de Giacommetti et des peintures\u00a0 de Baker et de Mark Rothko, l\u2019\u00e9clairage fut utilis\u00e9 de fa\u00e7on tr\u00e8s sculpturale et les ombres et lumi\u00e8res pouss\u00e9 au maximum. Pas toujours flatteur pour le sujet sur sc\u00e8ne, mais combien efficace pour l\u2019\u0153il du spectateur et la lecture de la dramaturgie.[\/vc_column_text][\/vc_column][\/vc_row][vc_row][vc_column][vc_separator][\/vc_column][\/vc_row]<\/p>\n<\/div>","protected":false},"excerpt":{"rendered":"<p>[vc_row][vc_column][vc_gallery type=&#8221;flexslider_slide&#8221; interval=&#8221;0&#8243; images=&#8221;4287,4303,4302,4301,4300,4299,4298,4297,4296,4295,4294,4293,4292,4291,4290,4289,4288&#8243; img_size=&#8221;full&#8221; onclick=&#8221;&#8221; css_animation=&#8221;slideInDown&#8221;][\/vc_column][\/vc_row][vc_row][vc_column offset=&#8221;vc_col-sm-offset-1 vc_col-xs-offset-1 vc_col-xs-12&#8243;][vc_custom_heading text=&#8221;JAZ|&#8221; font_container=&#8221;tag:h1|text_align:left&#8221; use_theme_fonts=&#8221;yes&#8221; css_animation=&#8221;cms_animate wow slideInRight&#8221; cms_custom_headding_type=&#8221;heading-borderleft-textbold&#8221;][\/vc_column][\/vc_row][vc_row row_mask_bg=&#8221;&#8221; row_arrow=&#8221;&#8221; css=&#8221;.vc_custom_1518409839979{padding-top: 30px !important;}&#8221;][vc_column width=&#8221;1\/2&#8243;][vc_column_text css=&#8221;.vc_custom_1541342220477{padding-left: 30px<\/p>\n","protected":false},"author":1,"featured_media":0,"parent":3256,"menu_order":0,"comment_status":"closed","ping_status":"closed","template":"","meta":[],"_links":{"self":[{"href":"http:\/\/nicolasdescoteaux.com\/index.php?rest_route=\/wp\/v2\/pages\/3524"}],"collection":[{"href":"http:\/\/nicolasdescoteaux.com\/index.php?rest_route=\/wp\/v2\/pages"}],"about":[{"href":"http:\/\/nicolasdescoteaux.com\/index.php?rest_route=\/wp\/v2\/types\/page"}],"author":[{"embeddable":true,"href":"http:\/\/nicolasdescoteaux.com\/index.php?rest_route=\/wp\/v2\/users\/1"}],"replies":[{"embeddable":true,"href":"http:\/\/nicolasdescoteaux.com\/index.php?rest_route=%2Fwp%2Fv2%2Fcomments&post=3524"}],"version-history":[{"count":4,"href":"http:\/\/nicolasdescoteaux.com\/index.php?rest_route=\/wp\/v2\/pages\/3524\/revisions"}],"predecessor-version":[{"id":4374,"href":"http:\/\/nicolasdescoteaux.com\/index.php?rest_route=\/wp\/v2\/pages\/3524\/revisions\/4374"}],"up":[{"embeddable":true,"href":"http:\/\/nicolasdescoteaux.com\/index.php?rest_route=\/wp\/v2\/pages\/3256"}],"wp:attachment":[{"href":"http:\/\/nicolasdescoteaux.com\/index.php?rest_route=%2Fwp%2Fv2%2Fmedia&parent=3524"}],"curies":[{"name":"wp","href":"https:\/\/api.w.org\/{rel}","templated":true}]}}