{"id":3514,"date":"2018-05-25T14:42:21","date_gmt":"2018-05-25T14:42:21","guid":{"rendered":"http:\/\/nicolasdescoteaux.com\/?page_id=3514"},"modified":"2018-11-25T23:34:34","modified_gmt":"2018-11-25T23:34:34","slug":"1-trilogie-nte","status":"publish","type":"page","link":"http:\/\/nicolasdescoteaux.com\/?page_id=3514","title":{"rendered":"1- Trilogie NTE"},"content":{"rendered":"<div class=\"wpb-content-wrapper\"><p>[vc_row][vc_column][vc_gallery type=&#8221;flexslider_slide&#8221; interval=&#8221;0&#8243; images=&#8221;4173,4174,4175,4176,4177,4178,4179,4180,4181,4182,4183,4184,4185,4186,4187,4188,4189,4190,4191,4192,4193,4194,4195,4196,4197,4198&#8243; img_size=&#8221;full&#8221; onclick=&#8221;&#8221; css_animation=&#8221;slideInDown&#8221;][\/vc_column][\/vc_row][vc_row][vc_column offset=&#8221;vc_col-sm-offset-1 vc_col-xs-offset-1 vc_col-xs-12&#8243;][vc_custom_heading text=&#8221;L&#8217;HISTOIRE R\u00c9V\u00c9L\u00c9 DU CANADA FRAN\u00c7AIS, 1608 &#8211; 1998 |LA TRILOGIE&#8221; font_container=&#8221;tag:h1|text_align:left&#8221; use_theme_fonts=&#8221;yes&#8221; css_animation=&#8221;cms_animate wow slideInRight&#8221; cms_custom_headding_type=&#8221;heading-borderleft-textbold&#8221;][\/vc_column][\/vc_row][vc_row row_mask_bg=&#8221;&#8221; row_arrow=&#8221;&#8221; css=&#8221;.vc_custom_1518409839979{padding-top: 30px !important;}&#8221;][vc_column width=&#8221;1\/2&#8243;][vc_column_text css=&#8221;.vc_custom_1541287752787{padding-left: 30px !important;}&#8221;]<strong>Texte :<\/strong>\u00a0Claude Debussy<\/p>\n<p><strong>Mise en sc\u00e8ne :<\/strong> Philippe B\u00e9ziat et Florent Siaud<\/p>\n<p>&nbsp;<\/p>\n<p><strong>Sc\u00e9nographie :\u00a0<\/strong>Michel Ostaszewski<\/p>\n<div id=\"id4\" class=\"style_SkipStroke shape-with-text\">\n<div class=\"text-content graphic_textbox_layout_style_default_External_661_100\">\n<div class=\"graphic_textbox_layout_style_default\"><\/div>\n<\/div>\n<\/div>\n<p><strong>Costumes :<\/strong> Judy Jonker<\/p>\n<p><strong>Costumes :<\/strong>Anthony Rozankovic<\/p>\n<p><strong>Lumi\u00e8res :<\/strong> Nicolas Desc\u00f4teaux<\/p>\n<p><strong>Vid\u00e9o :<\/strong> Yves Labelle, Pierre Laniel<\/p>\n<p><strong>Photos :<\/strong> \u00a9 Nicolas Desc\u00f4teaux<\/p>\n<p>&nbsp;<\/p>\n<p><strong>PRODUCTION :<\/strong> NOUVEAU TH\u00c9\u00c2TRE EXP\u00c9RIMENTAL[\/vc_column_text][\/vc_column][vc_column width=&#8221;1\/2&#8243;][vc_custom_heading text=&#8221;Description | Citations&#8221; font_container=&#8221;tag:h3|text_align:left&#8221; use_theme_fonts=&#8221;yes&#8221;][vc_column_text]La trilogie L\u2019<strong><em>Histoire r\u00e9v\u00e9l\u00e9e du Canada fran\u00e7ais<\/em><\/strong> s\u2019inspire des petits et grands \u00e9v\u00e9nements de la vie des peuples d\u2019Am\u00e9rique du Nord, depuis la\u00a0 fondation de la ville de Qu\u00e9bec en <strong>1608<\/strong>, jusqu\u2019\u00e0 la crise du verglas de <strong>1998<\/strong>.<\/p>\n<p>En f\u00e9vrier 2012, le NTE inaugurait cette trilogie historique avec la pi\u00e8ce<a title=\"Invention du chauffage central en Nouvelle-France\u2026 en tourn\u00e9e !\" href=\"http:\/\/www.nte.qc.ca\/spectacle\/invention-du-chauffage-central-en-nouvelle-france-en-tournee\/\" target=\"_blank\" rel=\"noopener\"> <strong><em>Invention du chauffage central en Nouvelle-France<\/em><\/strong><\/a><em>. <\/em>Le froid et l\u2019adaptation au climat constituaient les principales sources d\u2019inspiration de ce chapitre. Le deuxi\u00e8me volet, pr\u00e9sent\u00e9 \u00e0 l\u2019hiver 2013, explorait la m\u00eame p\u00e9riode historique mais l\u2019abordait sous l\u2019angle des rivi\u00e8res, celles que les am\u00e9rindiens nommaient <strong><em><a title=\"Les chemins qui marchent\" href=\"http:\/\/www.nte.qc.ca\/spectacle\/les-chemins-qui-marchent\/\" target=\"_blank\" rel=\"noopener\">Les chemins qui marchent<\/a><\/em><\/strong>. Et pour terminer <strong><em>Le Pain et le vin <\/em><\/strong>nous raconte sous l&#8217;angle de la nourriture et de la boisson, les al\u00e9as des Canadiens Fran\u00e7ais.<\/p>\n<p>&nbsp;[\/vc_column_text][\/vc_column][\/vc_row]<\/p>\n<\/div>","protected":false},"excerpt":{"rendered":"<p>[vc_row][vc_column][vc_gallery type=&#8221;flexslider_slide&#8221; interval=&#8221;0&#8243; images=&#8221;4173,4174,4175,4176,4177,4178,4179,4180,4181,4182,4183,4184,4185,4186,4187,4188,4189,4190,4191,4192,4193,4194,4195,4196,4197,4198&#8243; img_size=&#8221;full&#8221; onclick=&#8221;&#8221; css_animation=&#8221;slideInDown&#8221;][\/vc_column][\/vc_row][vc_row][vc_column offset=&#8221;vc_col-sm-offset-1 vc_col-xs-offset-1 vc_col-xs-12&#8243;][vc_custom_heading text=&#8221;L&#8217;HISTOIRE R\u00c9V\u00c9L\u00c9 DU CANADA FRAN\u00c7AIS, 1608 &#8211; 1998 |LA TRILOGIE&#8221; font_container=&#8221;tag:h1|text_align:left&#8221; use_theme_fonts=&#8221;yes&#8221; css_animation=&#8221;cms_animate wow slideInRight&#8221;<\/p>\n","protected":false},"author":1,"featured_media":0,"parent":3256,"menu_order":0,"comment_status":"closed","ping_status":"closed","template":"","meta":[],"_links":{"self":[{"href":"http:\/\/nicolasdescoteaux.com\/index.php?rest_route=\/wp\/v2\/pages\/3514"}],"collection":[{"href":"http:\/\/nicolasdescoteaux.com\/index.php?rest_route=\/wp\/v2\/pages"}],"about":[{"href":"http:\/\/nicolasdescoteaux.com\/index.php?rest_route=\/wp\/v2\/types\/page"}],"author":[{"embeddable":true,"href":"http:\/\/nicolasdescoteaux.com\/index.php?rest_route=\/wp\/v2\/users\/1"}],"replies":[{"embeddable":true,"href":"http:\/\/nicolasdescoteaux.com\/index.php?rest_route=%2Fwp%2Fv2%2Fcomments&post=3514"}],"version-history":[{"count":4,"href":"http:\/\/nicolasdescoteaux.com\/index.php?rest_route=\/wp\/v2\/pages\/3514\/revisions"}],"predecessor-version":[{"id":4200,"href":"http:\/\/nicolasdescoteaux.com\/index.php?rest_route=\/wp\/v2\/pages\/3514\/revisions\/4200"}],"up":[{"embeddable":true,"href":"http:\/\/nicolasdescoteaux.com\/index.php?rest_route=\/wp\/v2\/pages\/3256"}],"wp:attachment":[{"href":"http:\/\/nicolasdescoteaux.com\/index.php?rest_route=%2Fwp%2Fv2%2Fmedia&parent=3514"}],"curies":[{"name":"wp","href":"https:\/\/api.w.org\/{rel}","templated":true}]}}