{"id":3508,"date":"2018-05-25T14:40:50","date_gmt":"2018-05-25T14:40:50","guid":{"rendered":"http:\/\/nicolasdescoteaux.com\/?page_id=3508"},"modified":"2018-06-09T11:37:34","modified_gmt":"2018-06-09T11:37:34","slug":"1-andromaque-10-43","status":"publish","type":"page","link":"http:\/\/nicolasdescoteaux.com\/?page_id=3508","title":{"rendered":"1- Andromaque 10\/43"},"content":{"rendered":"<div class=\"wpb-content-wrapper\"><p>[vc_row][vc_column][vc_gallery type=&#8221;flexslider_slide&#8221; interval=&#8221;0&#8243; images=&#8221;3654,3670,3658,3660,3665,3663,3656,3653,3659,3669&#8243; img_size=&#8221;full&#8221; onclick=&#8221;&#8221; css_animation=&#8221;slideInDown&#8221;][\/vc_column][\/vc_row][vc_row][vc_column offset=&#8221;vc_col-sm-offset-1 vc_col-xs-offset-1 vc_col-xs-12&#8243;][vc_custom_heading text=&#8221;ANDROMAQUE |10\/43&#8243; font_container=&#8221;tag:h1|text_align:left&#8221; use_theme_fonts=&#8221;yes&#8221; css_animation=&#8221;cms_animate wow slideInRight&#8221; cms_custom_headding_type=&#8221;heading-borderleft-textbold&#8221;][\/vc_column][\/vc_row][vc_row row_mask_bg=&#8221;&#8221; row_arrow=&#8221;&#8221; css=&#8221;.vc_custom_1518409839979{padding-top: 30px !important;}&#8221;][vc_column width=&#8221;1\/2&#8243;][vc_column_text css=&#8221;.vc_custom_1528543963530{padding-left: 30px !important;}&#8221;]<\/p>\n<p class=\"paragraph_style_1\"><strong>Texte\u00a0:<\/strong> Jean Racine<\/p>\n<p class=\"paragraph_style_1\"><strong>Mise en sc\u00e8ne\u00a0:<\/strong> Kristian Fr\u00e9dric<\/p>\n<p>&nbsp;<\/p>\n<p class=\"paragraph_style_1\"><strong>Sc\u00e9nographie\u00a0:<\/strong> Kristian Fr\u00e9dric<\/p>\n<p class=\"paragraph_style_1\"><strong>Lumi\u00e8res\u00a0:<\/strong> Nicolas Desc\u00f4teaux<\/p>\n<p class=\"paragraph_style_1\"><strong>Costumes :<\/strong> Anne Bothuon<\/p>\n<p><strong>Vid\u00e9o :<\/strong> Olivier Proulx<\/p>\n<p class=\"paragraph_style_1\"><strong>Musique\u00a0:<\/strong> Antoine Bataille<\/p>\n<p class=\"paragraph_style_1\"><strong>Ass. mise en sc\u00e8ne :<\/strong> Lison Foulou et Aline Pignier<\/p>\n<p class=\"paragraph_style_1\"><strong>Photos\u00a0:<\/strong> \u00a9Nicolas Desc\u00f4teaux<\/p>\n<p class=\"paragraph_style_1\"><strong>Production\u00a0:<\/strong> Les l\u00e9zards qui bougent, Le th\u00e9\u00e2tre du Gr\u00fctli, Th\u00e9\u00e2tre Denise-Pelletier<\/p>\n<p class=\"paragraph_style_1\">Gen\u00e8ve, f\u00e9vrier 2014<\/p>\n<p>[\/vc_column_text][\/vc_column][vc_column width=&#8221;1\/2&#8243;][vc_custom_heading text=&#8221;Description | Citations&#8221; font_container=&#8221;tag:h3|text_align:left&#8221; use_theme_fonts=&#8221;yes&#8221;][vc_column_text]Des temples de marbre de l\u2019Antiquit\u00e9 aux quartiers g\u00e9n\u00e9raux sur\u00e9quip\u00e9s du 21e si\u00e8cle, <em>Andromaque 10-43<\/em> t\u00e9moigne de notre perp\u00e9tuelle impuissance \u00e0 trouver une harmonie avec le monde. Kristian Fr\u00e9dric, avec le respect qui s\u2019impose, convoque Andromaque pour lui faire go\u00fbter les fruits amers de notre \u00e9poque.[\/vc_column_text][\/vc_column][\/vc_row][vc_row row_mask_bg=&#8221;&#8221; row_arrow=&#8221;&#8221; css=&#8221;.vc_custom_1518423354950{padding-top: 40px !important;}&#8221;][vc_column][vc_text_separator title=&#8221;PRESSE&#8221;][\/vc_column][\/vc_row][vc_row][vc_column][vc_column_text css=&#8221;.vc_custom_1528544249602{padding-top: 20px !important;padding-bottom: 20px !important;}&#8221;]&nbsp;<\/p>\n<p>&nbsp;[\/vc_column_text][\/vc_column][\/vc_row]<\/p>\n<\/div>","protected":false},"excerpt":{"rendered":"<p>[vc_row][vc_column][vc_gallery type=&#8221;flexslider_slide&#8221; interval=&#8221;0&#8243; images=&#8221;3654,3670,3658,3660,3665,3663,3656,3653,3659,3669&#8243; img_size=&#8221;full&#8221; onclick=&#8221;&#8221; css_animation=&#8221;slideInDown&#8221;][\/vc_column][\/vc_row][vc_row][vc_column offset=&#8221;vc_col-sm-offset-1 vc_col-xs-offset-1 vc_col-xs-12&#8243;][vc_custom_heading text=&#8221;ANDROMAQUE |10\/43&#8243; font_container=&#8221;tag:h1|text_align:left&#8221; use_theme_fonts=&#8221;yes&#8221; css_animation=&#8221;cms_animate wow slideInRight&#8221; cms_custom_headding_type=&#8221;heading-borderleft-textbold&#8221;][\/vc_column][\/vc_row][vc_row row_mask_bg=&#8221;&#8221; row_arrow=&#8221;&#8221; css=&#8221;.vc_custom_1518409839979{padding-top: 30px !important;}&#8221;][vc_column width=&#8221;1\/2&#8243;][vc_column_text css=&#8221;.vc_custom_1528543963530{padding-left:<\/p>\n","protected":false},"author":1,"featured_media":0,"parent":3256,"menu_order":0,"comment_status":"closed","ping_status":"closed","template":"","meta":[],"_links":{"self":[{"href":"http:\/\/nicolasdescoteaux.com\/index.php?rest_route=\/wp\/v2\/pages\/3508"}],"collection":[{"href":"http:\/\/nicolasdescoteaux.com\/index.php?rest_route=\/wp\/v2\/pages"}],"about":[{"href":"http:\/\/nicolasdescoteaux.com\/index.php?rest_route=\/wp\/v2\/types\/page"}],"author":[{"embeddable":true,"href":"http:\/\/nicolasdescoteaux.com\/index.php?rest_route=\/wp\/v2\/users\/1"}],"replies":[{"embeddable":true,"href":"http:\/\/nicolasdescoteaux.com\/index.php?rest_route=%2Fwp%2Fv2%2Fcomments&post=3508"}],"version-history":[{"count":4,"href":"http:\/\/nicolasdescoteaux.com\/index.php?rest_route=\/wp\/v2\/pages\/3508\/revisions"}],"predecessor-version":[{"id":3677,"href":"http:\/\/nicolasdescoteaux.com\/index.php?rest_route=\/wp\/v2\/pages\/3508\/revisions\/3677"}],"up":[{"embeddable":true,"href":"http:\/\/nicolasdescoteaux.com\/index.php?rest_route=\/wp\/v2\/pages\/3256"}],"wp:attachment":[{"href":"http:\/\/nicolasdescoteaux.com\/index.php?rest_route=%2Fwp%2Fv2%2Fmedia&parent=3508"}],"curies":[{"name":"wp","href":"https:\/\/api.w.org\/{rel}","templated":true}]}}