{"id":3502,"date":"2018-05-25T14:39:49","date_gmt":"2018-05-25T14:39:49","guid":{"rendered":"http:\/\/nicolasdescoteaux.com\/?page_id=3502"},"modified":"2018-11-25T22:57:57","modified_gmt":"2018-11-25T22:57:57","slug":"1-septembre","status":"publish","type":"page","link":"http:\/\/nicolasdescoteaux.com\/?page_id=3502","title":{"rendered":"1- Septembre"},"content":{"rendered":"<div class=\"wpb-content-wrapper\"><p>[vc_row][vc_column][vc_gallery type=&#8221;flexslider_slide&#8221; interval=&#8221;0&#8243; images=&#8221;4118,4119,4120,4121,4122,4123,4124,4125,4126,4127,4128,4129&#8243; img_size=&#8221;full&#8221; onclick=&#8221;&#8221; css_animation=&#8221;slideInDown&#8221;][\/vc_column][\/vc_row][vc_row][vc_column offset=&#8221;vc_col-sm-offset-1 vc_col-xs-offset-1 vc_col-xs-12&#8243;][vc_custom_heading text=&#8221;SEPTEMBRE&#8221; font_container=&#8221;tag:h1|text_align:left&#8221; use_theme_fonts=&#8221;yes&#8221; css_animation=&#8221;cms_animate wow slideInRight&#8221; cms_custom_headding_type=&#8221;heading-borderleft-textbold&#8221;][\/vc_column][\/vc_row][vc_row row_mask_bg=&#8221;&#8221; row_arrow=&#8221;&#8221; css=&#8221;.vc_custom_1518409839979{padding-top: 30px !important;}&#8221;][vc_column width=&#8221;1\/2&#8243;][vc_column_text css=&#8221;.vc_custom_1527606707036{padding-left: 30px !important;}&#8221;]<strong>Texte :<\/strong>\u00a0\u00c9velyne De la Cheneli\u00e8re<\/p>\n<p><strong>Mise en sc\u00e8ne :<\/strong> Daniel Bri\u00e8re<\/p>\n<p>&nbsp;<\/p>\n<p><strong>Sc\u00e9nographie : <\/strong>Daniel Bri\u00e8re<\/p>\n<p><strong>Costumes :<\/strong> Julie Charlant<\/p>\n<p><strong>Lumi\u00e8res :<\/strong> Nicolas Desc\u00f4teaux<\/p>\n<p><strong>Musiques et sons:<\/strong> Alexander MacSween<\/p>\n<p><strong>Vid\u00e9o :<\/strong> Pierre Laniel<\/p>\n<p><strong>Maquillages et coiffures :<\/strong> Angello Barsetti<\/p>\n<p><strong>Photos :<\/strong> \u00a9 Nicolas Desc\u00f4teaux<\/p>\n<p>&nbsp;<\/p>\n<p><strong>PRODUCTION :<\/strong> TH\u00c9\u00c2TRE PROSPERO[\/vc_column_text][\/vc_column][vc_column width=&#8221;1\/2&#8243;][vc_custom_heading text=&#8221;Description | Citations&#8221; font_container=&#8221;tag:h3|text_align:left&#8221; use_theme_fonts=&#8221;yes&#8221;][vc_column_text]Aujourd&#8217;hui, 12 septembre, par temps de canicule, une femme travaille\u00a0et un coup de fil l\u2019interrompt\u2009: sa fille\u00a0a mal au ventre\u2009; il faut venir la\u00a0chercher \u00e0\u00a0l\u2019\u00e9cole. Arriv\u00e9e sur les lieux, la\u00a0femme s\u2019abandonne \u00e0\u00a0la\u00a0contemplation de la\u00a0cour de r\u00e9cr\u00e9ation\u2009: les jeux rituels des enfants conduisent son imaginaire sur les chemins d\u2019une r\u00eaverie ambivalente o\u00f9 se superposent maints sc\u00e9narios possibles, des plus ludiques aux plus morbides. Dans cette intense activit\u00e9 fantasmagorique, elle\u00a0va jusqu\u2019\u00e0\u00a0entrevoir l\u2019irruption d\u2019un tueur transformant cette journ\u00e9e en carnage. Pourquoi cette femme introduit-elle\u00a0la\u00a0mort au c\u0153ur sa pens\u00e9e\u2009? Peut-\u00eatre est-ce une fa\u00e7on pour elle\u00a0d\u2019incarner ses craintes les plus sourdes, de donner corps et formes \u00e0\u00a0son chaos int\u00e9rieur.[\/vc_column_text][\/vc_column][\/vc_row][vc_row row_mask_bg=&#8221;&#8221; row_arrow=&#8221;&#8221; css=&#8221;.vc_custom_1518423354950{padding-top: 40px !important;}&#8221;][vc_column][vc_text_separator title=&#8221;PRESSE&#8221;][\/vc_column][\/vc_row][vc_row][vc_column][vc_column_text css=&#8221;.vc_custom_1527607412626{padding-top: 20px !important;padding-bottom: 20px !important;}&#8221;]<em>&#8221; Evelyne de la Chene\u00adli\u00e8re nous offre une pi\u00e8ce enri\u00adchie par le jeu des lumi\u00e8res, les \u00e9blouis\u00adsantes projec\u00adtions et la musique qui nous enve\u00adloppent tout au long de ses fabu\u00adla\u00adtions. &#8220;<\/em><\/p>\n<p>Noura Cher\u00adkawi,<strong> La Rotonde.ca<\/strong>[\/vc_column_text][\/vc_column][\/vc_row]<\/p>\n<\/div>","protected":false},"excerpt":{"rendered":"<p>[vc_row][vc_column][vc_gallery type=&#8221;flexslider_slide&#8221; interval=&#8221;0&#8243; images=&#8221;4118,4119,4120,4121,4122,4123,4124,4125,4126,4127,4128,4129&#8243; img_size=&#8221;full&#8221; onclick=&#8221;&#8221; css_animation=&#8221;slideInDown&#8221;][\/vc_column][\/vc_row][vc_row][vc_column offset=&#8221;vc_col-sm-offset-1 vc_col-xs-offset-1 vc_col-xs-12&#8243;][vc_custom_heading text=&#8221;SEPTEMBRE&#8221; font_container=&#8221;tag:h1|text_align:left&#8221; use_theme_fonts=&#8221;yes&#8221; css_animation=&#8221;cms_animate wow slideInRight&#8221; cms_custom_headding_type=&#8221;heading-borderleft-textbold&#8221;][\/vc_column][\/vc_row][vc_row row_mask_bg=&#8221;&#8221; row_arrow=&#8221;&#8221; css=&#8221;.vc_custom_1518409839979{padding-top: 30px !important;}&#8221;][vc_column width=&#8221;1\/2&#8243;][vc_column_text css=&#8221;.vc_custom_1527606707036{padding-left: 30px<\/p>\n","protected":false},"author":1,"featured_media":0,"parent":3256,"menu_order":0,"comment_status":"closed","ping_status":"closed","template":"","meta":[],"_links":{"self":[{"href":"http:\/\/nicolasdescoteaux.com\/index.php?rest_route=\/wp\/v2\/pages\/3502"}],"collection":[{"href":"http:\/\/nicolasdescoteaux.com\/index.php?rest_route=\/wp\/v2\/pages"}],"about":[{"href":"http:\/\/nicolasdescoteaux.com\/index.php?rest_route=\/wp\/v2\/types\/page"}],"author":[{"embeddable":true,"href":"http:\/\/nicolasdescoteaux.com\/index.php?rest_route=\/wp\/v2\/users\/1"}],"replies":[{"embeddable":true,"href":"http:\/\/nicolasdescoteaux.com\/index.php?rest_route=%2Fwp%2Fv2%2Fcomments&post=3502"}],"version-history":[{"count":3,"href":"http:\/\/nicolasdescoteaux.com\/index.php?rest_route=\/wp\/v2\/pages\/3502\/revisions"}],"predecessor-version":[{"id":4130,"href":"http:\/\/nicolasdescoteaux.com\/index.php?rest_route=\/wp\/v2\/pages\/3502\/revisions\/4130"}],"up":[{"embeddable":true,"href":"http:\/\/nicolasdescoteaux.com\/index.php?rest_route=\/wp\/v2\/pages\/3256"}],"wp:attachment":[{"href":"http:\/\/nicolasdescoteaux.com\/index.php?rest_route=%2Fwp%2Fv2%2Fmedia&parent=3502"}],"curies":[{"name":"wp","href":"https:\/\/api.w.org\/{rel}","templated":true}]}}