{"id":3498,"date":"2018-05-25T14:38:58","date_gmt":"2018-05-25T14:38:58","guid":{"rendered":"http:\/\/nicolasdescoteaux.com\/?page_id=3498"},"modified":"2018-11-25T22:52:05","modified_gmt":"2018-11-25T22:52:05","slug":"psychose-448","status":"publish","type":"page","link":"http:\/\/nicolasdescoteaux.com\/?page_id=3498","title":{"rendered":"1- Psychose 4:48"},"content":{"rendered":"<div class=\"wpb-content-wrapper\"><p>[vc_row][vc_column][vc_gallery type=&#8221;flexslider_slide&#8221; interval=&#8221;0&#8243; images=&#8221;4093,4094,4095,4096,4097,4098,4099,4100,4101,4102,4103,4104,4105&#8243; img_size=&#8221;full&#8221; onclick=&#8221;&#8221; css_animation=&#8221;slideInDown&#8221;][\/vc_column][\/vc_row][vc_row][vc_column offset=&#8221;vc_col-sm-offset-1 vc_col-xs-offset-1 vc_col-xs-12&#8243;][vc_custom_heading text=&#8221;PSYCHOSE |4:48&#8243; font_container=&#8221;tag:h1|text_align:left&#8221; use_theme_fonts=&#8221;yes&#8221; css_animation=&#8221;cms_animate wow slideInRight&#8221; cms_custom_headding_type=&#8221;heading-borderleft-textbold&#8221;][\/vc_column][\/vc_row][vc_row row_mask_bg=&#8221;&#8221; row_arrow=&#8221;&#8221; css=&#8221;.vc_custom_1518409839979{padding-top: 30px !important;}&#8221;][vc_column width=&#8221;1\/2&#8243;][vc_column_text css=&#8221;.vc_custom_1527601366555{padding-left: 30px !important;}&#8221;]<strong>Texte :<\/strong>\u00a0Sarah Kane<\/p>\n<p><strong>Mise en sc\u00e8ne :<\/strong>\u00a0Florent Siaud<\/p>\n<p>&nbsp;<\/p>\n<p><strong>Sc\u00e9nographie : <\/strong>Romain Fabre<\/p>\n<p><strong>Costumes :<\/strong> Romain Fabre<\/p>\n<p><strong>Lumi\u00e8res :<\/strong> Nicolas Desc\u00f4teaux<\/p>\n<p><strong>Musiques et sons :<\/strong> Julien \u00c9clancher<\/p>\n<p><strong>Vid\u00e9o :<\/strong> David Ricard<\/p>\n<p><strong>Photos :<\/strong> \u00a9 Nicolas Desc\u00f4teaux<\/p>\n<p>&nbsp;<\/p>\n<p><strong>PRODUCTION :<\/strong> LES SONGES TURBULANTS, 2016<\/p>\n<p>TH\u00c9\u00c2TRE LA CHAPELLE[\/vc_column_text][\/vc_column][vc_column width=&#8221;1\/2&#8243;][vc_custom_heading text=&#8221;Description | Citations&#8221; font_container=&#8221;tag:h3|text_align:left&#8221; use_theme_fonts=&#8221;yes&#8221;][vc_column_text]Figure sulfureuse de la dramaturgie britannique, Sarah Kane signe avec <em>4.48 Psychose<\/em> un chant du cygne d\u2019une beaut\u00e9 aussi dangereuse que fascinante. Derri\u00e8re les \u00e9clats po\u00e9tiques d\u2019un texte fragmentaire et novateur \u00e9merge la voix d\u2019une femme qui veut regarder la mort en face pour rester int\u00e8gre avec elle-m\u00eame, sans se conformer \u00e0 un discours dominant qui marginalise tout ce qui s\u2019\u00e9carte de ses normes. Porteurs d\u2019insoumission, ses mots r\u00e9volt\u00e9s laissent aussi percer un cri sublime et d\u00e9chirant sur la d\u00e9pendance amoureuse et le d\u00e9sir qui br\u00fble.[\/vc_column_text][\/vc_column][\/vc_row][vc_row row_mask_bg=&#8221;&#8221; row_arrow=&#8221;&#8221; css=&#8221;.vc_custom_1518423354950{padding-top: 40px !important;}&#8221;][vc_column][vc_text_separator title=&#8221;PRIX&#8221;][\/vc_column][\/vc_row][vc_row][vc_column][vc_column_text css=&#8221;.vc_custom_1528818381314{padding-top: 20px !important;padding-bottom: 20px !important;}&#8221;]<\/p>\n<p class=\"paragraph_style_3\"><strong>Prix de l\u2019Association qu\u00e9b\u00e9coise des critiques de th\u00e9\u00e2tre 2015<\/strong><\/p>\n<p class=\"paragraph_style_4\"><em>Cat\u00e9gorie Interpr\u00e9tation f\u00e9minine :<\/em> Sophie Cadieux<\/p>\n<p>[\/vc_column_text][\/vc_column][\/vc_row][vc_row row_mask_bg=&#8221;&#8221; row_arrow=&#8221;&#8221; css=&#8221;.vc_custom_1518423354950{padding-top: 40px !important;}&#8221;][vc_column][vc_text_separator title=&#8221;PRESSE&#8221;][\/vc_column][\/vc_row][vc_row][vc_column][vc_column_text css=&#8221;.vc_custom_1527602676003{padding-top: 20px !important;padding-bottom: 20px !important;}&#8221;][\/vc_column_text][\/vc_column][\/vc_row]<\/p>\n<\/div>","protected":false},"excerpt":{"rendered":"<p>[vc_row][vc_column][vc_gallery type=&#8221;flexslider_slide&#8221; interval=&#8221;0&#8243; images=&#8221;4093,4094,4095,4096,4097,4098,4099,4100,4101,4102,4103,4104,4105&#8243; img_size=&#8221;full&#8221; onclick=&#8221;&#8221; css_animation=&#8221;slideInDown&#8221;][\/vc_column][\/vc_row][vc_row][vc_column offset=&#8221;vc_col-sm-offset-1 vc_col-xs-offset-1 vc_col-xs-12&#8243;][vc_custom_heading text=&#8221;PSYCHOSE |4:48&#8243; font_container=&#8221;tag:h1|text_align:left&#8221; use_theme_fonts=&#8221;yes&#8221; css_animation=&#8221;cms_animate wow slideInRight&#8221; cms_custom_headding_type=&#8221;heading-borderleft-textbold&#8221;][\/vc_column][\/vc_row][vc_row row_mask_bg=&#8221;&#8221; row_arrow=&#8221;&#8221; css=&#8221;.vc_custom_1518409839979{padding-top: 30px !important;}&#8221;][vc_column width=&#8221;1\/2&#8243;][vc_column_text css=&#8221;.vc_custom_1527601366555{padding-left:<\/p>\n","protected":false},"author":1,"featured_media":0,"parent":3256,"menu_order":0,"comment_status":"closed","ping_status":"closed","template":"","meta":[],"_links":{"self":[{"href":"http:\/\/nicolasdescoteaux.com\/index.php?rest_route=\/wp\/v2\/pages\/3498"}],"collection":[{"href":"http:\/\/nicolasdescoteaux.com\/index.php?rest_route=\/wp\/v2\/pages"}],"about":[{"href":"http:\/\/nicolasdescoteaux.com\/index.php?rest_route=\/wp\/v2\/types\/page"}],"author":[{"embeddable":true,"href":"http:\/\/nicolasdescoteaux.com\/index.php?rest_route=\/wp\/v2\/users\/1"}],"replies":[{"embeddable":true,"href":"http:\/\/nicolasdescoteaux.com\/index.php?rest_route=%2Fwp%2Fv2%2Fcomments&post=3498"}],"version-history":[{"count":6,"href":"http:\/\/nicolasdescoteaux.com\/index.php?rest_route=\/wp\/v2\/pages\/3498\/revisions"}],"predecessor-version":[{"id":4106,"href":"http:\/\/nicolasdescoteaux.com\/index.php?rest_route=\/wp\/v2\/pages\/3498\/revisions\/4106"}],"up":[{"embeddable":true,"href":"http:\/\/nicolasdescoteaux.com\/index.php?rest_route=\/wp\/v2\/pages\/3256"}],"wp:attachment":[{"href":"http:\/\/nicolasdescoteaux.com\/index.php?rest_route=%2Fwp%2Fv2%2Fmedia&parent=3498"}],"curies":[{"name":"wp","href":"https:\/\/api.w.org\/{rel}","templated":true}]}}