{"id":3495,"date":"2018-05-25T14:36:40","date_gmt":"2018-05-25T14:36:40","guid":{"rendered":"http:\/\/nicolasdescoteaux.com\/?page_id=3495"},"modified":"2018-11-25T22:43:49","modified_gmt":"2018-11-25T22:43:49","slug":"1-toccate","status":"publish","type":"page","link":"http:\/\/nicolasdescoteaux.com\/?page_id=3495","title":{"rendered":"1- Toccate"},"content":{"rendered":"<div class=\"wpb-content-wrapper\"><p>[vc_row][vc_column][vc_gallery type=&#8221;flexslider_slide&#8221; interval=&#8221;0&#8243; images=&#8221;4064,4065,4066,4067,4068,4069,4070,4071,4072,4073,4074,4075,4076&#8243; img_size=&#8221;full&#8221; onclick=&#8221;&#8221; css_animation=&#8221;slideInDown&#8221;][\/vc_column][\/vc_row][vc_row][vc_column offset=&#8221;vc_col-sm-offset-1 vc_col-xs-offset-1 vc_col-xs-12&#8243;][vc_custom_heading text=&#8221;TOCCATE ET|FUGUE&#8221; font_container=&#8221;tag:h1|text_align:left&#8221; use_theme_fonts=&#8221;yes&#8221; css_animation=&#8221;cms_animate wow slideInRight&#8221; cms_custom_headding_type=&#8221;heading-borderleft-textbold&#8221;][\/vc_column][\/vc_row][vc_row row_mask_bg=&#8221;&#8221; row_arrow=&#8221;&#8221; css=&#8221;.vc_custom_1518409839979{padding-top: 30px !important;}&#8221;][vc_column width=&#8221;1\/2&#8243;][vc_column_text css=&#8221;.vc_custom_1543088983444{padding-left: 30px !important;}&#8221;]&nbsp;<\/p>\n<p><strong>Texte :<\/strong>\u00a0\u00c9tienne Lepage<\/p>\n<p><strong>Mise en sc\u00e8ne :<\/strong>\u00a0Florent Siaud<\/p>\n<p>&nbsp;<\/p>\n<p><strong>Sc\u00e9nographie : <\/strong>Romain Fabre<\/p>\n<p><strong>Costumes :<\/strong>\u00a0Romain Fabre<\/p>\n<p><strong>Lumi\u00e8res :<\/strong> Nicolas Desc\u00f4teaux<\/p>\n<p><strong>Musiques et sons :<\/strong> Julien \u00c9clancher<\/p>\n<p><strong>Vid\u00e9o :<\/strong> David Ricard<\/p>\n<p><strong>Photos :<\/strong> \u00a9 Nicolas Desc\u00f4teaux<\/p>\n<p>&nbsp;<\/p>\n<p><strong>PRODUCTION :<\/strong> CENTRE DU TH\u00c9\u00c2TRE D&#8217;AUJOURD&#8217;HUI, 2017[\/vc_column_text][\/vc_column][vc_column width=&#8221;1\/2&#8243;][vc_custom_heading text=&#8221;Description | Citations&#8221; font_container=&#8221;tag:h3|text_align:left&#8221; use_theme_fonts=&#8221;yes&#8221;][vc_column_text]L&#8217;auteur \u00c9tienne Lepage nous revient avec cette com\u00e9die tragique livrant le portrait \u00e0 la fois s\u00e9duisant et choquant d\u2019une g\u00e9n\u00e9ration au bord de l\u2019implosion.<\/p>\n<p>C&#8217;est l\u2019anniversaire de Caro, mais elle l\u2019a oubli\u00e9. Ses amis d\u00e9barquent chez elle pour un party qui n&#8217;a jamais vraiment lieu : la musique ne fonctionne pas, les amiti\u00e9s non plus. Arrive alors une prostitu\u00e9e que personne n&#8217;a appel\u00e9e. De fil en aiguille, les petits actes \u00e9go\u00efstes et maladroits de chacun font boule de neige et la soir\u00e9e rat\u00e9e d\u00e9rape en une s\u00e9rie d\u2019agressions qu&#8217;ils n&#8217;ont jamais voulues, mais clairement provoqu\u00e9es.[\/vc_column_text][\/vc_column][\/vc_row][vc_row row_mask_bg=&#8221;&#8221; row_arrow=&#8221;&#8221; css=&#8221;.vc_custom_1518423354950{padding-top: 40px !important;}&#8221;][vc_column][vc_text_separator title=&#8221;PRESSE&#8221;][\/vc_column][\/vc_row][vc_row][vc_column][vc_column_text css=&#8221;.vc_custom_1527600108806{padding-top: 20px !important;padding-bottom: 20px !important;}&#8221;]<em>&#8221; Il a commenc\u00e9 par rassembler une \u00e9quipe brillante. Six interpr\u00e8tes remarquables, ainsi que des concepteurs et collaborateurs nombreux et talentueux, dont Alexandra Sutto, Romain Fabre, Nicolas Desc\u00f4teaux, Julien \u00c9clancher et David B. Richard. Le metteur en sc\u00e8ne, qui est aussi dramaturge, sait nourrir le th\u00e9\u00e2tre \u00e0 plusieurs sources et multiplier les influences riches. Tout est juste dans cette production, et d\u2019une grande coh\u00e9rence. Chaque \u00e9l\u00e9ment participe \u00e0 activer la fine m\u00e9canique de la pi\u00e8ce de Lepage.&#8221;<\/em><\/p>\n<p>Sara Fauteux, <strong>Le Devoir<\/strong>[\/vc_column_text][\/vc_column][\/vc_row]<\/p>\n<\/div>","protected":false},"excerpt":{"rendered":"<p>[vc_row][vc_column][vc_gallery type=&#8221;flexslider_slide&#8221; interval=&#8221;0&#8243; images=&#8221;4064,4065,4066,4067,4068,4069,4070,4071,4072,4073,4074,4075,4076&#8243; img_size=&#8221;full&#8221; onclick=&#8221;&#8221; css_animation=&#8221;slideInDown&#8221;][\/vc_column][\/vc_row][vc_row][vc_column offset=&#8221;vc_col-sm-offset-1 vc_col-xs-offset-1 vc_col-xs-12&#8243;][vc_custom_heading text=&#8221;TOCCATE ET|FUGUE&#8221; font_container=&#8221;tag:h1|text_align:left&#8221; use_theme_fonts=&#8221;yes&#8221; css_animation=&#8221;cms_animate wow slideInRight&#8221; cms_custom_headding_type=&#8221;heading-borderleft-textbold&#8221;][\/vc_column][\/vc_row][vc_row row_mask_bg=&#8221;&#8221; row_arrow=&#8221;&#8221; css=&#8221;.vc_custom_1518409839979{padding-top: 30px !important;}&#8221;][vc_column width=&#8221;1\/2&#8243;][vc_column_text css=&#8221;.vc_custom_1543088983444{padding-left:<\/p>\n","protected":false},"author":1,"featured_media":0,"parent":3256,"menu_order":0,"comment_status":"closed","ping_status":"closed","template":"","meta":[],"_links":{"self":[{"href":"http:\/\/nicolasdescoteaux.com\/index.php?rest_route=\/wp\/v2\/pages\/3495"}],"collection":[{"href":"http:\/\/nicolasdescoteaux.com\/index.php?rest_route=\/wp\/v2\/pages"}],"about":[{"href":"http:\/\/nicolasdescoteaux.com\/index.php?rest_route=\/wp\/v2\/types\/page"}],"author":[{"embeddable":true,"href":"http:\/\/nicolasdescoteaux.com\/index.php?rest_route=\/wp\/v2\/users\/1"}],"replies":[{"embeddable":true,"href":"http:\/\/nicolasdescoteaux.com\/index.php?rest_route=%2Fwp%2Fv2%2Fcomments&post=3495"}],"version-history":[{"count":6,"href":"http:\/\/nicolasdescoteaux.com\/index.php?rest_route=\/wp\/v2\/pages\/3495\/revisions"}],"predecessor-version":[{"id":4077,"href":"http:\/\/nicolasdescoteaux.com\/index.php?rest_route=\/wp\/v2\/pages\/3495\/revisions\/4077"}],"up":[{"embeddable":true,"href":"http:\/\/nicolasdescoteaux.com\/index.php?rest_route=\/wp\/v2\/pages\/3256"}],"wp:attachment":[{"href":"http:\/\/nicolasdescoteaux.com\/index.php?rest_route=%2Fwp%2Fv2%2Fmedia&parent=3495"}],"curies":[{"name":"wp","href":"https:\/\/api.w.org\/{rel}","templated":true}]}}