{"id":3493,"date":"2018-05-25T14:36:12","date_gmt":"2018-05-25T14:36:12","guid":{"rendered":"http:\/\/nicolasdescoteaux.com\/?page_id=3493"},"modified":"2019-04-11T12:28:59","modified_gmt":"2019-04-11T12:28:59","slug":"1-les-enivres","status":"publish","type":"page","link":"http:\/\/nicolasdescoteaux.com\/?page_id=3493","title":{"rendered":"1- Les Enivr\u00e9s"},"content":{"rendered":"<div class=\"wpb-content-wrapper\"><p>[vc_row][vc_column][vc_gallery type=&#8221;flexslider_slide&#8221; interval=&#8221;0&#8243; images=&#8221;4060,4053,4054,4055,4056,4058,4052,4061,4059,4062,4063,4057&#8243; img_size=&#8221;full&#8221; onclick=&#8221;&#8221; css_animation=&#8221;slideInDown&#8221;][\/vc_column][\/vc_row][vc_row][vc_column offset=&#8221;vc_col-sm-offset-1 vc_col-xs-offset-1 vc_col-xs-12&#8243;][vc_custom_heading text=&#8221;LES |ENIVR\u00c9S&#8221; font_container=&#8221;tag:h1|text_align:left&#8221; use_theme_fonts=&#8221;yes&#8221; css_animation=&#8221;cms_animate wow slideInRight&#8221; cms_custom_headding_type=&#8221;heading-borderleft-textbold&#8221;][\/vc_column][\/vc_row][vc_row row_mask_bg=&#8221;&#8221; row_arrow=&#8221;&#8221; css=&#8221;.vc_custom_1518409839979{padding-top: 30px !important;}&#8221;][vc_column width=&#8221;1\/2&#8243;][vc_column_text css=&#8221;.vc_custom_1527426781453{padding-left: 30px !important;}&#8221;]&nbsp;<\/p>\n<p><strong>Texte :<\/strong>\u00a0Ivan Viripaev<\/p>\n<p><strong>Mise en sc\u00e8ne :<\/strong>\u00a0Florent Siaud<\/p>\n<p>&nbsp;<\/p>\n<p><strong>Sc\u00e9nographie :<\/strong> Romain Fabre<\/p>\n<p><strong>Costumes :<\/strong> Romain Fabre<\/p>\n<p><strong>Lumi\u00e8res :<\/strong> Nicolas Desc\u00f4teaux<\/p>\n<p><strong>Musiques et sons :<\/strong> Julien \u00c9clancher<\/p>\n<p><strong>Vid\u00e9o :<\/strong> David Ricard<\/p>\n<p><strong>Photos :<\/strong> \u00a9 Nicolas Desc\u00f4teaux<\/p>\n<p>&nbsp;<\/p>\n<p><strong>PRODUCTION :<\/strong> TH\u00c9\u00c2TRE PROSPERO[\/vc_column_text][\/vc_column][vc_column width=&#8221;1\/2&#8243;][vc_custom_heading text=&#8221;Description | Citations&#8221; font_container=&#8221;tag:h3|text_align:left&#8221; use_theme_fonts=&#8221;yes&#8221;][vc_column_text]De la tomb\u00e9e de la nuit au lever du jour, ils sont ici quatorze enivr\u00e9s \u00e0 chercher au fond de leur so\u00fblerie les v\u00e9rit\u00e9s les plus fondamentales sur l\u2019existence, l\u2019amour et le rapport aux autres. Sous l\u2019effet de l\u2019alcool, les corps s\u2019effondrent dans la boue, les esprits s\u2019allument dans une soir\u00e9e entre amis, les langues se d\u00e9lient dans un enterrement de vie de gar\u00e7on qui d\u00e9rape.<br \/>\nInocul\u00e9e par une langue m\u00ealant r\u00e9v\u00e9lations tonitruantes, images surr\u00e9alistes et professions de foi illumin\u00e9es, l\u2019ivresse dansante des Enivr\u00e9s invente un langage in\u00e9dit pour nous relier \u00e0 la grande \u00e9nigme du monde. Dans <em>Oxyg\u00e8ne<\/em> et <em>Illusions<\/em>, deux pi\u00e8ces pr\u00e9sent\u00e9es ant\u00e9rieurement par La Veill\u00e9e, Ivan Viripaev convoquait une poign\u00e9e d\u2019interpr\u00e8tes. Cette fois le dramaturge risque une forme plus ample au souffle \u00e9pique. Avec une dizaine d\u2019acteurs et d\u2019actrices, Florent Siaud dont on conna\u00eet d\u00e9sormais les talents de pr\u00e9cision, de clart\u00e9, fait le pari d\u2019une direction rageuse et libre.[\/vc_column_text][\/vc_column][\/vc_row][vc_row row_mask_bg=&#8221;&#8221; row_arrow=&#8221;&#8221; css=&#8221;.vc_custom_1518423354950{padding-top: 40px !important;}&#8221;][vc_column][vc_text_separator title=&#8221;PRESSE&#8221;][\/vc_column][\/vc_row][vc_row][vc_column][vc_column_text css=&#8221;.vc_custom_1527596572037{padding-top: 20px !important;padding-bottom: 20px !important;padding-left: px !important;}&#8221;]<\/p>\n<p style=\"text-align: left;\"><em>&#8220;Une distribution du tonnerre, dirig\u00e9e de main de ma\u00eetre, brille ici de tous ses feux dans une suite de tableaux r\u00e9gl\u00e9s avec minutie.&#8221;<\/em><\/p>\n<p style=\"text-align: left;\">Raymond Bertin, <strong>Revue Jeu<\/strong><\/p>\n<p>&nbsp;<\/p>\n<p style=\"text-align: left;\"><em>&#8220;&#8230;les \u00e9clairages de Nicolas Desc\u00f4teaux contribuent \u00e0 cr\u00e9er l\u2019atmosph\u00e8re \u00e9trangement glauque dans laquelle les personnages ont leurs illuminations.&#8221;<\/em><\/p>\n<p style=\"text-align: left;\">Sara Thibault, <strong>Month\u00e9\u00e2tre.qc.ca<\/strong><\/p>\n<p>[\/vc_column_text][\/vc_column][\/vc_row]<\/p>\n<\/div>","protected":false},"excerpt":{"rendered":"<p>[vc_row][vc_column][vc_gallery type=&#8221;flexslider_slide&#8221; interval=&#8221;0&#8243; images=&#8221;4060,4053,4054,4055,4056,4058,4052,4061,4059,4062,4063,4057&#8243; img_size=&#8221;full&#8221; onclick=&#8221;&#8221; css_animation=&#8221;slideInDown&#8221;][\/vc_column][\/vc_row][vc_row][vc_column offset=&#8221;vc_col-sm-offset-1 vc_col-xs-offset-1 vc_col-xs-12&#8243;][vc_custom_heading text=&#8221;LES |ENIVR\u00c9S&#8221; font_container=&#8221;tag:h1|text_align:left&#8221; use_theme_fonts=&#8221;yes&#8221; css_animation=&#8221;cms_animate wow slideInRight&#8221; cms_custom_headding_type=&#8221;heading-borderleft-textbold&#8221;][\/vc_column][\/vc_row][vc_row row_mask_bg=&#8221;&#8221; row_arrow=&#8221;&#8221; css=&#8221;.vc_custom_1518409839979{padding-top: 30px !important;}&#8221;][vc_column width=&#8221;1\/2&#8243;][vc_column_text css=&#8221;.vc_custom_1527426781453{padding-left:<\/p>\n","protected":false},"author":1,"featured_media":0,"parent":3256,"menu_order":0,"comment_status":"closed","ping_status":"closed","template":"","meta":[],"_links":{"self":[{"href":"http:\/\/nicolasdescoteaux.com\/index.php?rest_route=\/wp\/v2\/pages\/3493"}],"collection":[{"href":"http:\/\/nicolasdescoteaux.com\/index.php?rest_route=\/wp\/v2\/pages"}],"about":[{"href":"http:\/\/nicolasdescoteaux.com\/index.php?rest_route=\/wp\/v2\/types\/page"}],"author":[{"embeddable":true,"href":"http:\/\/nicolasdescoteaux.com\/index.php?rest_route=\/wp\/v2\/users\/1"}],"replies":[{"embeddable":true,"href":"http:\/\/nicolasdescoteaux.com\/index.php?rest_route=%2Fwp%2Fv2%2Fcomments&post=3493"}],"version-history":[{"count":9,"href":"http:\/\/nicolasdescoteaux.com\/index.php?rest_route=\/wp\/v2\/pages\/3493\/revisions"}],"predecessor-version":[{"id":4751,"href":"http:\/\/nicolasdescoteaux.com\/index.php?rest_route=\/wp\/v2\/pages\/3493\/revisions\/4751"}],"up":[{"embeddable":true,"href":"http:\/\/nicolasdescoteaux.com\/index.php?rest_route=\/wp\/v2\/pages\/3256"}],"wp:attachment":[{"href":"http:\/\/nicolasdescoteaux.com\/index.php?rest_route=%2Fwp%2Fv2%2Fmedia&parent=3493"}],"curies":[{"name":"wp","href":"https:\/\/api.w.org\/{rel}","templated":true}]}}