{"id":3459,"date":"2018-05-25T12:34:32","date_gmt":"2018-05-25T12:34:32","guid":{"rendered":"http:\/\/nicolasdescoteaux.com\/?page_id=3459"},"modified":"2019-01-02T18:35:00","modified_gmt":"2019-01-02T18:35:00","slug":"2-der-zigeurerbaron","status":"publish","type":"page","link":"http:\/\/nicolasdescoteaux.com\/?page_id=3459","title":{"rendered":"2- Der Zigeurerbaron"},"content":{"rendered":"<div class=\"wpb-content-wrapper\"><p>[vc_row][vc_column][vc_gallery type=&#8221;flexslider_slide&#8221; interval=&#8221;0&#8243; images=&#8221;4514,4524,4523,4522,4521,4520,4519,4518,4517,4516,4515&#8243; img_size=&#8221;full&#8221; onclick=&#8221;&#8221; css_animation=&#8221;slideInDown&#8221;][\/vc_column][\/vc_row][vc_row][vc_column][vc_custom_heading text=&#8221;DER |ZIGEURERBARON&#8221; font_container=&#8221;tag:h1|text_align:left&#8221; use_theme_fonts=&#8221;yes&#8221; css_animation=&#8221;cms_animate wow slideInRight&#8221; cms_custom_headding_type=&#8221;heading-borderleft-textbold&#8221;][\/vc_column][\/vc_row][vc_row row_mask_bg=&#8221;&#8221; row_arrow=&#8221;&#8221; css=&#8221;.vc_custom_1518409839979{padding-top: 30px !important;}&#8221;][vc_column width=&#8221;1\/2&#8243;][vc_column_text css=&#8221;.vc_custom_1541366077900{padding-left: 30px !important;}&#8221;]<strong>Musique :<\/strong> Johann Strauss<\/p>\n<p><strong>Direction musicale :<\/strong> Raffi Armenian<\/p>\n<p>&nbsp;<\/p>\n<p><strong>Mise en sc\u00e8ne :<\/strong> Marie-Nathalie Lacoursi\u00e8re<\/p>\n<p><strong>Sc\u00e9nographie :\u00a0<\/strong>Carl Pelletier<\/p>\n<p><strong>Costumes :<\/strong> Marc S\u00e9n\u00e9cal<\/p>\n<p><strong>Lumi\u00e8res :<\/strong> Nicolas Desc\u00f4teaux<\/p>\n<p><strong>Images :<\/strong> Caroline Guilbault<\/p>\n<p>&nbsp;<\/p>\n<p><strong>Photos :<\/strong> \u00a9 Nicolas Desc\u00f4teaux<\/p>\n<p>&nbsp;<\/p>\n<p><strong>PRODUCTION :<\/strong> ATELIER LYRIQUE DE L&#8217;UNIVERSIT\u00c9 DE MONTR\u00c9AL<\/p>\n<p>Salle Claude Champagne, 2010[\/vc_column_text][\/vc_column][vc_column width=&#8221;1\/2&#8243;][vc_custom_heading text=&#8221;Extraits | Synopsis&#8221; font_container=&#8221;tag:h3|text_align:left&#8221; use_theme_fonts=&#8221;yes&#8221;][vc_column_text]<\/p>\n<p class=\"paragraph_style_1\"><span class=\"style_1\">Le Baron Tzigane de Johann Strauss <\/span>fils est une op\u00e9rette comique en trois actes. D\u00e8s le d\u00e9but du processus de cr\u00e9ation, le souhait d\u2019utiliser la projection vid\u00e9o \u00e0 aiguiller notre d\u00e9marche. La vid\u00e9o allait permettre la repr\u00e9sentation de plusieurs lieux et d\u2019effets et permettre aussi de meubler les grandes m\u00e9lop\u00e9es instrumentales que demande ce livret particulier. Le contenue visuel dans un style d\u2019art na\u00eff et compos\u00e9 d\u2019une centaine d\u2019images peintes \u00e0 la main et num\u00e9ris\u00e9 furent en partie inspir\u00e9es de l\u2019iconographie du g\u00e9n\u00e9rique du film <span class=\"style_1\">\u00ab\u00a0Les d\u00e9sastreuses aventures des orphelins Baudelaire\u00a0\u00bb<\/span> de Brad Silberling. Les images allaient aussi donner la tonalit\u00e9 des couleurs de la lumi\u00e8re. Une grande partie de l\u2019op\u00e9ra se d\u00e9roulant la nuit, l\u2019artiste peintre opta pour des tons de lilas, lavande, mauve et rose. J\u2019ai donc d\u00e9cid\u00e9 de travailler les tableaux dans les m\u00eames tons \u00e0 l\u2019aide de changeurs de couleur mais en gardant la lumi\u00e8re principale dans des tons chauds pour ainsi en augmenter les contrastes. Cela donna des tableaux homog\u00e8nes en coloris comme si la lumi\u00e8re \u00e9manant des projections elle-m\u00eame \u00e9clairait la sc\u00e8ne!<\/p>\n<p class=\"paragraph_style_2\">[\/vc_column_text][\/vc_column][\/vc_row][vc_row row_mask_bg=&#8221;&#8221; row_arrow=&#8221;&#8221; css=&#8221;.vc_custom_1518423354950{padding-top: 40px !important;}&#8221;][vc_column][vc_text_separator title=&#8221;PRESSE&#8221;][\/vc_column][\/vc_row][vc_row][vc_column][vc_column_text][\/vc_column_text][\/vc_column][\/vc_row]<\/p>\n<\/div>","protected":false},"excerpt":{"rendered":"<p>[vc_row][vc_column][vc_gallery type=&#8221;flexslider_slide&#8221; interval=&#8221;0&#8243; images=&#8221;4514,4524,4523,4522,4521,4520,4519,4518,4517,4516,4515&#8243; img_size=&#8221;full&#8221; onclick=&#8221;&#8221; css_animation=&#8221;slideInDown&#8221;][\/vc_column][\/vc_row][vc_row][vc_column][vc_custom_heading text=&#8221;DER |ZIGEURERBARON&#8221; font_container=&#8221;tag:h1|text_align:left&#8221; use_theme_fonts=&#8221;yes&#8221; css_animation=&#8221;cms_animate wow slideInRight&#8221; cms_custom_headding_type=&#8221;heading-borderleft-textbold&#8221;][\/vc_column][\/vc_row][vc_row row_mask_bg=&#8221;&#8221; row_arrow=&#8221;&#8221; css=&#8221;.vc_custom_1518409839979{padding-top: 30px !important;}&#8221;][vc_column width=&#8221;1\/2&#8243;][vc_column_text css=&#8221;.vc_custom_1541366077900{padding-left: 30px !important;}&#8221;]Musique :<\/p>\n","protected":false},"author":1,"featured_media":0,"parent":3290,"menu_order":0,"comment_status":"closed","ping_status":"closed","template":"","meta":[],"_links":{"self":[{"href":"http:\/\/nicolasdescoteaux.com\/index.php?rest_route=\/wp\/v2\/pages\/3459"}],"collection":[{"href":"http:\/\/nicolasdescoteaux.com\/index.php?rest_route=\/wp\/v2\/pages"}],"about":[{"href":"http:\/\/nicolasdescoteaux.com\/index.php?rest_route=\/wp\/v2\/types\/page"}],"author":[{"embeddable":true,"href":"http:\/\/nicolasdescoteaux.com\/index.php?rest_route=\/wp\/v2\/users\/1"}],"replies":[{"embeddable":true,"href":"http:\/\/nicolasdescoteaux.com\/index.php?rest_route=%2Fwp%2Fv2%2Fcomments&post=3459"}],"version-history":[{"count":4,"href":"http:\/\/nicolasdescoteaux.com\/index.php?rest_route=\/wp\/v2\/pages\/3459\/revisions"}],"predecessor-version":[{"id":4552,"href":"http:\/\/nicolasdescoteaux.com\/index.php?rest_route=\/wp\/v2\/pages\/3459\/revisions\/4552"}],"up":[{"embeddable":true,"href":"http:\/\/nicolasdescoteaux.com\/index.php?rest_route=\/wp\/v2\/pages\/3290"}],"wp:attachment":[{"href":"http:\/\/nicolasdescoteaux.com\/index.php?rest_route=%2Fwp%2Fv2%2Fmedia&parent=3459"}],"curies":[{"name":"wp","href":"https:\/\/api.w.org\/{rel}","templated":true}]}}