{"id":3434,"date":"2018-05-25T12:31:49","date_gmt":"2018-05-25T12:31:49","guid":{"rendered":"http:\/\/nicolasdescoteaux.com\/?page_id=3434"},"modified":"2018-12-01T01:08:56","modified_gmt":"2018-12-01T01:08:56","slug":"2-quai-ouest","status":"publish","type":"page","link":"http:\/\/nicolasdescoteaux.com\/?page_id=3434","title":{"rendered":"2- Quai Ouest"},"content":{"rendered":"<div class=\"wpb-content-wrapper\"><p>[vc_row][vc_column][vc_gallery type=&#8221;flexslider_slide&#8221; interval=&#8221;0&#8243; images=&#8221;4431,4432,4433,4434,4435,4436,4437,4438,4439,4440,4441,4442,4443,4444,4445,4446,4447,4448,4449,4450,4451&#8243; img_size=&#8221;full&#8221; onclick=&#8221;&#8221; css_animation=&#8221;slideInDown&#8221;][\/vc_column][\/vc_row][vc_row][vc_column][vc_custom_heading text=&#8221;QUAI OUEST|OP\u00c9RA NATIONAL DU RHIN&#8221; font_container=&#8221;tag:h1|text_align:left&#8221; use_theme_fonts=&#8221;yes&#8221; css_animation=&#8221;cms_animate wow slideInRight&#8221; cms_custom_headding_type=&#8221;heading-borderleft-textbold&#8221;][\/vc_column][\/vc_row][vc_row row_mask_bg=&#8221;&#8221; row_arrow=&#8221;&#8221; css=&#8221;.vc_custom_1518409839979{padding-top: 30px !important;}&#8221;][vc_column width=&#8221;1\/2&#8243;][vc_column_text css=&#8221;.vc_custom_1541749051519{padding-left: 30px !important;}&#8221;]<strong>Musique :<\/strong> <span class=\"style_1\">R\u00e9gis Campo<\/span><\/p>\n<p><strong>Livret :<\/strong> Kristian Fredric et Florence Doublet<\/p>\n<p><strong>Direction musicale :<\/strong> Marcus Bosch<\/p>\n<p>&nbsp;<\/p>\n<p><strong>Mise en sc\u00e8ne :<\/strong> Kristian Fr\u00e9dric<\/p>\n<p><strong>Sc\u00e9nographie : <\/strong>Bruno de Laven\u00e8re<\/p>\n<p><strong>Costumes :<\/strong> Gabriele Heimann<\/p>\n<p><strong>Lumi\u00e8res :<\/strong> Nicolas Desc\u00f4teaux<\/p>\n<p>&nbsp;<\/p>\n<p><strong>Photos :<\/strong> \u00a9 Nicolas Desc\u00f4teaux<\/p>\n<p>&nbsp;<\/p>\n<p><strong>PRODUCTION :<\/strong> OP\u00c9RA NATIONAL DU RHIN DE STRASBOURG, 2014<\/p>\n<p>&nbsp;<\/p>\n<p class=\"paragraph_style\">[\/vc_column_text][\/vc_column][vc_column width=&#8221;1\/2&#8243;][vc_custom_heading text=&#8221;Extraits | Synopsis&#8221; font_container=&#8221;tag:h3|text_align:left&#8221; use_theme_fonts=&#8221;yes&#8221;][vc_column_text]C\u2019est un sacr\u00e9 challenge que s\u2019est lanc\u00e9 l\u2019Op\u00e9ra national du Rhin, en partenariat avec le Staatstheater N\u00fcrnberg : commander <em>Quai Ouest<\/em>, op\u00e9ra in\u00e9dit adapt\u00e9 de la pi\u00e8ce de th\u00e9\u00e2tre de Bernard Marie Kolt\u00e8s.<\/p>\n<h2 class=\"intertitre\"><\/h2>\n<p>Tout part d\u2019un lieu : un hangar d\u00e9saffect\u00e9, sur les bords d\u2019un quai, \u00e0 New-York, o\u00f9 l\u2019auteur fran\u00e7ais a pass\u00e9 quelques nuits au moment d\u2019\u00e9crire sa pi\u00e8ce, au milieu des ann\u00e9es 80 : <em>\u00ab C\u2019est un endroit extr\u00eamement bizarre \u2013 un abri pour les clodos, les p\u00e9d\u00e9s, les trafics et les r\u00e8glements de comptes, un endroit pourtant o\u00f9 les flics ne vont jamais pour des raisons obscures. (\u2026) ; un lieu o\u00f9 l\u2019ordre normal n\u2019existe pas, mais o\u00f9 un autre ordre, tr\u00e8s curieux, s\u2019est cr\u00e9\u00e9.\u00bb<\/em>[\/vc_column_text][\/vc_column][\/vc_row][vc_row row_mask_bg=&#8221;&#8221; row_arrow=&#8221;&#8221; css=&#8221;.vc_custom_1518423354950{padding-top: 40px !important;}&#8221;][vc_column][vc_text_separator title=&#8221;PRESSE&#8221;][\/vc_column][\/vc_row][vc_row][vc_column][vc_column_text][\/vc_column_text][\/vc_column][\/vc_row]<\/p>\n<\/div>","protected":false},"excerpt":{"rendered":"<p>[vc_row][vc_column][vc_gallery type=&#8221;flexslider_slide&#8221; interval=&#8221;0&#8243; images=&#8221;4431,4432,4433,4434,4435,4436,4437,4438,4439,4440,4441,4442,4443,4444,4445,4446,4447,4448,4449,4450,4451&#8243; img_size=&#8221;full&#8221; onclick=&#8221;&#8221; css_animation=&#8221;slideInDown&#8221;][\/vc_column][\/vc_row][vc_row][vc_column][vc_custom_heading text=&#8221;QUAI OUEST|OP\u00c9RA NATIONAL DU RHIN&#8221; font_container=&#8221;tag:h1|text_align:left&#8221; use_theme_fonts=&#8221;yes&#8221; css_animation=&#8221;cms_animate wow slideInRight&#8221; cms_custom_headding_type=&#8221;heading-borderleft-textbold&#8221;][\/vc_column][\/vc_row][vc_row row_mask_bg=&#8221;&#8221; row_arrow=&#8221;&#8221; css=&#8221;.vc_custom_1518409839979{padding-top: 30px !important;}&#8221;][vc_column width=&#8221;1\/2&#8243;][vc_column_text css=&#8221;.vc_custom_1541749051519{padding-left:<\/p>\n","protected":false},"author":1,"featured_media":0,"parent":3290,"menu_order":0,"comment_status":"closed","ping_status":"closed","template":"","meta":[],"_links":{"self":[{"href":"http:\/\/nicolasdescoteaux.com\/index.php?rest_route=\/wp\/v2\/pages\/3434"}],"collection":[{"href":"http:\/\/nicolasdescoteaux.com\/index.php?rest_route=\/wp\/v2\/pages"}],"about":[{"href":"http:\/\/nicolasdescoteaux.com\/index.php?rest_route=\/wp\/v2\/types\/page"}],"author":[{"embeddable":true,"href":"http:\/\/nicolasdescoteaux.com\/index.php?rest_route=\/wp\/v2\/users\/1"}],"replies":[{"embeddable":true,"href":"http:\/\/nicolasdescoteaux.com\/index.php?rest_route=%2Fwp%2Fv2%2Fcomments&post=3434"}],"version-history":[{"count":3,"href":"http:\/\/nicolasdescoteaux.com\/index.php?rest_route=\/wp\/v2\/pages\/3434\/revisions"}],"predecessor-version":[{"id":4452,"href":"http:\/\/nicolasdescoteaux.com\/index.php?rest_route=\/wp\/v2\/pages\/3434\/revisions\/4452"}],"up":[{"embeddable":true,"href":"http:\/\/nicolasdescoteaux.com\/index.php?rest_route=\/wp\/v2\/pages\/3290"}],"wp:attachment":[{"href":"http:\/\/nicolasdescoteaux.com\/index.php?rest_route=%2Fwp%2Fv2%2Fmedia&parent=3434"}],"curies":[{"name":"wp","href":"https:\/\/api.w.org\/{rel}","templated":true}]}}