{"id":3423,"date":"2018-05-25T12:26:17","date_gmt":"2018-05-25T12:26:17","guid":{"rendered":"http:\/\/nicolasdescoteaux.com\/?page_id=3423"},"modified":"2018-12-01T01:05:10","modified_gmt":"2018-12-01T01:05:10","slug":"2-cav","status":"publish","type":"page","link":"http:\/\/nicolasdescoteaux.com\/?page_id=3423","title":{"rendered":"2- Cav"},"content":{"rendered":"<div class=\"wpb-content-wrapper\"><p>[vc_row][vc_column][vc_gallery type=&#8221;flexslider_slide&#8221; interval=&#8221;0&#8243; images=&#8221;4411,4412,4413,4414,4415,4416,4417,4418,4419,4420&#8243; img_size=&#8221;full&#8221; onclick=&#8221;&#8221; css_animation=&#8221;slideInDown&#8221;][\/vc_column][\/vc_row][vc_row][vc_column][vc_custom_heading text=&#8221;CAVALLERIA RUSTICANA|OPERA NATIONAL DU RHIN&#8221; font_container=&#8221;tag:h1|text_align:left&#8221; use_theme_fonts=&#8221;yes&#8221; css_animation=&#8221;cms_animate wow slideInRight&#8221; cms_custom_headding_type=&#8221;heading-borderleft-textbold&#8221;][\/vc_column][\/vc_row][vc_row row_mask_bg=&#8221;&#8221; row_arrow=&#8221;&#8221; css=&#8221;.vc_custom_1518409839979{padding-top: 30px !important;}&#8221;][vc_column width=&#8221;1\/2&#8243;][vc_column_text css=&#8221;.vc_custom_1541361400730{padding-left: 30px !important;}&#8221;]<strong>Musique :<\/strong> Pietro Mascagni<\/p>\n<p><strong>Livret :<span class=\"Apple-converted-space\">\u00a0 <\/span><\/strong>Giovanni Targioni-Tozzetti\u00e0<\/p>\n<p><strong>Direction musicale :<\/strong>Daniele Callegari<\/p>\n<p>&nbsp;<\/p>\n<p><strong>Mise en sc\u00e8ne :\u00a0<\/strong>Kristian Fredric<\/p>\n<p><strong>Sc\u00e9nographie :\u00a0<\/strong>Bruno de Laven\u00e8re<\/p>\n<p><strong>Costumes :\u00a0<\/strong>Gabriele Heimann<\/p>\n<p><strong>Lumi\u00e8res : <\/strong>Nicolas Descoteaux<\/p>\n<p>&nbsp;<\/p>\n<p><strong>Photos :<\/strong> \u00a9 Nicolas Desc\u00f4teaux<\/p>\n<p>&nbsp;<\/p>\n<p><strong>PRODUCTION :<\/strong> OPERA NATIONAL DU RHIN \u00c0 STRASBOURG, 2017[\/vc_column_text][\/vc_column][vc_column width=&#8221;1\/2&#8243;][vc_custom_heading text=&#8221;Extraits | Synopsis&#8221; font_container=&#8221;tag:h3|text_align:left&#8221; use_theme_fonts=&#8221;yes&#8221;][vc_column_text]A Strasbourg, le c\u00e9l\u00e8bre diptyque devient \u00ab Les labours de la souffrance \u00bb, parabole de l&#8217;\u00e9ternelle mis\u00e8re des corps et des c\u0153urs \u00e0 travers une Italie sinistr\u00e9e : <i>Cavalleria<\/i> se passe dans un bidonville des ann\u00e9es 1950, <i>Paillasse<\/i> dans un HLM miteux de 1978, au moment de l&#8217;assassinat d&#8217;Aldo Moro par les Brigades rouges. Les deux \u0153uvres forment ainsi un ensemble : le Silvio de <i>Paillasse<\/i> est fils de Turridu et de Santuzza &#8211; doublement frapp\u00e9e, elle finit par se suicider.[\/vc_column_text][\/vc_column][\/vc_row][vc_row row_mask_bg=&#8221;&#8221; row_arrow=&#8221;&#8221; css=&#8221;.vc_custom_1518423354950{padding-top: 40px !important;}&#8221;][vc_column][vc_text_separator title=&#8221;PRESSE&#8221;][\/vc_column][\/vc_row][vc_row][vc_column][vc_column_text][\/vc_column_text][\/vc_column][\/vc_row]<\/p>\n<\/div>","protected":false},"excerpt":{"rendered":"<p>[vc_row][vc_column][vc_gallery type=&#8221;flexslider_slide&#8221; interval=&#8221;0&#8243; images=&#8221;4411,4412,4413,4414,4415,4416,4417,4418,4419,4420&#8243; img_size=&#8221;full&#8221; onclick=&#8221;&#8221; css_animation=&#8221;slideInDown&#8221;][\/vc_column][\/vc_row][vc_row][vc_column][vc_custom_heading text=&#8221;CAVALLERIA RUSTICANA|OPERA NATIONAL DU RHIN&#8221; font_container=&#8221;tag:h1|text_align:left&#8221; use_theme_fonts=&#8221;yes&#8221; css_animation=&#8221;cms_animate wow slideInRight&#8221; cms_custom_headding_type=&#8221;heading-borderleft-textbold&#8221;][\/vc_column][\/vc_row][vc_row row_mask_bg=&#8221;&#8221; row_arrow=&#8221;&#8221; css=&#8221;.vc_custom_1518409839979{padding-top: 30px !important;}&#8221;][vc_column width=&#8221;1\/2&#8243;][vc_column_text css=&#8221;.vc_custom_1541361400730{padding-left:<\/p>\n","protected":false},"author":1,"featured_media":0,"parent":3290,"menu_order":0,"comment_status":"closed","ping_status":"closed","template":"","meta":[],"_links":{"self":[{"href":"http:\/\/nicolasdescoteaux.com\/index.php?rest_route=\/wp\/v2\/pages\/3423"}],"collection":[{"href":"http:\/\/nicolasdescoteaux.com\/index.php?rest_route=\/wp\/v2\/pages"}],"about":[{"href":"http:\/\/nicolasdescoteaux.com\/index.php?rest_route=\/wp\/v2\/types\/page"}],"author":[{"embeddable":true,"href":"http:\/\/nicolasdescoteaux.com\/index.php?rest_route=\/wp\/v2\/users\/1"}],"replies":[{"embeddable":true,"href":"http:\/\/nicolasdescoteaux.com\/index.php?rest_route=%2Fwp%2Fv2%2Fcomments&post=3423"}],"version-history":[{"count":8,"href":"http:\/\/nicolasdescoteaux.com\/index.php?rest_route=\/wp\/v2\/pages\/3423\/revisions"}],"predecessor-version":[{"id":4421,"href":"http:\/\/nicolasdescoteaux.com\/index.php?rest_route=\/wp\/v2\/pages\/3423\/revisions\/4421"}],"up":[{"embeddable":true,"href":"http:\/\/nicolasdescoteaux.com\/index.php?rest_route=\/wp\/v2\/pages\/3290"}],"wp:attachment":[{"href":"http:\/\/nicolasdescoteaux.com\/index.php?rest_route=%2Fwp%2Fv2%2Fmedia&parent=3423"}],"curies":[{"name":"wp","href":"https:\/\/api.w.org\/{rel}","templated":true}]}}