{"id":3298,"date":"2018-02-17T07:45:06","date_gmt":"2018-02-17T07:45:06","guid":{"rendered":"http:\/\/nicolasdescoteaux.com\/?page_id=3298"},"modified":"2019-04-12T16:43:12","modified_gmt":"2019-04-12T16:43:12","slug":"2-cirque","status":"publish","type":"page","link":"http:\/\/nicolasdescoteaux.com\/?page_id=3298","title":{"rendered":"&#8212;&#8212;- 3 &#8211; CIRQUE &#8212;&#8212;"},"content":{"rendered":"<div class=\"wpb-content-wrapper\"><p>[vc_row row_color=&#8221;#a5a5a5&#8243; row_head_color=&#8221;#727272&#8243;][vc_column][vc_custom_heading text=&#8221;CIRQUE `{` + `}`| CIRCUS&#8221; font_container=&#8221;tag:h1|font_size:50|text_align:left&#8221; use_theme_fonts=&#8221;yes&#8221; cms_custom_headding_type=&#8221;heading-underline&#8221;][\/vc_column][\/vc_row][vc_row row_mask_bg=&#8221;&#8221; row_arrow=&#8221;&#8221; css=&#8221;.vc_custom_1518835352659{padding-top: 50px !important;}&#8221;][vc_column width=&#8221;1\/3&#8243; css=&#8221;.vc_custom_1518838289700{padding-right: 10px !important;padding-left: 10px !important;}&#8221;][vc_single_image image=&#8221;4566&#8243; img_size=&#8221;500X350&#8243; alignment=&#8221;center&#8221; onclick=&#8221;custom_link&#8221; vc_none_hover_effect=&#8221;&#8221; link=&#8221;http:\/\/nicolasdescoteaux.com\/?page_id=3538&#8243;][vc_custom_heading text=&#8221;Cirque Alfonse| Tabarnak&#8221; font_container=&#8221;tag:h3|text_align:left&#8221; use_theme_fonts=&#8221;yes&#8221; css_animation=&#8221;cms_animate wow fadeInDown&#8221; cms_custom_headding_type=&#8221;heading-line&#8221; css=&#8221;.vc_custom_1518854238116{padding-right: 10px !important;}&#8221;][\/vc_column][vc_column width=&#8221;1\/3&#8243; css=&#8221;.vc_custom_1518838304569{padding-right: 10px !important;padding-left: 10px !important;}&#8221;][vc_single_image image=&#8221;4574&#8243; img_size=&#8221;500X350&#8243; alignment=&#8221;center&#8221; onclick=&#8221;custom_link&#8221; vc_none_hover_effect=&#8221;&#8221; link=&#8221;http:\/\/nicolasdescoteaux.com\/?page_id=3911&#8243;][vc_custom_heading text=&#8221;Cirque du Soleil| Le monde est fou&#8221; font_container=&#8221;tag:h3|text_align:left&#8221; use_theme_fonts=&#8221;yes&#8221; css_animation=&#8221;cms_animate wow fadeInDown&#8221; cms_custom_headding_type=&#8221;heading-line&#8221;][\/vc_column][vc_column width=&#8221;1\/3&#8243; css=&#8221;.vc_custom_1518838317186{padding-right: 10px !important;padding-left: 10px !important;}&#8221;][vc_single_image image=&#8221;4600&#8243; img_size=&#8221;500X350&#8243; alignment=&#8221;center&#8221; onclick=&#8221;custom_link&#8221; vc_none_hover_effect=&#8221;&#8221; link=&#8221;http:\/\/nicolasdescoteaux.com\/?page_id=3542&#8243;][vc_custom_heading text=&#8221;Cirque Eloize | ID Arena&#8221; font_container=&#8221;tag:h3|text_align:left&#8221; use_theme_fonts=&#8221;yes&#8221; css_animation=&#8221;cms_animate wow fadeInDown&#8221; cms_custom_headding_type=&#8221;heading-line&#8221;][\/vc_column][\/vc_row][vc_row row_mask_bg=&#8221;&#8221; row_arrow=&#8221;&#8221; css=&#8221;.vc_custom_1518835352659{padding-top: 50px !important;}&#8221;][vc_column width=&#8221;1\/3&#8243; css=&#8221;.vc_custom_1518838289700{padding-right: 10px !important;padding-left: 10px !important;}&#8221;][vc_single_image image=&#8221;4615&#8243; img_size=&#8221;500X350&#8243; alignment=&#8221;center&#8221; onclick=&#8221;custom_link&#8221; vc_none_hover_effect=&#8221;&#8221; link=&#8221;http:\/\/nicolasdescoteaux.com\/?page_id=3547&#8243;][vc_custom_heading text=&#8221;Cirque Eloize| Cirkopolis&#8221; font_container=&#8221;tag:h3|text_align:left&#8221; use_theme_fonts=&#8221;yes&#8221; css_animation=&#8221;cms_animate wow fadeInDown&#8221; cms_custom_headding_type=&#8221;heading-line&#8221; css=&#8221;.vc_custom_1518854222336{padding-right: 10px !important;}&#8221;][\/vc_column][vc_column width=&#8221;1\/3&#8243; css=&#8221;.vc_custom_1518838304569{padding-right: 10px !important;padding-left: 10px !important;}&#8221;][vc_single_image image=&#8221;4640&#8243; img_size=&#8221;500X350&#8243; alignment=&#8221;center&#8221; onclick=&#8221;custom_link&#8221; vc_none_hover_effect=&#8221;&#8221; link=&#8221;http:\/\/nicolasdescoteaux.com\/?page_id=3549&#8243;][vc_custom_heading text=&#8221;Cirque Alfonse| Barbu&#8221; font_container=&#8221;tag:h3|text_align:left&#8221; use_theme_fonts=&#8221;yes&#8221; css_animation=&#8221;cms_animate wow fadeInDown&#8221; cms_custom_headding_type=&#8221;heading-line&#8221;][\/vc_column][vc_column width=&#8221;1\/3&#8243; css=&#8221;.vc_custom_1518838317186{padding-right: 10px !important;padding-left: 10px !important;}&#8221;][vc_single_image image=&#8221;4642&#8243; img_size=&#8221;500X350&#8243; alignment=&#8221;center&#8221; onclick=&#8221;custom_link&#8221; vc_none_hover_effect=&#8221;&#8221; link=&#8221;http:\/\/nicolasdescoteaux.com\/?page_id=3551&#8243;][vc_custom_heading text=&#8221;Cirque Alfonse|Timber!&#8221; font_container=&#8221;tag:h3|text_align:left&#8221; use_theme_fonts=&#8221;yes&#8221; css_animation=&#8221;cms_animate wow fadeInDown&#8221; cms_custom_headding_type=&#8221;heading-line&#8221;][\/vc_column][\/vc_row][vc_row row_mask_bg=&#8221;&#8221; row_arrow=&#8221;&#8221; css=&#8221;.vc_custom_1518835352659{padding-top: 50px !important;}&#8221;][vc_column width=&#8221;1\/3&#8243; css=&#8221;.vc_custom_1518838289700{padding-right: 10px !important;padding-left: 10px !important;}&#8221;][vc_single_image image=&#8221;4673&#8243; img_size=&#8221;500X350&#8243; alignment=&#8221;center&#8221; onclick=&#8221;custom_link&#8221; vc_none_hover_effect=&#8221;&#8221; link=&#8221;http:\/\/nicolasdescoteaux.com\/?page_id=3553&#8243;][vc_custom_heading text=&#8221;| Omaterra 2&#8243; font_container=&#8221;tag:h3|text_align:left&#8221; use_theme_fonts=&#8221;yes&#8221; css_animation=&#8221;cms_animate wow fadeInDown&#8221; cms_custom_headding_type=&#8221;heading-line&#8221; css=&#8221;.vc_custom_1518854071832{padding-right: 10px !important;}&#8221;][\/vc_column][vc_column width=&#8221;1\/3&#8243; css=&#8221;.vc_custom_1518838304569{padding-right: 10px !important;padding-left: 10px !important;}&#8221;][vc_single_image image=&#8221;4692&#8243; img_size=&#8221;500X350&#8243; alignment=&#8221;center&#8221; onclick=&#8221;custom_link&#8221; vc_none_hover_effect=&#8221;&#8221; link=&#8221;http:\/\/nicolasdescoteaux.com\/?page_id=3555&#8243;][vc_custom_heading text=&#8221;Cirque Eloize | ID&#8221; font_container=&#8221;tag:h3|text_align:left&#8221; use_theme_fonts=&#8221;yes&#8221; css_animation=&#8221;cms_animate wow fadeInDown&#8221; cms_custom_headding_type=&#8221;heading-line&#8221;][\/vc_column][vc_column width=&#8221;1\/3&#8243; css=&#8221;.vc_custom_1518838317186{padding-right: 10px !important;padding-left: 10px !important;}&#8221;][vc_single_image image=&#8221;4701&#8243; img_size=&#8221;500X350&#8243; alignment=&#8221;center&#8221; onclick=&#8221;custom_link&#8221; vc_none_hover_effect=&#8221;&#8221; link=&#8221;http:\/\/nicolasdescoteaux.com\/?page_id=3557&#8243;][vc_custom_heading text=&#8221;Cirque Alfonse| La brunante&#8221; font_container=&#8221;tag:h3|text_align:left&#8221; use_theme_fonts=&#8221;yes&#8221; css_animation=&#8221;cms_animate wow fadeInDown&#8221; cms_custom_headding_type=&#8221;heading-line&#8221;][\/vc_column][\/vc_row][vc_row row_mask_bg=&#8221;&#8221; row_arrow=&#8221;&#8221; css=&#8221;.vc_custom_1518835352659{padding-top: 50px !important;}&#8221;][vc_column width=&#8221;1\/3&#8243; css=&#8221;.vc_custom_1518838289700{padding-right: 10px !important;padding-left: 10px !important;}&#8221;][vc_single_image image=&#8221;4713&#8243; img_size=&#8221;500X350&#8243; alignment=&#8221;center&#8221; onclick=&#8221;custom_link&#8221; vc_none_hover_effect=&#8221;&#8221; link=&#8221;http:\/\/nicolasdescoteaux.com\/?page_id=3559&#8243;][vc_custom_heading text=&#8221;Line One | Flying Flames&#8221; font_container=&#8221;tag:h3|text_align:left&#8221; use_theme_fonts=&#8221;yes&#8221; css_animation=&#8221;cms_animate wow fadeInDown&#8221; cms_custom_headding_type=&#8221;heading-line&#8221; css=&#8221;.vc_custom_1518854361906{padding-right: 10px !important;}&#8221;][\/vc_column][vc_column width=&#8221;1\/3&#8243; css=&#8221;.vc_custom_1518838304569{padding-right: 10px !important;padding-left: 10px !important;}&#8221;][vc_single_image image=&#8221;4729&#8243; img_size=&#8221;500X350&#8243; alignment=&#8221;center&#8221; onclick=&#8221;custom_link&#8221; vc_none_hover_effect=&#8221;&#8221; link=&#8221;http:\/\/nicolasdescoteaux.com\/?page_id=3561&#8243;][vc_custom_heading text=&#8221;Cirque Eloize | Typo&#8221; font_container=&#8221;tag:h3|text_align:left&#8221; use_theme_fonts=&#8221;yes&#8221; css_animation=&#8221;cms_animate wow fadeInDown&#8221; cms_custom_headding_type=&#8221;heading-line&#8221;][\/vc_column][vc_column width=&#8221;1\/3&#8243; css=&#8221;.vc_custom_1518838317186{padding-right: 10px !important;padding-left: 10px !important;}&#8221;][vc_single_image img_size=&#8221;500X350&#8243; alignment=&#8221;center&#8221; onclick=&#8221;custom_link&#8221; vc_none_hover_effect=&#8221;&#8221; link=&#8221;http:\/\/nicolasdescoteaux.com\/?page_id=3563&#8243;][vc_custom_heading text=&#8221;45 degree | \u00c9v\u00e9nements Sp\u00e9ciaux&#8221; font_container=&#8221;tag:h3|text_align:left&#8221; use_theme_fonts=&#8221;yes&#8221; css_animation=&#8221;cms_animate wow fadeInDown&#8221; cms_custom_headding_type=&#8221;heading-line&#8221;][\/vc_column][\/vc_row]<\/p>\n<\/div>","protected":false},"excerpt":{"rendered":"<p>[vc_row row_color=&#8221;#a5a5a5&#8243; row_head_color=&#8221;#727272&#8243;][vc_column][vc_custom_heading text=&#8221;CIRQUE `{` + `}`| CIRCUS&#8221; font_container=&#8221;tag:h1|font_size:50|text_align:left&#8221; use_theme_fonts=&#8221;yes&#8221; cms_custom_headding_type=&#8221;heading-underline&#8221;][\/vc_column][\/vc_row][vc_row row_mask_bg=&#8221;&#8221; row_arrow=&#8221;&#8221; css=&#8221;.vc_custom_1518835352659{padding-top: 50px !important;}&#8221;][vc_column width=&#8221;1\/3&#8243; css=&#8221;.vc_custom_1518838289700{padding-right: 10px !important;padding-left: 10px !important;}&#8221;][vc_single_image image=&#8221;4566&#8243; img_size=&#8221;500X350&#8243; alignment=&#8221;center&#8221;<\/p>\n","protected":false},"author":1,"featured_media":0,"parent":0,"menu_order":0,"comment_status":"closed","ping_status":"closed","template":"","meta":[],"_links":{"self":[{"href":"http:\/\/nicolasdescoteaux.com\/index.php?rest_route=\/wp\/v2\/pages\/3298"}],"collection":[{"href":"http:\/\/nicolasdescoteaux.com\/index.php?rest_route=\/wp\/v2\/pages"}],"about":[{"href":"http:\/\/nicolasdescoteaux.com\/index.php?rest_route=\/wp\/v2\/types\/page"}],"author":[{"embeddable":true,"href":"http:\/\/nicolasdescoteaux.com\/index.php?rest_route=\/wp\/v2\/users\/1"}],"replies":[{"embeddable":true,"href":"http:\/\/nicolasdescoteaux.com\/index.php?rest_route=%2Fwp%2Fv2%2Fcomments&post=3298"}],"version-history":[{"count":13,"href":"http:\/\/nicolasdescoteaux.com\/index.php?rest_route=\/wp\/v2\/pages\/3298\/revisions"}],"predecessor-version":[{"id":4732,"href":"http:\/\/nicolasdescoteaux.com\/index.php?rest_route=\/wp\/v2\/pages\/3298\/revisions\/4732"}],"wp:attachment":[{"href":"http:\/\/nicolasdescoteaux.com\/index.php?rest_route=%2Fwp%2Fv2%2Fmedia&parent=3298"}],"curies":[{"name":"wp","href":"https:\/\/api.w.org\/{rel}","templated":true}]}}