{"id":3290,"date":"2018-02-17T07:14:37","date_gmt":"2018-02-17T07:14:37","guid":{"rendered":"http:\/\/nicolasdescoteaux.com\/?page_id=3290"},"modified":"2020-02-12T21:03:42","modified_gmt":"2020-02-12T21:03:42","slug":"opera","status":"publish","type":"page","link":"http:\/\/nicolasdescoteaux.com\/?page_id=3290","title":{"rendered":"&#8212;&#8212;- 2 &#8211; OP\u00c9RA &#8212;&#8212;"},"content":{"rendered":"<div class=\"wpb-content-wrapper\"><p>[vc_row row_color=&#8221;#a5a5a5&#8243; row_head_color=&#8221;#727272&#8243;][vc_column][vc_custom_heading text=&#8221;OP\u00c9RA `{` + `}`| OPERA&#8221; font_container=&#8221;tag:h1|font_size:50|text_align:left&#8221; use_theme_fonts=&#8221;yes&#8221; cms_custom_headding_type=&#8221;heading-underline&#8221;][\/vc_column][\/vc_row][vc_row row_mask_bg=&#8221;&#8221; row_arrow=&#8221;&#8221; css=&#8221;.vc_custom_1518835352659{padding-top: 50px !important;}&#8221;][vc_column width=&#8221;1\/3&#8243; css=&#8221;.vc_custom_1518838289700{padding-right: 10px !important;padding-left: 10px !important;}&#8221;][vc_single_image image=&#8221;5084&#8243; img_size=&#8221;500X262&#8243; alignment=&#8221;center&#8221; onclick=&#8221;custom_link&#8221; vc_none_hover_effect=&#8221;&#8221; link=&#8221;http:\/\/nicolasdescoteaux.com\/?page_id=5093&#8243;][vc_custom_heading text=&#8221;Faust&#8221; font_container=&#8221;tag:h3|text_align:left&#8221; use_theme_fonts=&#8221;yes&#8221; css_animation=&#8221;cms_animate wow fadeInDown&#8221; cms_custom_headding_type=&#8221;heading-line&#8221; css=&#8221;.vc_custom_1581541269666{padding-right: 10px !important;}&#8221; link=&#8221;url:http%3A%2F%2Fnicolasdescoteaux.com%2F%3Fpage_id%3D5093|title:2-%20Faust||&#8221;][\/vc_column][vc_column width=&#8221;1\/3&#8243; css=&#8221;.vc_custom_1518838304569{padding-right: 10px !important;padding-left: 10px !important;}&#8221;][vc_single_image image=&#8221;5079&#8243; img_size=&#8221;500X350&#8243; alignment=&#8221;center&#8221; onclick=&#8221;custom_link&#8221; vc_none_hover_effect=&#8221;&#8221; link=&#8221;http:\/\/nicolasdescoteaux.com\/?page_id=5087&#8243;][vc_custom_heading text=&#8221;Les Bains Macabres&#8221; font_container=&#8221;tag:h3|text_align:left&#8221; use_theme_fonts=&#8221;yes&#8221; css_animation=&#8221;cms_animate wow fadeInDown&#8221; cms_custom_headding_type=&#8221;heading-line&#8221; css=&#8221;.vc_custom_1581540311790{padding-right: 10px !important;}&#8221; link=&#8221;url:http%3A%2F%2Fnicolasdescoteaux.com%2F%3Fpage_id%3D5087|title:2-%20Bains%20Macabres||&#8221;][\/vc_column][vc_column width=&#8221;1\/3&#8243; css=&#8221;.vc_custom_1518838317186{padding-right: 10px !important;padding-left: 10px !important;}&#8221;][vc_single_image image=&#8221;5023&#8243; img_size=&#8221;500X350&#8243; alignment=&#8221;center&#8221; onclick=&#8221;custom_link&#8221; vc_none_hover_effect=&#8221;&#8221; link=&#8221;http:\/\/nicolasdescoteaux.com\/?page_id=5009&#8243;][vc_custom_heading text=&#8221;Don Giovanni&#8221; font_container=&#8221;tag:h3|text_align:left&#8221; use_theme_fonts=&#8221;yes&#8221; css_animation=&#8221;cms_animate wow fadeInDown&#8221; cms_custom_headding_type=&#8221;heading-line&#8221; link=&#8221;url:http%3A%2F%2Fnicolasdescoteaux.com%2F%3Fpage_id%3D5009|title:2-%20Don%20Giovanni||&#8221;][\/vc_column][\/vc_row][vc_row row_mask_bg=&#8221;&#8221; row_arrow=&#8221;&#8221; css=&#8221;.vc_custom_1518835352659{padding-top: 50px !important;}&#8221;][vc_column width=&#8221;1\/3&#8243; css=&#8221;.vc_custom_1518838289700{padding-right: 10px !important;padding-left: 10px !important;}&#8221;][vc_single_image image=&#8221;3614&#8243; img_size=&#8221;500X350&#8243; alignment=&#8221;center&#8221; onclick=&#8221;custom_link&#8221; vc_none_hover_effect=&#8221;&#8221; link=&#8221;http:\/\/nicolasdescoteaux.com\/?page_id=3377&#8243;][vc_custom_heading text=&#8221;Fando et Lis&#8221; font_container=&#8221;tag:h3|text_align:left&#8221; use_theme_fonts=&#8221;yes&#8221; css_animation=&#8221;cms_animate wow fadeInDown&#8221; cms_custom_headding_type=&#8221;heading-line&#8221; css=&#8221;.vc_custom_1541357046199{padding-right: 10px !important;}&#8221; link=&#8221;url:http%3A%2F%2Fnicolasdescoteaux.com%2F%3Fpage_id%3D3377|||&#8221;][\/vc_column][vc_column width=&#8221;1\/3&#8243; css=&#8221;.vc_custom_1518838304569{padding-right: 10px !important;padding-left: 10px !important;}&#8221;][vc_single_image image=&#8221;4047&#8243; img_size=&#8221;500X350&#8243; alignment=&#8221;center&#8221; onclick=&#8221;custom_link&#8221; vc_none_hover_effect=&#8221;&#8221; link=&#8221;http:\/\/nicolasdescoteaux.com\/?page_id=3205&#8243;][vc_custom_heading text=&#8221;Pell\u00e9as et M\u00e9lisande&#8221; font_container=&#8221;tag:h3|text_align:left&#8221; use_theme_fonts=&#8221;yes&#8221; css_animation=&#8221;cms_animate wow fadeInDown&#8221; cms_custom_headding_type=&#8221;heading-line&#8221; css=&#8221;.vc_custom_1541356688672{padding-right: 10px !important;}&#8221; link=&#8221;url:http%3A%2F%2Fnicolasdescoteaux.com%2F%3Fpage_id%3D3205|||&#8221;][\/vc_column][vc_column width=&#8221;1\/3&#8243; css=&#8221;.vc_custom_1518838317186{padding-right: 10px !important;padding-left: 10px !important;}&#8221;][vc_single_image image=&#8221;4050&#8243; img_size=&#8221;500X350&#8243; alignment=&#8221;center&#8221; onclick=&#8221;custom_link&#8221; vc_none_hover_effect=&#8221;&#8221; link=&#8221;http:\/\/nicolasdescoteaux.com\/?page_id=3423&#8243;][vc_custom_heading text=&#8221;Cavalleria Rusticana&#8221; font_container=&#8221;tag:h3|text_align:left&#8221; use_theme_fonts=&#8221;yes&#8221; css_animation=&#8221;cms_animate wow fadeInDown&#8221; cms_custom_headding_type=&#8221;heading-line&#8221; link=&#8221;url:%20http%3A%2F%2Fnicolasdescoteaux.com%2F%3Fpage_id%3D3423|||&#8221;][\/vc_column][\/vc_row][vc_row row_mask_bg=&#8221;&#8221; row_arrow=&#8221;&#8221; css=&#8221;.vc_custom_1518835352659{padding-top: 50px !important;}&#8221;][vc_column width=&#8221;1\/3&#8243; css=&#8221;.vc_custom_1518838289700{padding-right: 10px !important;padding-left: 10px !important;}&#8221;][vc_single_image image=&#8221;4828&#8243; img_size=&#8221;500X350&#8243; alignment=&#8221;center&#8221; onclick=&#8221;custom_link&#8221; vc_none_hover_effect=&#8221;&#8221; link=&#8221;http:\/\/nicolasdescoteaux.com\/?page_id=3418&#8243;][vc_custom_heading text=&#8221;Pagliacci&#8221; font_container=&#8221;tag:h3|text_align:left&#8221; use_theme_fonts=&#8221;yes&#8221; css_animation=&#8221;cms_animate wow fadeInDown&#8221; cms_custom_headding_type=&#8221;heading-line&#8221; link=&#8221;url:%20http%3A%2F%2Fnicolasdescoteaux.com%2F%3Fpage_id%3D3418|||&#8221;][\/vc_column][vc_column width=&#8221;1\/3&#8243; css=&#8221;.vc_custom_1518838304569{padding-right: 10px !important;padding-left: 10px !important;}&#8221;][vc_single_image image=&#8221;4165&#8243; img_size=&#8221;500X350&#8243; alignment=&#8221;center&#8221; onclick=&#8221;custom_link&#8221; vc_none_hover_effect=&#8221;&#8221; link=&#8221;http:\/\/nicolasdescoteaux.com\/?page_id=3434&#8243;][vc_custom_heading text=&#8221;Quai Ouest&#8221; font_container=&#8221;tag:h3|text_align:left&#8221; use_theme_fonts=&#8221;yes&#8221; css_animation=&#8221;cms_animate wow fadeInDown&#8221; cms_custom_headding_type=&#8221;heading-line&#8221; css=&#8221;.vc_custom_1541357097389{padding-right: 10px !important;}&#8221; link=&#8221;url:http%3A%2F%2Fnicolasdescoteaux.com%2F%3Fpage_id%3D3434|||&#8221;][\/vc_column][vc_column width=&#8221;1\/3&#8243; css=&#8221;.vc_custom_1518838317186{padding-right: 10px !important;padding-left: 10px !important;}&#8221;][vc_single_image image=&#8221;4455&#8243; img_size=&#8221;500X350&#8243; alignment=&#8221;center&#8221; onclick=&#8221;custom_link&#8221; vc_none_hover_effect=&#8221;&#8221; link=&#8221;http:\/\/nicolasdescoteaux.com\/?page_id=3439&#8243;][vc_custom_heading text=&#8221;Combattimento&#8221; font_container=&#8221;tag:h3|text_align:left&#8221; use_theme_fonts=&#8221;yes&#8221; css_animation=&#8221;cms_animate wow fadeInDown&#8221; cms_custom_headding_type=&#8221;heading-line&#8221; css=&#8221;.vc_custom_1541364140699{padding-right: 10px !important;}&#8221; link=&#8221;url:http%3A%2F%2Fnicolasdescoteaux.com%2F%3Fpage_id%3D3439|||&#8221;][\/vc_column][\/vc_row][vc_row row_mask_bg=&#8221;&#8221; row_arrow=&#8221;&#8221; css=&#8221;.vc_custom_1518835352659{padding-top: 50px !important;}&#8221;][vc_column width=&#8221;1\/3&#8243; css=&#8221;.vc_custom_1518838289700{padding-right: 10px !important;padding-left: 10px !important;}&#8221;][vc_single_image image=&#8221;4473&#8243; img_size=&#8221;500X350&#8243; alignment=&#8221;center&#8221; onclick=&#8221;custom_link&#8221; vc_none_hover_effect=&#8221;&#8221; link=&#8221;http:\/\/nicolasdescoteaux.com\/?page_id=3444&#8243;][vc_custom_heading text=&#8221;Le Nozze di Figaro&#8221; font_container=&#8221;tag:h3|text_align:left&#8221; use_theme_fonts=&#8221;yes&#8221; css_animation=&#8221;cms_animate wow fadeInDown&#8221; cms_custom_headding_type=&#8221;heading-line&#8221; link=&#8221;url:http%3A%2F%2Fnicolasdescoteaux.com%2F%3Fpage_id%3D3444|||&#8221;][\/vc_column][vc_column width=&#8221;1\/3&#8243; css=&#8221;.vc_custom_1518838304569{padding-right: 10px !important;padding-left: 10px !important;}&#8221;][vc_single_image image=&#8221;4490&#8243; img_size=&#8221;500X350&#8243; alignment=&#8221;center&#8221; onclick=&#8221;custom_link&#8221; vc_none_hover_effect=&#8221;&#8221; link=&#8221;http:\/\/nicolasdescoteaux.com\/?page_id=3449&#8243;][vc_custom_heading text=&#8221;Les dialogues des Carm\u00e9lites&#8221; font_container=&#8221;tag:h3|text_align:left&#8221; use_theme_fonts=&#8221;yes&#8221; css_animation=&#8221;cms_animate wow fadeInDown&#8221; cms_custom_headding_type=&#8221;heading-line&#8221; link=&#8221;url:http%3A%2F%2Fnicolasdescoteaux.com%2F%3Fpage_id%3D3449|||&#8221;][\/vc_column][vc_column width=&#8221;1\/3&#8243; css=&#8221;.vc_custom_1518838317186{padding-right: 10px !important;padding-left: 10px !important;}&#8221;][vc_single_image image=&#8221;4504&#8243; img_size=&#8221;500X350&#8243; alignment=&#8221;center&#8221; onclick=&#8221;custom_link&#8221; vc_none_hover_effect=&#8221;&#8221; link=&#8221;http:\/\/nicolasdescoteaux.com\/?page_id=3454&#8243;][vc_custom_heading text=&#8221;Op\u00e9ra F\u00e9\u00e9rique&#8221; font_container=&#8221;tag:h3|text_align:left&#8221; use_theme_fonts=&#8221;yes&#8221; css_animation=&#8221;cms_animate wow fadeInDown&#8221; cms_custom_headding_type=&#8221;heading-line&#8221; css=&#8221;.vc_custom_1541357804493{padding-right: 10px !important;}&#8221; link=&#8221;url:http%3A%2F%2Fnicolasdescoteaux.com%2F%3Fpage_id%3D3454|||&#8221;][\/vc_column][\/vc_row][vc_row row_mask_bg=&#8221;&#8221; row_arrow=&#8221;&#8221; css=&#8221;.vc_custom_1518835352659{padding-top: 50px !important;}&#8221;][vc_column width=&#8221;1\/3&#8243; css=&#8221;.vc_custom_1518838289700{padding-right: 10px !important;padding-left: 10px !important;}&#8221;][vc_single_image image=&#8221;4518&#8243; img_size=&#8221;500X350&#8243; alignment=&#8221;center&#8221; onclick=&#8221;custom_link&#8221; vc_none_hover_effect=&#8221;&#8221; link=&#8221;http:\/\/nicolasdescoteaux.com\/?page_id=3459&#8243;][vc_custom_heading text=&#8221;Der  Zigeurerbaron&#8221; font_container=&#8221;tag:h3|text_align:left&#8221; use_theme_fonts=&#8221;yes&#8221; css_animation=&#8221;cms_animate wow fadeInDown&#8221; cms_custom_headding_type=&#8221;heading-line&#8221; link=&#8221;url:http%3A%2F%2Fnicolasdescoteaux.com%2F%3Fpage_id%3D3459|||&#8221;][\/vc_column][vc_column width=&#8221;1\/3&#8243; css=&#8221;.vc_custom_1518838304569{padding-right: 10px !important;padding-left: 10px !important;}&#8221;][vc_single_image image=&#8221;4526&#8243; img_size=&#8221;500X350&#8243; alignment=&#8221;center&#8221; onclick=&#8221;custom_link&#8221; vc_none_hover_effect=&#8221;&#8221; link=&#8221;http:\/\/nicolasdescoteaux.com\/?page_id=3464&#8243;][vc_custom_heading text=&#8221;Giulio Cesare&#8221; font_container=&#8221;tag:h3|text_align:left&#8221; use_theme_fonts=&#8221;yes&#8221; css_animation=&#8221;cms_animate wow fadeInDown&#8221; cms_custom_headding_type=&#8221;heading-line&#8221; link=&#8221;url:http%3A%2F%2Fnicolasdescoteaux.com%2F%3Fpage_id%3D3464|||&#8221;][\/vc_column][vc_column width=&#8221;1\/3&#8243; css=&#8221;.vc_custom_1518838317186{padding-right: 10px !important;padding-left: 10px !important;}&#8221;][vc_single_image image=&#8221;4537&#8243; img_size=&#8221;500X350&#8243; alignment=&#8221;center&#8221; onclick=&#8221;custom_link&#8221; vc_none_hover_effect=&#8221;&#8221; link=&#8221;http:\/\/nicolasdescoteaux.com\/?page_id=4554&#8243;][vc_custom_heading text=&#8221;Die Fledermaus&#8221; font_container=&#8221;tag:h3|text_align:left&#8221; use_theme_fonts=&#8221;yes&#8221; css_animation=&#8221;cms_animate wow fadeInDown&#8221; cms_custom_headding_type=&#8221;heading-line&#8221; link=&#8221;url:http%3A%2F%2Fnicolasdescoteaux.com%2F%3Fpage_id%3D4554|||&#8221;][\/vc_column][\/vc_row]<\/p>\n<\/div>","protected":false},"excerpt":{"rendered":"<p>[vc_row row_color=&#8221;#a5a5a5&#8243; row_head_color=&#8221;#727272&#8243;][vc_column][vc_custom_heading text=&#8221;OP\u00c9RA `{` + `}`| OPERA&#8221; font_container=&#8221;tag:h1|font_size:50|text_align:left&#8221; use_theme_fonts=&#8221;yes&#8221; cms_custom_headding_type=&#8221;heading-underline&#8221;][\/vc_column][\/vc_row][vc_row row_mask_bg=&#8221;&#8221; row_arrow=&#8221;&#8221; css=&#8221;.vc_custom_1518835352659{padding-top: 50px !important;}&#8221;][vc_column width=&#8221;1\/3&#8243; css=&#8221;.vc_custom_1518838289700{padding-right: 10px !important;padding-left: 10px !important;}&#8221;][vc_single_image image=&#8221;5084&#8243; img_size=&#8221;500X262&#8243; alignment=&#8221;center&#8221;<\/p>\n","protected":false},"author":1,"featured_media":0,"parent":0,"menu_order":0,"comment_status":"closed","ping_status":"closed","template":"","meta":[],"_links":{"self":[{"href":"http:\/\/nicolasdescoteaux.com\/index.php?rest_route=\/wp\/v2\/pages\/3290"}],"collection":[{"href":"http:\/\/nicolasdescoteaux.com\/index.php?rest_route=\/wp\/v2\/pages"}],"about":[{"href":"http:\/\/nicolasdescoteaux.com\/index.php?rest_route=\/wp\/v2\/types\/page"}],"author":[{"embeddable":true,"href":"http:\/\/nicolasdescoteaux.com\/index.php?rest_route=\/wp\/v2\/users\/1"}],"replies":[{"embeddable":true,"href":"http:\/\/nicolasdescoteaux.com\/index.php?rest_route=%2Fwp%2Fv2%2Fcomments&post=3290"}],"version-history":[{"count":32,"href":"http:\/\/nicolasdescoteaux.com\/index.php?rest_route=\/wp\/v2\/pages\/3290\/revisions"}],"predecessor-version":[{"id":5096,"href":"http:\/\/nicolasdescoteaux.com\/index.php?rest_route=\/wp\/v2\/pages\/3290\/revisions\/5096"}],"wp:attachment":[{"href":"http:\/\/nicolasdescoteaux.com\/index.php?rest_route=%2Fwp%2Fv2%2Fmedia&parent=3290"}],"curies":[{"name":"wp","href":"https:\/\/api.w.org\/{rel}","templated":true}]}}