{"id":2703,"date":"2015-09-07T14:47:50","date_gmt":"2015-09-07T07:47:50","guid":{"rendered":"http:\/\/demo.cmssuperheroes.com\/themeforest\/wp-haswell\/?page_id=2703"},"modified":"2020-02-12T21:24:52","modified_gmt":"2020-02-12T21:24:52","slug":"header-black-transparent","status":"publish","type":"page","link":"http:\/\/nicolasdescoteaux.com\/","title":{"rendered":"&#8212; HOME Page Nicko &#8212;"},"content":{"rendered":"<div class=\"wpb-content-wrapper\"><p>[vc_row full_width=&#8221;1&#8243; full_height=&#8221;yes&#8221; el_class=&#8221;relative&#8221;][vc_column][rev_slider_vc alias=&#8221;Corporate1&#8243;][vc_raw_html el_class=&#8221;cms-slider-arrow-in-home&#8221;]JTNDZGl2JTIwY2xhc3MlM0QlMjJhcnJvdy1pbi1ob21lJTIyJTNFJTNDZGl2JTIwY2xhc3MlM0QlMjJhcnJvdy1pbi1ob21lLWlubmVyJTIyJTNFJTNDYSUyMGhyZWYlM0QlMjIlMjNhYm91dCUyMiUzRSUzQ2klMjBjbGFzcyUzRCUyMmljb24lMjBpY29uLWFycm93cy1kb3duJTIyJTIwc3R5bGUlM0QlMjJjb2xvciUzQSUyMzRiNGU1MyUyMiUzRSUzQyUyRmklM0UlM0MlMkZhJTNFJTNDJTJGZGl2JTNFJTNDJTJGZGl2JTNF[\/vc_raw_html][\/vc_column][\/vc_row][vc_row css=&#8221;.vc_custom_1440940627847{padding-top: 110px !important;padding-bottom: 30px !important;}&#8221;][vc_column][cms_latest_news latest_title=&#8221;DERNI\u00c8RES|NOUVELLES&#8221; categories_name=&#8221;En Salle&#8221; cms_viewall=&#8221;true&#8221; blog_link=&#8221;#&#8221; cms_template=&#8221;cms_latest_news&#8211;layout-columns.php&#8221; cms_viewall_text=&#8221;PLUS DE NOUVELLES&#8221;][\/vc_column][\/vc_row][vc_row row_color=&#8221;#dbdbdb&#8221; row_head_color=&#8221;#dbdbdb&#8221; row_mask_bg=&#8221;&#8221; row_arrow=&#8221;&#8221; css=&#8221;.vc_custom_1554986587482{padding-top: 40px !important;padding-bottom: 40px !important;background-color: #dddddd !important;}&#8221;][vc_column][vc_custom_heading text=&#8221;DERNI\u00c8RES |CR\u00c9ATIONS&#8221; font_container=&#8221;tag:h2|font_size:30px|text_align:left|color:%234b4e53|line_height:36px&#8221; google_fonts=&#8221;font_family:Open%20Sans%3A300%2C300italic%2Cregular%2Citalic%2C600%2C600italic%2C700%2C700italic%2C800%2C800italic|font_style:300%20light%20regular%3A300%3Anormal&#8221; css_animation=&#8221;cms_animate fadeIn wow&#8221; cms_custom_headding_type=&#8221;heading-inline-borderleft-textbold heading-borderleft-textbold&#8221;][\/vc_column][\/vc_row][vc_row css=&#8221;.vc_custom_1441076364129{border-top-width: 1px !important;background-color: #ffffff !important;border-top-color: #eeeeee !important;border-top-style: solid !important;}&#8221;][vc_column width=&#8221;1\/2&#8243; el_class=&#8221;left-50&#8243;][vc_row_inner el_class=&#8221;fes2-main-text-cont&#8221;][vc_column_inner][vc_custom_heading text=&#8221;LES BAINS|MACABRES&#8221; font_container=&#8221;tag:h3|font_size:45px|text_align:left|color:%234b4e53|line_height:60px&#8221; google_fonts=&#8221;font_family:Open%20Sans%3A300%2C300italic%2Cregular%2Citalic%2C600%2C600italic%2C700%2C700italic%2C800%2C800italic|font_style:300%20light%20regular%3A300%3Anormal&#8221; css_animation=&#8221;cms_animate wow fadeInDown&#8221; cms_custom_headding_type=&#8221;heading-underline-textbold&#8221; css=&#8221;.vc_custom_1581541837465{margin-bottom: 40px !important;}&#8221;][vc_column_text]TH\u00c9\u00c2TRE IMP\u00c9RIAL DE COMPI\u00c8GNE<\/p>\n<p><em>TH\u00c9\u00c2TRE DE L&#8217;ATH\u00c9N\u00c9E &#8211; PARIS\u00a0<\/em><\/p>\n<div class=\"vc_row wpb_row vc_row-fluid\">\n<div class=\"wpb_column vc_column_container vc_col-sm-12\">\n<div class=\"vc_column-inner \">\n<div class=\"wpb_wrapper\">\n<div class=\"wpb_text_column wpb_content_element \">\n<div class=\"wpb_wrapper\">\n<p>&nbsp;<\/p>\n<div class=\"page\" title=\"Page 1\">\n<div class=\"section\">\n<div class=\"layoutArea\">\n<div class=\"column\"><\/div>\n<\/div>\n<\/div>\n<\/div>\n<div class=\"page\" title=\"Page 2\">\n<div class=\"section\">\n<div class=\"layoutArea\">\n<div class=\"column\">\n<p>&nbsp;<\/p>\n<\/div>\n<\/div>\n<\/div>\n<\/div>\n<\/div>\n<\/div>\n<\/div>\n<\/div>\n<\/div>\n<\/div>\n<p>[\/vc_column_text][vc_btn title=&#8221;VOIR PLUS&#8221; style=&#8221;cms-border&#8221; color=&#8221;gray-light&#8221; set_dark_bg_hover=&#8221;true&#8221; el_class=&#8221;cms-grey-light&#8221; link=&#8221;url:http%3A%2F%2Fnicolasdescoteaux.com%2F%3Fpage_id%3D5087|title:2-%20Bains%20Macabres||&#8221;][\/vc_column_inner][\/vc_row_inner][\/vc_column][vc_column width=&#8221;1\/2&#8243; el_class=&#8221;right-50&#8243; css=&#8221;.vc_custom_1441042014171{padding-top: 50px !important;padding-bottom: 45px !important;}&#8221;][vc_single_image image=&#8221;5074&#8243; img_size=&#8221;555 \u00d7 447&#8243; alignment=&#8221;center&#8221; onclick=&#8221;custom_link&#8221; vc_none_hover_effect=&#8221;&#8221; css=&#8221;.vc_custom_1581542030670{background-position: center !important;background-repeat: no-repeat !important;background-size: contain !important;}&#8221; link=&#8221;http:\/\/nicolasdescoteaux.com\/?page_id=5087&#8243;][\/vc_column][\/vc_row][vc_row css=&#8221;.vc_custom_1440660096114{border-top-width: 1px !important;padding-top: 50px !important;padding-bottom: 45px !important;border-top-color: #eeeeee !important;border-top-style: solid !important;}&#8221;][vc_column width=&#8221;1\/2&#8243;][vc_row_inner el_class=&#8221;fes2-main-text-cont&#8221;][vc_column_inner][vc_custom_heading text=&#8221;DON GIOVANNI|Op\u00e9ra National du Rhin&#8221; font_container=&#8221;tag:h3|font_size:45px|text_align:left|color:%234b4e53|line_height:60px&#8221; google_fonts=&#8221;font_family:Open%20Sans%3A300%2C300italic%2Cregular%2Citalic%2C600%2C600italic%2C700%2C700italic%2C800%2C800italic|font_style:300%20light%20regular%3A300%3Anormal&#8221; css_animation=&#8221;cms_animate wow fadeInDown&#8221; cms_custom_headding_type=&#8221;heading-underline-textbold&#8221; css=&#8221;.vc_custom_1562947069579{margin-bottom: 40px !important;}&#8221;][vc_column_text]<\/p>\n<h1><em>La d\u00e9bauche des sens.\u00a0<\/em><\/h1>\n<p><strong>ForumOp\u00e9ra.com<\/strong><\/p>\n<p>&nbsp;<\/p>\n<div class=\"page\" title=\"Page 9\">\n<div class=\"layoutArea\">\n<div class=\"column\">\n<p>\u201c<em>En abolissant les fronti\u00e8res entre sc\u00e8ne et public, entre th\u00e9\u00e2tre et r\u00e9alit\u00e9, Marie-\u00c8ve Signeyrole signe un spectacle op\u00e9ratique coup de poing d\u2019un nouveau genre.<\/em>\u201d<\/p>\n<p>Michel THOM\u00c9, <strong>ResMusica.com<\/strong><\/div>\n<\/div>\n<\/div>\n<p>[\/vc_column_text][vc_btn title=&#8221;VOIR PLUS&#8221; style=&#8221;cms-border&#8221; color=&#8221;gray-light&#8221; set_dark_bg_hover=&#8221;true&#8221; el_class=&#8221;cms-grey-light&#8221; link=&#8221;url:http%3A%2F%2Fnicolasdescoteaux.com%2F%3Fpage_id%3D5009|title:2-%20Don%20Giovanni||&#8221;][\/vc_column_inner][\/vc_row_inner][\/vc_column][vc_column width=&#8221;1\/2&#8243; css=&#8221;.vc_custom_1441042214570{padding-top: 50px !important;padding-bottom: 45px !important;}&#8221;][vc_single_image image=&#8221;5031&#8243; img_size=&#8221;555 \u00d7 447&#8243; alignment=&#8221;center&#8221; onclick=&#8221;custom_link&#8221; vc_none_hover_effect=&#8221;&#8221; link=&#8221;http:\/\/nicolasdescoteaux.com\/?page_id=5009&#8243;][\/vc_column][\/vc_row][vc_row css=&#8221;.vc_custom_1441076364129{border-top-width: 1px !important;background-color: #ffffff !important;border-top-color: #eeeeee !important;border-top-style: solid !important;}&#8221;][vc_column width=&#8221;1\/2&#8243; el_class=&#8221;left-50&#8243;][vc_row_inner el_class=&#8221;fes2-main-text-cont&#8221;][vc_column_inner][vc_custom_heading text=&#8221;BRITANNICUS|RACINE&#8221; font_container=&#8221;tag:h3|font_size:45px|text_align:left|color:%234b4e53|line_height:60px&#8221; google_fonts=&#8221;font_family:Open%20Sans%3A300%2C300italic%2Cregular%2Citalic%2C600%2C600italic%2C700%2C700italic%2C800%2C800italic|font_style:300%20light%20regular%3A300%3Anormal&#8221; css_animation=&#8221;cms_animate wow fadeInDown&#8221; cms_custom_headding_type=&#8221;heading-underline-textbold&#8221; css=&#8221;.vc_custom_1555470097831{margin-bottom: 40px !important;}&#8221;][vc_column_text]TH\u00c9\u00c2TRE DU NOUVEAU MONDE<em>\u00a0<\/em><\/p>\n<div class=\"vc_row wpb_row vc_row-fluid\">\n<div class=\"wpb_column vc_column_container vc_col-sm-12\">\n<div class=\"vc_column-inner \">\n<div class=\"wpb_wrapper\">\n<div class=\"wpb_text_column wpb_content_element \">\n<div class=\"wpb_wrapper\">\n<p>&nbsp;<\/p>\n<div class=\"page\" title=\"Page 1\">\n<div class=\"section\">\n<div class=\"layoutArea\">\n<div class=\"column\">\n<p>&#8220;&#8230; la mise en sc\u00e8ne magistrale de Florent Siaud assure une (in)temporalit\u00e9 soumise aux caprices des Dieux et des Humains.\u201d<\/p><\/div>\n<\/div>\n<\/div>\n<\/div>\n<p>Elie Castiel, <strong>Revue\u00a0<\/strong><a href=\"https:\/\/www.revuesequences.org\/?s=britannicus&amp;soumettreRecherche=\"><strong>Sequences<\/strong><\/a><\/p>\n<p>&nbsp;<\/p>\n<p><strong>&#8220;Une couronne de laurier pour Florent Siaud&#8221;<\/strong><\/p>\n<div class=\"page\" title=\"Page 2\">\n<div class=\"section\">\n<div class=\"layoutArea\">\n<div class=\"column\">\n<p><em>&#8220;Florent Siaud, (&#8230;) a su rendre ce chef- d\u2019\u0153uvre du th\u00e9\u00e2tre classique avec toute la justesse, l\u2019\u00e9motion et la pr\u00e9cision qui lui \u00e9taient dues.&#8221;<\/em><\/p>\n<p>Catherine Gervais, <strong>Eklectik Media<\/strong><\/div>\n<\/div>\n<\/div>\n<\/div>\n<\/div>\n<\/div>\n<\/div>\n<\/div>\n<\/div>\n<\/div>\n<p>[\/vc_column_text][vc_btn title=&#8221;VOIR PLUS&#8221; style=&#8221;cms-border&#8221; color=&#8221;gray-light&#8221; set_dark_bg_hover=&#8221;true&#8221; el_class=&#8221;cms-grey-light&#8221; link=&#8221;url:http%3A%2F%2Fnicolasdescoteaux.com%2F%3Fpage_id%3D4798|||&#8221;][\/vc_column_inner][\/vc_row_inner][\/vc_column][vc_column width=&#8221;1\/2&#8243; el_class=&#8221;right-50&#8243; css=&#8221;.vc_custom_1441042014171{padding-top: 50px !important;padding-bottom: 45px !important;}&#8221;][vc_single_image image=&#8221;4841&#8243; img_size=&#8221;555 \u00d7 447&#8243; alignment=&#8221;center&#8221; onclick=&#8221;custom_link&#8221; vc_none_hover_effect=&#8221;&#8221; css=&#8221;.vc_custom_1562946745619{background-position: center !important;background-repeat: no-repeat !important;background-size: contain !important;}&#8221; link=&#8221;http:\/\/nicolasdescoteaux.com\/?page_id=4798&#8243;][\/vc_column][\/vc_row][vc_row row_mask_bg=&#8221;&#8221; row_arrow=&#8221;&#8221; css=&#8221;.vc_custom_1554986512085{padding-top: 0px !important;padding-bottom: 0px !important;background-color: #dddddd !important;}&#8221;][vc_column css=&#8221;.vc_custom_1554986554589{padding-top: 40px !important;padding-bottom: 40px !important;}&#8221;][vc_custom_heading text=&#8221;PROCHAINES|CR\u00c9ATIONS&#8221; font_container=&#8221;tag:h2|font_size:30px|text_align:left|color:%234b4e53|line_height:36px&#8221; google_fonts=&#8221;font_family:Open%20Sans%3A300%2C300italic%2Cregular%2Citalic%2C600%2C600italic%2C700%2C700italic%2C800%2C800italic|font_style:300%20light%20regular%3A300%3Anormal&#8221; css_animation=&#8221;cms_animate fadeIn wow&#8221; cms_custom_headding_type=&#8221;heading-inline-borderleft-textbold heading-borderleft-textbold&#8221;][\/vc_column][\/vc_row][vc_row css=&#8221;.vc_custom_1440660096114{border-top-width: 1px !important;padding-top: 50px !important;padding-bottom: 45px !important;border-top-color: #eeeeee !important;border-top-style: solid !important;}&#8221;][vc_column width=&#8221;1\/2&#8243;][vc_row_inner el_class=&#8221;fes2-main-text-cont&#8221;][vc_column_inner][vc_custom_heading text=&#8221;SEULEMENT TOI|ANNE PLAMONDON&#8221; font_container=&#8221;tag:h3|font_size:45px|text_align:left|color:%234b4e53|line_height:60px&#8221; google_fonts=&#8221;font_family:Open%20Sans%3A300%2C300italic%2Cregular%2Citalic%2C600%2C600italic%2C700%2C700italic%2C800%2C800italic|font_style:300%20light%20regular%3A300%3Anormal&#8221; css_animation=&#8221;cms_animate wow fadeInDown&#8221; cms_custom_headding_type=&#8221;heading-underline-textbold&#8221; css=&#8221;.vc_custom_1581542605733{margin-bottom: 40px !important;}&#8221;][vc_column_text]<\/p>\n<div class=\"page\" title=\"Page 1\">\n<div class=\"section\">\n<div class=\"layoutArea\">\n<div class=\"column\">\n<div class=\"page\" title=\"Page 30\">\n<div class=\"section\">\n<div class=\"layoutArea\">\n<div class=\"column\">\n<h4>PLACE DES ARTS<\/h4>\n<div id=\"cc-m-13497387689\" class=\"j-module n j-text \">\n<p>Pour la cr\u00e9ation de <strong><em>Seulement toi<\/em><\/strong>, o\u00f9 elle condense toutes ses exp\u00e9riences artistiques, Anne Plamondon a sond\u00e9 ses souvenirs \u00e0 la d\u00e9couverte des facettes contrast\u00e9es de l\u2019amour. Avec la complicit\u00e9 du danseur am\u00e9ricain James Gregg, elle esquisse dans le mouvement et les corps ce sentiment complexe et universel, sollicitant avec virtuosit\u00e9 les vocabulaires classique et contemporain. Qu\u2019il soit euphorisant, passionnel, filial ou joueur, inconditionnel, charnel, maternel, obsessif ou douloureux, l\u2019amour prodigu\u00e9 avec gr\u00e2ce par Anne Plamondon illumine la sc\u00e8ne.<\/p>\n<\/div>\n<div id=\"cc-m-13497387789\" class=\"j-module n j-spacing \">\n<div class=\"cc-m-spacing-wrapper\"><\/div>\n<\/div>\n<\/div>\n<\/div>\n<\/div>\n<\/div>\n<\/div>\n<\/div>\n<\/div>\n<\/div>\n<p>[\/vc_column_text][\/vc_column_inner][\/vc_row_inner][\/vc_column][vc_column width=&#8221;1\/2&#8243; css=&#8221;.vc_custom_1441042214570{padding-top: 50px !important;padding-bottom: 45px !important;}&#8221;][vc_single_image image=&#8221;5099&#8243; img_size=&#8221;550\u00d7 700&#8243; alignment=&#8221;center&#8221; onclick=&#8221;custom_link&#8221; vc_none_hover_effect=&#8221;&#8221;][\/vc_column][\/vc_row][vc_row css=&#8221;.vc_custom_1440660096114{border-top-width: 1px !important;padding-top: 50px !important;padding-bottom: 45px !important;border-top-color: #eeeeee !important;border-top-style: solid !important;}&#8221;][vc_column width=&#8221;1\/2&#8243;][vc_row_inner el_class=&#8221;fes2-main-text-cont&#8221;][vc_column_inner][vc_custom_heading text=&#8221;PACIFIC PALISADES|TH\u00c9\u00c2TRE D&#8217;AUJOURD&#8217;HUI&#8221; font_container=&#8221;tag:h3|font_size:45px|text_align:left|color:%234b4e53|line_height:60px&#8221; google_fonts=&#8221;font_family:Open%20Sans%3A300%2C300italic%2Cregular%2Citalic%2C600%2C600italic%2C700%2C700italic%2C800%2C800italic|font_style:300%20light%20regular%3A300%3Anormal&#8221; css_animation=&#8221;cms_animate wow fadeInDown&#8221; cms_custom_headding_type=&#8221;heading-underline-textbold&#8221; css=&#8221;.vc_custom_1562949705172{margin-bottom: 40px !important;}&#8221;][vc_column_text]<\/p>\n<div class=\"page\" title=\"Page 1\">\n<div class=\"section\">\n<div class=\"layoutArea\">\n<div class=\"column\">\n<div class=\"page\" title=\"Page 30\">\n<div class=\"section\">\n<div class=\"layoutArea\">\n<div class=\"column\">\n<p>Road trip, th\u00e9\u00e2tre documentaire, roman noir&#8230; Pacific Palisades, du nom d\u2019un quartier de Los Angeles, est un peu tout \u00e7a \u00e0 la fois ! Une fable moderne et fascinante o\u00f9 hommes et femmes s\u2019inventent des vies pour mieux affronter leur existence.<\/p><\/div>\n<div class=\"page\" title=\"Page 46\">\n<div class=\"section\">\n<div class=\"layoutArea\">\n<div class=\"column\">\n<p>&nbsp;<\/p>\n<p>L&#8217;auteur Guillaume Corbeil mais aussi personnage principal de la pi\u00e8ce et le metteur en sc\u00e8ne Florent Siaud joue avec les codes du th\u00e9\u00e2tre documentaire et du thriller pour interroger avec force les pouvoirs de la fiction face au r\u00e9el !<\/p><\/div>\n<\/div>\n<\/div>\n<\/div>\n<\/div>\n<\/div>\n<\/div>\n<\/div>\n<\/div>\n<\/div>\n<\/div>\n<p>[\/vc_column_text][\/vc_column_inner][\/vc_row_inner][\/vc_column][vc_column width=&#8221;1\/2&#8243; css=&#8221;.vc_custom_1441042214570{padding-top: 50px !important;padding-bottom: 45px !important;}&#8221;][vc_single_image image=&#8221;5004&#8243; img_size=&#8221;550\u00d7 700&#8243; alignment=&#8221;center&#8221; onclick=&#8221;custom_link&#8221; vc_none_hover_effect=&#8221;&#8221;][\/vc_column][\/vc_row]<\/p>\n<\/div>","protected":false},"excerpt":{"rendered":"<p>[vc_row full_width=&#8221;1&#8243; full_height=&#8221;yes&#8221; el_class=&#8221;relative&#8221;][vc_column][rev_slider_vc alias=&#8221;Corporate1&#8243;][vc_raw_html el_class=&#8221;cms-slider-arrow-in-home&#8221;]JTNDZGl2JTIwY2xhc3MlM0QlMjJhcnJvdy1pbi1ob21lJTIyJTNFJTNDZGl2JTIwY2xhc3MlM0QlMjJhcnJvdy1pbi1ob21lLWlubmVyJTIyJTNFJTNDYSUyMGhyZWYlM0QlMjIlMjNhYm91dCUyMiUzRSUzQ2klMjBjbGFzcyUzRCUyMmljb24lMjBpY29uLWFycm93cy1kb3duJTIyJTIwc3R5bGUlM0QlMjJjb2xvciUzQSUyMzRiNGU1MyUyMiUzRSUzQyUyRmklM0UlM0MlMkZhJTNFJTNDJTJGZGl2JTNFJTNDJTJGZGl2JTNF[\/vc_raw_html][\/vc_column][\/vc_row][vc_row css=&#8221;.vc_custom_1440940627847{padding-top: 110px !important;padding-bottom: 30px !important;}&#8221;][vc_column][cms_latest_news latest_title=&#8221;DERNI\u00c8RES|NOUVELLES&#8221; categories_name=&#8221;En Salle&#8221; cms_viewall=&#8221;true&#8221; blog_link=&#8221;#&#8221; cms_template=&#8221;cms_latest_news&#8211;layout-columns.php&#8221; cms_viewall_text=&#8221;PLUS DE NOUVELLES&#8221;][\/vc_column][\/vc_row][vc_row row_color=&#8221;#dbdbdb&#8221; row_head_color=&#8221;#dbdbdb&#8221; row_mask_bg=&#8221;&#8221; row_arrow=&#8221;&#8221; css=&#8221;.vc_custom_1554986587482{padding-top:<\/p>\n","protected":false},"author":1,"featured_media":0,"parent":0,"menu_order":0,"comment_status":"closed","ping_status":"closed","template":"","meta":[],"_links":{"self":[{"href":"http:\/\/nicolasdescoteaux.com\/index.php?rest_route=\/wp\/v2\/pages\/2703"}],"collection":[{"href":"http:\/\/nicolasdescoteaux.com\/index.php?rest_route=\/wp\/v2\/pages"}],"about":[{"href":"http:\/\/nicolasdescoteaux.com\/index.php?rest_route=\/wp\/v2\/types\/page"}],"author":[{"embeddable":true,"href":"http:\/\/nicolasdescoteaux.com\/index.php?rest_route=\/wp\/v2\/users\/1"}],"replies":[{"embeddable":true,"href":"http:\/\/nicolasdescoteaux.com\/index.php?rest_route=%2Fwp%2Fv2%2Fcomments&post=2703"}],"version-history":[{"count":71,"href":"http:\/\/nicolasdescoteaux.com\/index.php?rest_route=\/wp\/v2\/pages\/2703\/revisions"}],"predecessor-version":[{"id":5100,"href":"http:\/\/nicolasdescoteaux.com\/index.php?rest_route=\/wp\/v2\/pages\/2703\/revisions\/5100"}],"wp:attachment":[{"href":"http:\/\/nicolasdescoteaux.com\/index.php?rest_route=%2Fwp%2Fv2%2Fmedia&parent=2703"}],"curies":[{"name":"wp","href":"https:\/\/api.w.org\/{rel}","templated":true}]}}